{"id":1316,"date":"2020-05-14T08:45:30","date_gmt":"2020-05-14T08:45:30","guid":{"rendered":"https:\/\/benjaminescalonilla.info\/LaDeliciaDeLosJardines\/?page_id=1316"},"modified":"2020-05-15T14:30:29","modified_gmt":"2020-05-15T14:30:29","slug":"micromecenas","status":"publish","type":"page","link":"https:\/\/benjaminescalonilla.info\/LaDeliciaDeLosJardines\/micromecenas\/","title":{"rendered":"Donantes \/ MicroMecenas"},"content":{"rendered":"\n<p class=\"has-text-align-right\"><em>y no tan micro.<\/em><\/p>\n\n\n\n<p>Desde esta p\u00e1gina quiero agradecer a los lectores que han apoyado la obra despu\u00e9s de leerla. <\/p>\n\n\n\n<div class=\"wp-block-columns is-layout-flex wp-container-core-columns-is-layout-9d6595d7 wp-block-columns-is-layout-flex\">\n<div class=\"wp-block-column is-layout-flow wp-block-column-is-layout-flow\">\n<ul class=\"wp-block-list\"><li>Virginia Kn\u00f6rr<\/li><li>Luis L\u00f3pez-Qui\u00f1ones<\/li><li>Francisco Arribas<\/li><li>Carmen Garc\u00eda Carreras<\/li><\/ul>\n<\/div>\n\n\n\n<div class=\"wp-block-column is-layout-flow wp-block-column-is-layout-flow\"><\/div>\n<\/div>\n\n\n\n<figure class=\"wp-block-image alignwide size-full\"><img loading=\"lazy\" decoding=\"async\" width=\"1800\" height=\"1711\" src=\"https:\/\/benjaminescalonilla.info\/LaDeliciaDeLosJardines\/wp-content\/uploads\/2020\/05\/gracias-a-los-mecenas-estructura.png\" alt=\"\" class=\"wp-image-1317\" srcset=\"https:\/\/benjaminescalonilla.info\/LaDeliciaDeLosJardines\/wp-content\/uploads\/2020\/05\/gracias-a-los-mecenas-estructura.png 1800w, https:\/\/benjaminescalonilla.info\/LaDeliciaDeLosJardines\/wp-content\/uploads\/2020\/05\/gracias-a-los-mecenas-estructura-300x285.png 300w, https:\/\/benjaminescalonilla.info\/LaDeliciaDeLosJardines\/wp-content\/uploads\/2020\/05\/gracias-a-los-mecenas-estructura-1024x973.png 1024w, https:\/\/benjaminescalonilla.info\/LaDeliciaDeLosJardines\/wp-content\/uploads\/2020\/05\/gracias-a-los-mecenas-estructura-768x730.png 768w, https:\/\/benjaminescalonilla.info\/LaDeliciaDeLosJardines\/wp-content\/uploads\/2020\/05\/gracias-a-los-mecenas-estructura-1536x1460.png 1536w, https:\/\/benjaminescalonilla.info\/LaDeliciaDeLosJardines\/wp-content\/uploads\/2020\/05\/gracias-a-los-mecenas-estructura-1200x1141.png 1200w\" sizes=\"auto, (max-width: 1800px) 100vw, 1800px\" \/><figcaption><em>Gracias<\/em><\/figcaption><\/figure>\n","protected":false},"excerpt":{"rendered":"<p>y no tan micro. Desde esta p\u00e1gina quiero agradecer a los lectores que han apoyado la obra despu\u00e9s de leerla. Virginia Kn\u00f6rr Luis L\u00f3pez-Qui\u00f1ones Francisco Arribas Carmen Garc\u00eda Carreras<\/p>\n","protected":false},"author":1,"featured_media":0,"parent":0,"menu_order":0,"comment_status":"closed","ping_status":"closed","template":"","meta":{"footnotes":""},"class_list":["post-1316","page","type-page","status-publish","hentry"],"_links":{"self":[{"href":"https:\/\/benjaminescalonilla.info\/LaDeliciaDeLosJardines\/wp-json\/wp\/v2\/pages\/1316","targetHints":{"allow":["GET"]}}],"collection":[{"href":"https:\/\/benjaminescalonilla.info\/LaDeliciaDeLosJardines\/wp-json\/wp\/v2\/pages"}],"about":[{"href":"https:\/\/benjaminescalonilla.info\/LaDeliciaDeLosJardines\/wp-json\/wp\/v2\/types\/page"}],"author":[{"embeddable":true,"href":"https:\/\/benjaminescalonilla.info\/LaDeliciaDeLosJardines\/wp-json\/wp\/v2\/users\/1"}],"replies":[{"embeddable":true,"href":"https:\/\/benjaminescalonilla.info\/LaDeliciaDeLosJardines\/wp-json\/wp\/v2\/comments?post=1316"}],"version-history":[{"count":4,"href":"https:\/\/benjaminescalonilla.info\/LaDeliciaDeLosJardines\/wp-json\/wp\/v2\/pages\/1316\/revisions"}],"predecessor-version":[{"id":1338,"href":"https:\/\/benjaminescalonilla.info\/LaDeliciaDeLosJardines\/wp-json\/wp\/v2\/pages\/1316\/revisions\/1338"}],"wp:attachment":[{"href":"https:\/\/benjaminescalonilla.info\/LaDeliciaDeLosJardines\/wp-json\/wp\/v2\/media?parent=1316"}],"curies":[{"name":"wp","href":"https:\/\/api.w.org\/{rel}","templated":true}]}}