{"id":359,"date":"2020-04-24T14:58:18","date_gmt":"2020-04-24T14:58:18","guid":{"rendered":"https:\/\/benjaminescalonilla.info\/LaDeliciaDeLosJardines\/?page_id=359"},"modified":"2021-05-08T10:00:15","modified_gmt":"2021-05-08T10:00:15","slug":"mi-fracaso","status":"publish","type":"page","link":"https:\/\/benjaminescalonilla.info\/LaDeliciaDeLosJardines\/mi-fracaso\/","title":{"rendered":"Mi fracaso"},"content":{"rendered":"\n<p class=\"has-text-align-center\">&#8211; Cap\u00edtulo 08 \/ 21 &#8211;<br>&lt; <a href=\"https:\/\/benjaminescalonilla.info\/LaDeliciaDeLosJardines\/chica-rubia\/\">cap\u00edtulo 07<\/a> | <a href=\"https:\/\/benjaminescalonilla.info\/LaDeliciaDeLosJardines\/los-petalos-de-la-inmortalidad\/\">cap\u00edtulo 09<\/a> &gt;<\/p>\n\n\n\n<p class=\"has-drop-cap\">Cuando por fin logro \u2014hombre paloma\u2014 elevarme por encima de ella y de las diminutas-bestias-inmundas salidas de la gruta, aprovechando las corrientes de aire caliente alimentadas por el vaho de las org\u00edas; cuando por fin lo consigo, me enfrento al fracaso de ser incapaz de impulsarme, tan solo planear; trato de alcanzar una atalaya, cagar sobre ella manchurrones blancos, pero no llego; desde lo alto observo a las diminutas bestias negras \u2014\u00bfaquel de all\u00ed lleva mi gabardina?\u2014 que me siguen y persiguen, sin apartar la vista de mi corbata y mi camiseta de Mickey Mouse; al que le gritan obscenidades por tanta curvatura y tanto brillo y rechonchez, devorando su recuerdo, el de Mickey, al que se anticiparon unos cuantos siglos (1500 &#8211; 1928); y a m\u00ed eso me hace enfrentar el fracaso: soy consciente de que no podr\u00e9 sostenerme mucho m\u00e1s en el aire,<\/p>\n\n\n\n<p>se me cae el l\u00e1piz.<\/p>\n\n\n\n<figure class=\"wp-block-image alignwide size-full\"><img loading=\"lazy\" decoding=\"async\" width=\"1350\" height=\"601\" src=\"https:\/\/benjaminescalonilla.info\/LaDeliciaDeLosJardines\/wp-content\/uploads\/2020\/04\/CAP_08.png\" alt=\"cap\u00edtulo 8 de la delicia de los jardines\" class=\"wp-image-364\" srcset=\"https:\/\/benjaminescalonilla.info\/LaDeliciaDeLosJardines\/wp-content\/uploads\/2020\/04\/CAP_08.png 1350w, https:\/\/benjaminescalonilla.info\/LaDeliciaDeLosJardines\/wp-content\/uploads\/2020\/04\/CAP_08-300x134.png 300w, https:\/\/benjaminescalonilla.info\/LaDeliciaDeLosJardines\/wp-content\/uploads\/2020\/04\/CAP_08-1024x456.png 1024w, https:\/\/benjaminescalonilla.info\/LaDeliciaDeLosJardines\/wp-content\/uploads\/2020\/04\/CAP_08-768x342.png 768w, https:\/\/benjaminescalonilla.info\/LaDeliciaDeLosJardines\/wp-content\/uploads\/2020\/04\/CAP_08-1200x534.png 1200w\" sizes=\"auto, (max-width: 1350px) 100vw, 1350px\" \/><\/figure>\n\n\n\n<div class=\"wp-block-group alignfull has-background\" style=\"background-color:#ffffff\"><div class=\"wp-block-group__inner-container is-layout-flow wp-block-group-is-layout-flow\">\n<p class=\"has-drop-cap\">Desciendo y desciendo irremisiblemente, las bestias brincan y alcanzan una pierna, luego la otra, saltan sobre mi espalda\u2026 La sangre los salpica; se vician y se ba\u00f1an en ella, hachazos y mordiscos, sus lenguas festejan su ansiado triunfo \u2014\u00bfes un triunfo?\u2014 y entre risas devoran mis alas jubilosamente, uno de ellos huye a la carrera con mi corbata y el resto se para a observarle: corre y corre, su min\u00fascula melena al aire ondeando junto a la corbata, astill\u00e1ndosele las pezu\u00f1as contra las rocas. Sosegados por el espect\u00e1culo, los trasgos y bichejos se van retirando a su refugio en pos de la humedad de su gruta-de-entrada-gacha, dej\u00e1ndome sin alas en mi fracaso.<\/p>\n<\/div><\/div>\n\n\n\n<div class=\"wp-block-button\"><a class=\"wp-block-button__link\" href=\"https:\/\/benjaminescalonilla.info\/LaDeliciaDeLosJardines\/los-petalos-de-la-inmortalidad\/\">CAP\u00cdTULO 09<\/a><\/div>\n","protected":false},"excerpt":{"rendered":"<p>&#8211; Cap\u00edtulo 08 \/ 21 &#8211;&lt; cap\u00edtulo 07 | cap\u00edtulo 09 &gt; Cuando por fin logro \u2014hombre paloma\u2014 elevarme por encima de ella y de las diminutas-bestias-inmundas salidas de la gruta, aprovechando las corrientes de aire caliente alimentadas por el vaho de las org\u00edas; cuando por fin lo consigo, me enfrento al fracaso de ser [&hellip;]<\/p>\n","protected":false},"author":1,"featured_media":0,"parent":0,"menu_order":0,"comment_status":"closed","ping_status":"closed","template":"","meta":{"footnotes":""},"class_list":["post-359","page","type-page","status-publish","hentry"],"_links":{"self":[{"href":"https:\/\/benjaminescalonilla.info\/LaDeliciaDeLosJardines\/wp-json\/wp\/v2\/pages\/359","targetHints":{"allow":["GET"]}}],"collection":[{"href":"https:\/\/benjaminescalonilla.info\/LaDeliciaDeLosJardines\/wp-json\/wp\/v2\/pages"}],"about":[{"href":"https:\/\/benjaminescalonilla.info\/LaDeliciaDeLosJardines\/wp-json\/wp\/v2\/types\/page"}],"author":[{"embeddable":true,"href":"https:\/\/benjaminescalonilla.info\/LaDeliciaDeLosJardines\/wp-json\/wp\/v2\/users\/1"}],"replies":[{"embeddable":true,"href":"https:\/\/benjaminescalonilla.info\/LaDeliciaDeLosJardines\/wp-json\/wp\/v2\/comments?post=359"}],"version-history":[{"count":25,"href":"https:\/\/benjaminescalonilla.info\/LaDeliciaDeLosJardines\/wp-json\/wp\/v2\/pages\/359\/revisions"}],"predecessor-version":[{"id":1506,"href":"https:\/\/benjaminescalonilla.info\/LaDeliciaDeLosJardines\/wp-json\/wp\/v2\/pages\/359\/revisions\/1506"}],"wp:attachment":[{"href":"https:\/\/benjaminescalonilla.info\/LaDeliciaDeLosJardines\/wp-json\/wp\/v2\/media?parent=359"}],"curies":[{"name":"wp","href":"https:\/\/api.w.org\/{rel}","templated":true}]}}