{"id":399,"date":"2020-04-26T10:54:09","date_gmt":"2020-04-26T10:54:09","guid":{"rendered":"https:\/\/benjaminescalonilla.info\/LaDeliciaDeLosJardines\/?page_id=399"},"modified":"2020-05-16T14:51:58","modified_gmt":"2020-05-16T14:51:58","slug":"chica-rubia_2","status":"publish","type":"page","link":"https:\/\/benjaminescalonilla.info\/LaDeliciaDeLosJardines\/chica-rubia_2\/","title":{"rendered":"Ene."},"content":{"rendered":"\n<p class=\"has-text-align-center\">&#8211; Cap\u00edtulo 10 \/ 21 &#8211;<br>&lt; <a href=\"https:\/\/benjaminescalonilla.info\/LaDeliciaDeLosJardines\/los-petalos-de-la-inmortalidad\/\">cap\u00edtulo 09<\/a> | <a href=\"https:\/\/benjaminescalonilla.info\/LaDeliciaDeLosJardines\/ene\/\">cap\u00edtulo 11<\/a> ><\/p>\n\n\n\n<div class=\"wp-block-group alignfull\"><div class=\"wp-block-group__inner-container is-layout-flow wp-block-group-is-layout-flow\">\n<figure class=\"wp-block-image alignwide size-large is-style-default\"><img loading=\"lazy\" decoding=\"async\" width=\"1024\" height=\"768\" src=\"https:\/\/benjaminescalonilla.info\/LaDeliciaDeLosJardines\/wp-content\/uploads\/2020\/04\/IMG_1426-1024x768.jpg\" alt=\"Ene.\" class=\"wp-image-258\" srcset=\"https:\/\/benjaminescalonilla.info\/LaDeliciaDeLosJardines\/wp-content\/uploads\/2020\/04\/IMG_1426-1024x768.jpg 1024w, https:\/\/benjaminescalonilla.info\/LaDeliciaDeLosJardines\/wp-content\/uploads\/2020\/04\/IMG_1426-300x225.jpg 300w, https:\/\/benjaminescalonilla.info\/LaDeliciaDeLosJardines\/wp-content\/uploads\/2020\/04\/IMG_1426-768x576.jpg 768w, https:\/\/benjaminescalonilla.info\/LaDeliciaDeLosJardines\/wp-content\/uploads\/2020\/04\/IMG_1426-1200x900.jpg 1200w, https:\/\/benjaminescalonilla.info\/LaDeliciaDeLosJardines\/wp-content\/uploads\/2020\/04\/IMG_1426.jpg 1350w\" sizes=\"auto, (max-width: 1024px) 100vw, 1024px\" \/><\/figure>\n\n\n\n<p class=\"has-drop-cap\">La chica rubia ten\u00eda raz\u00f3n, soy infantil. Y no la quer\u00eda \u2014qu\u00e9 desastre soy\u2014. Lo s\u00e9 porque cuando, a\u00f1os despu\u00e9s, quise a Ene., era otra cosa. <\/p>\n\n\n\n<p class=\"has-drop-cap\">La verdad es que la rubia ten\u00eda raz\u00f3n en <a href=\"https:\/\/benjaminescalonilla.info\/LaDeliciaDeLosJardines\/chica-rubia\/\">todo lo que dijo<\/a>; \u00bfc\u00f3mo pod\u00eda conocerme mejor que yo a m\u00ed mismo? \u00bfTan poco tiempo dedicaba a la introspecci\u00f3n? Qu\u00e9 triste descubrirse as\u00ed de simpl\u00f3n. Comprender que los desesperados deseos adolescentes eran solo eso, deseos de ligar sin atender a verdaderos sentimientos. Urg\u00eda pensarme con sinceridad (investigar aquel pulpo lioso que viv\u00eda dentro de m\u00ed). Le doy las gracias a la rubia por aquel aprendizaje y por el tiempo que luego he dedicado a desenredar tent\u00e1culos.<\/p>\n<\/div><\/div>\n\n\n\n<div class=\"wp-block-group alignfull has-background\" style=\"background-color:#f9d439\"><div class=\"wp-block-group__inner-container is-layout-flow wp-block-group-is-layout-flow\">\n<figure class=\"wp-block-image alignwide size-full is-style-circle-mask\"><img loading=\"lazy\" decoding=\"async\" width=\"1170\" height=\"886\" src=\"https:\/\/benjaminescalonilla.info\/LaDeliciaDeLosJardines\/wp-content\/uploads\/2020\/04\/obra_cap10_lapiz_f2_50porciento.jpg\" alt=\"\" class=\"wp-image-405\" srcset=\"https:\/\/benjaminescalonilla.info\/LaDeliciaDeLosJardines\/wp-content\/uploads\/2020\/04\/obra_cap10_lapiz_f2_50porciento.jpg 1170w, https:\/\/benjaminescalonilla.info\/LaDeliciaDeLosJardines\/wp-content\/uploads\/2020\/04\/obra_cap10_lapiz_f2_50porciento-300x227.jpg 300w, https:\/\/benjaminescalonilla.info\/LaDeliciaDeLosJardines\/wp-content\/uploads\/2020\/04\/obra_cap10_lapiz_f2_50porciento-1024x775.jpg 1024w, https:\/\/benjaminescalonilla.info\/LaDeliciaDeLosJardines\/wp-content\/uploads\/2020\/04\/obra_cap10_lapiz_f2_50porciento-768x582.jpg 768w\" sizes=\"auto, (max-width: 1170px) 100vw, 1170px\" \/><\/figure>\n\n\n\n<div style=\"height:35px\" aria-hidden=\"true\" class=\"wp-block-spacer\"><\/div>\n\n\n\n<p class=\"has-drop-cap\">Como digo, a\u00f1os despu\u00e9s, conoc\u00ed a Ene. y me enamor\u00e9 a m\u00e1xima potencia. Hubo sinton\u00eda, pasi\u00f3n, simetr\u00eda. Nos convertimos en una pareja intensa. Dependiente. Inseparable. La pareja que uno sue\u00f1a. Nos pasamos meses y a\u00f1os todo-el-d\u00eda juntos, incluso cuando nos separaba la distancia. <\/p>\n\n\n\n<p class=\"has-drop-cap has-text-align-left\">Un d\u00eda cualquiera, ya viviendo en un piso del centro, le dije a Ene.: tenemos que ir a ver el cuadro del Bosco. Lo conoc\u00eda, c\u00f3mo no, pero no hab\u00eda estado delante de \u00e9l; y no es lo mismo \u2014ya te lo digo yo\u2014, mirar a los ojos del precipicio que verlo impreso en alg\u00fan libro de texto. All\u00e1 que fuimos.<\/p>\n\n\n\n<p>Ella \u2014mucho bla bla, blu blu (contraproducente) por mi parte\u2014, no fue penetrada por los ojos de la serpiente, no fue redefinida por el trazo definido de las tablas, ni se cautiv\u00f3 ni conmovi\u00f3 por los bichejos y las criaturas; tampoco se disgust\u00f3, eso no, el tr\u00edptico le gustaba, claro, pero. \u00bfSer\u00eda por la pampliner\u00eda&nbsp;del Jes\u00fas; esa mirada inc\u00f3moda, forzada, esa barba manchurroneada? Maldita sea, hubo peros.<\/p>\n\n\n\n<p>Sent\u00ed una absurda frustraci\u00f3n. Por alguna raz\u00f3n necesitaba compartir mi pasi\u00f3n con alguien de mi deseo. <\/p>\n\n\n\n<h3 class=\"wp-block-heading\">\u00ab\u00bfAcaso (habr\u00eda podido ser) aquella chica de la piel morena?\u00bb.<\/h3>\n\n\n\n<p>Maldita maldita sea. Esa noche dorm\u00ed mal. Di vueltas y vueltas en mi rinconcito de la cama. <\/p>\n<\/div><\/div>\n\n\n\n<div class=\"wp-block-button\"><a class=\"wp-block-button__link\" href=\"https:\/\/benjaminescalonilla.info\/LaDeliciaDeLosJardines\/ene\/\">CAP\u00cdTULO 11<\/a><\/div>\n","protected":false},"excerpt":{"rendered":"<p>&#8211; Cap\u00edtulo 10 \/ 21 &#8211;&lt; cap\u00edtulo 09 | cap\u00edtulo 11 > La chica rubia ten\u00eda raz\u00f3n, soy infantil. Y no la quer\u00eda \u2014qu\u00e9 desastre soy\u2014. Lo s\u00e9 porque cuando, a\u00f1os despu\u00e9s, quise a Ene., era otra cosa. La verdad es que la rubia ten\u00eda raz\u00f3n en todo lo que dijo; \u00bfc\u00f3mo pod\u00eda conocerme mejor [&hellip;]<\/p>\n","protected":false},"author":1,"featured_media":0,"parent":0,"menu_order":0,"comment_status":"closed","ping_status":"closed","template":"","meta":{"footnotes":""},"class_list":["post-399","page","type-page","status-publish","hentry"],"_links":{"self":[{"href":"https:\/\/benjaminescalonilla.info\/LaDeliciaDeLosJardines\/wp-json\/wp\/v2\/pages\/399","targetHints":{"allow":["GET"]}}],"collection":[{"href":"https:\/\/benjaminescalonilla.info\/LaDeliciaDeLosJardines\/wp-json\/wp\/v2\/pages"}],"about":[{"href":"https:\/\/benjaminescalonilla.info\/LaDeliciaDeLosJardines\/wp-json\/wp\/v2\/types\/page"}],"author":[{"embeddable":true,"href":"https:\/\/benjaminescalonilla.info\/LaDeliciaDeLosJardines\/wp-json\/wp\/v2\/users\/1"}],"replies":[{"embeddable":true,"href":"https:\/\/benjaminescalonilla.info\/LaDeliciaDeLosJardines\/wp-json\/wp\/v2\/comments?post=399"}],"version-history":[{"count":67,"href":"https:\/\/benjaminescalonilla.info\/LaDeliciaDeLosJardines\/wp-json\/wp\/v2\/pages\/399\/revisions"}],"predecessor-version":[{"id":1403,"href":"https:\/\/benjaminescalonilla.info\/LaDeliciaDeLosJardines\/wp-json\/wp\/v2\/pages\/399\/revisions\/1403"}],"wp:attachment":[{"href":"https:\/\/benjaminescalonilla.info\/LaDeliciaDeLosJardines\/wp-json\/wp\/v2\/media?parent=399"}],"curies":[{"name":"wp","href":"https:\/\/api.w.org\/{rel}","templated":true}]}}