{"id":438,"date":"2020-04-27T14:39:23","date_gmt":"2020-04-27T14:39:23","guid":{"rendered":"https:\/\/benjaminescalonilla.info\/LaDeliciaDeLosJardines\/?page_id=438"},"modified":"2021-05-08T10:18:08","modified_gmt":"2021-05-08T10:18:08","slug":"ene","status":"publish","type":"page","link":"https:\/\/benjaminescalonilla.info\/LaDeliciaDeLosJardines\/ene\/","title":{"rendered":"Agua y Ego"},"content":{"rendered":"\n<p class=\"has-text-align-center\">&#8211; Cap\u00edtulo 11 \/ 21 &#8211;<br>&lt; <a href=\"https:\/\/benjaminescalonilla.info\/LaDeliciaDeLosJardines\/chica-rubia_2\/\">cap\u00edtulo 10<\/a> | <a href=\"https:\/\/benjaminescalonilla.info\/LaDeliciaDeLosJardines\/yo-no-leo-en-el-sofa\/\">cap\u00edtulo 12<\/a> &gt;<\/p>\n\n\n\n<div class=\"wp-block-group alignfull has-background\" style=\"background-color:#ffffff\"><div class=\"wp-block-group__inner-container is-layout-flow wp-block-group-is-layout-flow\">\n<h2 class=\"wp-block-heading\">Amanece. Dejo a Ene. en la cama.&nbsp;<\/h2>\n\n\n\n<p class=\"has-drop-cap\">Candado. Bici. Fresco fuera. Cruzo el Retiro. Pedaleo por seis diferentes calles antes de llegar a mi destino. Farola. Candado. Camino dentro. Recibidor rosa. Puerta. Abro. Olor a cerrado. Estancia hexagonal. Reducida. Huelo mi propio sudor. Sacudo la camisa. Sacudo. Sacudo. He llegado temprano. Reuni\u00f3n presupuestaria con un cliente potencial. Nervios. Optimismo. El secretario me pregunta. Me apellido Escalonilla. Espero de pie. Si\u00e9ntese. Me siento.<\/p>\n\n\n\n<p>Pase. Paso.&nbsp;<\/p>\n\n\n\n<p>Ya dentro, un jiji y un jaja previos y enseguida suelto mi dec\u00e1logo de mensajes preparados. Mensajes de comunicaci\u00f3n. Imaginativos mensajes de comunicaci\u00f3n. Mis receptores son dos. Los responsables del cliente potencial. Har\u00edamos esto y aquello \u2014argumento\u2014 por esta y aquella raz\u00f3n de mercado y por esta y aquella otra raz\u00f3n relativa a sus clientes potenciales (los de mi cliente potencial). Sonr\u00eden satisfechos. Piden que me explaye en los puntos tres y ocho de mi presentaci\u00f3n. Me explayo en el tres y me recreo en el ocho. Nos gusta, dicen. Vamos a hacerlo, dicen. Bien, digo. Salgo a la calle. Exultante. La cuenta est\u00e1 ganada. Candado. Bici. Pedaleo paladeando. Despacio. Disfruto de la brisa y de la calle y sin darme cuenta me encuentro dentro del jard\u00edn. <\/p>\n\n\n\n<p><em>El jard\u00edn est\u00e1 inundado por un mar de delicias y chisporroteos de vanidad.<\/em> <\/p>\n\n\n\n<h4 class=\"wp-block-heading\">\u00abLa centralidad del tr\u00edptico es ca\u00f3tica\u00bb.<\/h4>\n<\/div><\/div>\n\n\n\n<div class=\"wp-block-image\"><figure class=\"aligncenter size-full\"><img loading=\"lazy\" decoding=\"async\" width=\"842\" height=\"381\" src=\"https:\/\/benjaminescalonilla.info\/LaDeliciaDeLosJardines\/wp-content\/uploads\/2020\/04\/cap11_02-1.png\" alt=\"cap\u00edtulo 11\" class=\"wp-image-459\" srcset=\"https:\/\/benjaminescalonilla.info\/LaDeliciaDeLosJardines\/wp-content\/uploads\/2020\/04\/cap11_02-1.png 842w, https:\/\/benjaminescalonilla.info\/LaDeliciaDeLosJardines\/wp-content\/uploads\/2020\/04\/cap11_02-1-300x136.png 300w, https:\/\/benjaminescalonilla.info\/LaDeliciaDeLosJardines\/wp-content\/uploads\/2020\/04\/cap11_02-1-768x348.png 768w\" sizes=\"auto, (max-width: 842px) 100vw, 842px\" \/><\/figure><\/div>\n\n\n\n        <div class=\"wpProQuiz_content\" id=\"wpProQuiz_3\">\n                    <div style=\"display: none;\" class=\"wpProQuiz_time_limit\">\n            <div class=\"time\">L\u00edmite de tiempo: <span>0<\/span><\/div>\n            <div class=\"wpProQuiz_progress\"><\/div>\n        <\/div>\n                <div class=\"wpProQuiz_checkPage\" style=\"display: none;\">\n            <h4 class=\"wpProQuiz_header\">SUmario del cuestionario<\/h4>\n\n            <p>\n                <span>0<\/span> de 1  preguntas completado            <\/p>\n\n            <p>Preguntas:<\/p>\n\n            <div style=\"margin-bottom: 20px;\" class=\"wpProQuiz_box\">\n                <ol>\n                                            <li>1<\/li>\n                                    <\/ol>\n                <div style=\"clear: both;\"><\/div>\n            <\/div>\n\n            \n            <input type=\"button\" name=\"endQuizSummary\" value=\"Acabar el cuestionario\"\n                   class=\"wpProQuiz_button\">\n        <\/div>\n                <div class=\"wpProQuiz_infopage\" style=\"display: none;\">\n            <h4>Informaci\u00f3n<\/h4>\n\n            \n            <input type=\"button\" name=\"endInfopage\" value=\"Acabar el cuestionario\"\n                   class=\"wpProQuiz_button\">\n        <\/div>\n                <div class=\"wpProQuiz_text\">\n            <p>\n                <h3>\u00bfEs el ego\u00edsmo el motor interno de todos nosotros?<\/h3>\n            <\/p>\n\n            \n            <div>\n                <input class=\"wpProQuiz_button\" type=\"button\" value=\"Empezar el cuestionario\"\n                       name=\"startQuiz\">\n            <\/div>\n        <\/div>\n                <div style=\"display: none;\" class=\"wpProQuiz_lock\">\n            <p>\n                Ya has realizado este cuestionario antes. Por tanto, no puedes empezarlo otra vez.            <\/p>\n        <\/div>\n                <div style=\"display: none;\" class=\"wpProQuiz_loadQuiz\">\n            <p>\n                Cargando el cuestionario...            <\/p>\n        <\/div>\n                <div style=\"display: none;\" class=\"wpProQuiz_startOnlyRegisteredUser\">\n            <p>\n                Debes ser un usuario registrado para poder realizar el cuestionario.            <\/p>\n        <\/div>\n                <div style=\"display: none;\" class=\"wpProQuiz_prerequisite\">\n            <p>\n                Tienes que terminar antes el siguiente cuestionario, para iniciar este cuestionario:                <span><\/span>\n            <\/p>\n        <\/div>\n                <div style=\"display: none;\" class=\"wpProQuiz_results\">\n            <h4 class=\"wpProQuiz_header\">Resultados<\/h4>\n                        <p class=\"wpProQuiz_time_limit_expired\" style=\"display: none;\">\n                El tiempo se ha terminado            <\/p>\n                                    <div class=\"wpProQuiz_catOverview\" style=\"display:none;\">\n                <h4>Categor\u00edas<\/h4>\n\n                <div style=\"margin-top: 10px;\">\n                    <ol>\n                                                    <li data-category_id=\"0\">\n                                <span class=\"wpProQuiz_catName\">No asignada a ninguna categor\u00eda<\/span>\n                                <span class=\"wpProQuiz_catPercent\">0%<\/span>\n                            <\/li>\n                                            <\/ol>\n                <\/div>\n            <\/div>\n            <div>\n                <ul class=\"wpProQuiz_resultsList\">\n                                            <li style=\"display: none;\">\n                            <div>\n                                <p>Es agradable el color verde. Qu\u00e9 buen nombre el de mi <a href=\"https:\/\/benjaminescalonilla.info\/LaDeliciaDeLosJardines\/benjamin-arreglate-nos-vamos\/\">madre<\/a>.<\/p>\n                            <\/div>\n                        <\/li>\n                                            <li style=\"display: none;\">\n                            <div>\n                                <p>Qu\u00e9 triste el color p\u00farpura. Es el color en la falta de riego. Es el tinte generado por la secreci\u00f3n de la gl\u00e1ndula hipobranquial de un caracol de mar. El color de los cardenales. El color del <em>yo\u00edsmo<\/em>, y puede, no digo que no, que sea el color de la realidad.<\/p>\n                            <\/div>\n                        <\/li>\n                                    <\/ul>\n            <\/div>\n                        <div style=\"margin: 10px 0px;\">\n                                            <\/div>\n        <\/div>\n                <div class=\"wpProQuiz_reviewDiv\" style=\"display: none;\">\n            <div class=\"wpProQuiz_reviewQuestion\">\n                <ol>\n                                            <li>1<\/li>\n                                    <\/ol>\n                <div style=\"display: none;\"><\/div>\n            <\/div>\n            <div class=\"wpProQuiz_reviewLegend\">\n                <ol>\n                    <li>\n                        <span class=\"wpProQuiz_reviewColor\" style=\"background-color: #6CA54C;\"><\/span>\n                        <span class=\"wpProQuiz_reviewText\">Contestada<\/span>\n                    <\/li>\n                    <li>\n                        <span class=\"wpProQuiz_reviewColor\" style=\"background-color: #FFB800;\"><\/span>\n                        <span class=\"wpProQuiz_reviewText\">Revisada<\/span>\n                    <\/li>\n                <\/ol>\n                <div style=\"clear: both;\"><\/div>\n            <\/div>\n            <div>\n                                    <input type=\"button\" name=\"review\" value=\"Revisar la pregunta\"\n                           class=\"wpProQuiz_button2\" style=\"float: left; display: block;\">\n                                            <input type=\"button\" name=\"quizSummary\"\n                               value=\"SUmario del cuestionario\" class=\"wpProQuiz_button2\"\n                               style=\"float: right;\">\n                                        <div style=\"clear: both;\"><\/div>\n                            <\/div>\n        <\/div>\n                <div class=\"wpProQuiz_quizAnker\" style=\"display: none;\"><\/div>\n                <div style=\"display: none;\" class=\"wpProQuiz_quiz\">\n            <ol class=\"wpProQuiz_list\">\n                                    <li class=\"wpProQuiz_listItem\" style=\"display: none;\">\n                        <div\n                            class=\"wpProQuiz_question_page\" style=\"display:none;\" >\n                            Pregunta <span>1<\/span> de <span>1<\/span>                        <\/div>\n                        <h5 style=\"display: none;\"\n                            class=\"wpProQuiz_header\">\n                            <span>1<\/span>. Pregunta                        <\/h5>\n\n                        \n                                                <div class=\"wpProQuiz_question\" style=\"margin: 10px 0 0 0;\">\n                            <div class=\"wpProQuiz_question_text\">\n                                <h3>\u00bfEs el ego\u00edsmo el motor interno de todos nosotros?<\/h3>\n                            <\/div>\n                                                        <ul class=\"wpProQuiz_questionList\" data-question_id=\"5\"\n                                data-type=\"single\">\n                                \n                                    <li class=\"wpProQuiz_questionListItem\" data-pos=\"0\">\n\n                                                                                                                                <span style=\"display:none;\"><\/span>\n                                            <label>\n                                                <input class=\"wpProQuiz_questionInput\"\n                                                       type=\"radio\"\n                                                       name=\"question_3_5\"\n                                                       value=\"1\"> No. Existe la filantrop\u00eda y el darse desinteresadamente.                                            <\/label>\n\n                                                                            <\/li>\n                                    \n                                    <li class=\"wpProQuiz_questionListItem\" data-pos=\"1\">\n\n                                                                                                                                <span style=\"display:none;\"><\/span>\n                                            <label>\n                                                <input class=\"wpProQuiz_questionInput\"\n                                                       type=\"radio\"\n                                                       name=\"question_3_5\"\n                                                       value=\"2\"> S\u00ed. Siempre fue as\u00ed.                                            <\/label>\n\n                                                                            <\/li>\n                                    \n                                    <li class=\"wpProQuiz_questionListItem\" data-pos=\"2\">\n\n                                                                                                                                <span style=\"display:none;\"><\/span>\n                                            <label>\n                                                <input class=\"wpProQuiz_questionInput\"\n                                                       type=\"radio\"\n                                                       name=\"question_3_5\"\n                                                       value=\"3\"> Si preguntas eso, es que te has hecho mayor.                                            <\/label>\n\n                                                                            <\/li>\n                                                                <\/ul>\n                        <\/div>\n                        \n                        \n                                                <input type=\"button\" name=\"back\" value=\"Volver atr\u00e1s\"\n                               class=\"wpProQuiz_button wpProQuiz_QuestionButton\"\n                               style=\"float: left !important; margin-right: 10px !important; display: none;\">\n                                                <input type=\"button\" name=\"check\" value=\"Comprobar\"\n                               class=\"wpProQuiz_button wpProQuiz_QuestionButton\"\n                               style=\"float: right !important; margin-right: 10px !important; display: none;\">\n                        <input type=\"button\" name=\"next\" value=\"Siguiente\"\n                               class=\"wpProQuiz_button wpProQuiz_QuestionButton\" style=\"float: right; display: none;\">\n\n                        <div style=\"clear: both;\"><\/div>\n\n                        \n                    <\/li>\n\n                            <\/ol>\n                    <\/div>\n                <\/div>\n                <script type=\"text\/javascript\">\n            window.wpProQuizInitList = window.wpProQuizInitList || [];\n\n            window.wpProQuizInitList.push({\n                id: '#wpProQuiz_3',\n                init: {\n                    quizId: 3,\n                    mode: 0,\n                    globalPoints: 1,\n                    timelimit: 0,\n                    resultsGrade: [66,0],\n                    bo: 5124,\n                    qpp: 0,\n                    catPoints: [1],\n                    formPos: 0,\n                    lbn: \"Acabar el cuestionario\",\n                    json: {\"5\":{\"type\":\"single\",\"id\":5,\"catId\":0,\"points\":1,\"correct\":[1,0,0]}}                }\n            });\n        <\/script>\n        \n\n\n\n<div style=\"height:46px\" aria-hidden=\"true\" class=\"wp-block-spacer\"><\/div>\n\n\n\n<div class=\"wp-block-group alignfull has-background\" style=\"background-color:#ffffff\"><div class=\"wp-block-group__inner-container is-layout-flow wp-block-group-is-layout-flow\">\n<p class=\"has-drop-cap\">Los bichejos y los l\u00e1pices flotan, los amantes se salpican, los peces voladores, nadan, la inmortalidad enmohece y el fracaso boquea desde el fondo del lago, pr\u00e1cticamente ahogado. Me parece distinguir a Ene. en una fila de nadadoras desnudas. Hay una nevera flotando a la deriva. Con un hombre dentro.<\/p>\n\n\n\n<p class=\"has-drop-cap\">El hombre en la nevera mantiene la puerta abierta con la punta del pie; el fr\u00edo del frigor\u00edfico escap\u00e1ndose. Est\u00e1 pegado al fondo. Entre yogures, latas de cerveza y mantequilla. Bien agarrado a sus tobillos. En&nbsp;posici\u00f3n fetal, que es la mejor para lugares fr\u00edos. Mira con asco la cantidad de embutidos y carne procesada a su alrededor. Ser\u00e1 vegano.<\/p>\n\n\n\n<p>\u2014Qu\u00e9 pena. Qu\u00e9 inundadera \u2014se queja, reba\u00f1ando un danone que no es danone porque es de marca blanca\u2014. No se puede estar tan obsesionado con uno mismo. <\/p>\n<\/div><\/div>\n\n\n\n<figure class=\"wp-block-image size-large\"><img loading=\"lazy\" decoding=\"async\" width=\"842\" height=\"632\" src=\"https:\/\/benjaminescalonilla.info\/LaDeliciaDeLosJardines\/wp-content\/uploads\/2020\/04\/cap11_nevera.jpg\" alt=\"\" class=\"wp-image-468\" srcset=\"https:\/\/benjaminescalonilla.info\/LaDeliciaDeLosJardines\/wp-content\/uploads\/2020\/04\/cap11_nevera.jpg 842w, https:\/\/benjaminescalonilla.info\/LaDeliciaDeLosJardines\/wp-content\/uploads\/2020\/04\/cap11_nevera-300x225.jpg 300w, https:\/\/benjaminescalonilla.info\/LaDeliciaDeLosJardines\/wp-content\/uploads\/2020\/04\/cap11_nevera-768x576.jpg 768w\" sizes=\"auto, (max-width: 842px) 100vw, 842px\" \/><\/figure>\n\n\n\n<div class=\"wp-block-columns is-layout-flex wp-container-core-columns-is-layout-9d6595d7 wp-block-columns-is-layout-flex\">\n<div class=\"wp-block-column is-layout-flow wp-block-column-is-layout-flow\"><\/div>\n\n\n\n<div class=\"wp-block-column is-layout-flow wp-block-column-is-layout-flow\"><\/div>\n\n\n\n<div class=\"wp-block-column is-layout-flow wp-block-column-is-layout-flow\">\n<figure class=\"wp-block-embed is-type-video is-provider-youtube wp-block-embed-youtube wp-embed-aspect-4-3 wp-has-aspect-ratio\"><div class=\"wp-block-embed__wrapper\">\n<iframe loading=\"lazy\" title=\"GLUTAMATO YE-YE -  Un hombre en mi nevera (Corto &#039;Etapa&#039;  - 1983)\" width=\"580\" height=\"435\" src=\"https:\/\/www.youtube.com\/embed\/To7z9uBlGmE?feature=oembed\" frameborder=\"0\" allow=\"accelerometer; autoplay; clipboard-write; encrypted-media; gyroscope; picture-in-picture; web-share\" referrerpolicy=\"strict-origin-when-cross-origin\" allowfullscreen><\/iframe>\n<\/div><\/figure>\n\n\n\n<p class=\"has-text-align-right\" style=\"font-size:17px\">De el jard\u00edn rara vez se escapa algo. Rara vez pasa algo a este lado. Es sorprendente que El Bosco pudiese encontrar tantos. Glutamayo Ye-Y\u00e9 tambi\u00e9n encontraron un algo.<\/p>\n<\/div>\n<\/div>\n\n\n\n<div class=\"wp-block-button\"><a class=\"wp-block-button__link\" href=\"https:\/\/benjaminescalonilla.info\/LaDeliciaDeLosJardines\/yo-no-leo-en-el-sofa\/\">CAP\u00cdTULO 12<\/a><\/div>\n\n\n\n<div style=\"height:148px\" aria-hidden=\"true\" class=\"wp-block-spacer\"><\/div>\n\n\n\n<figure class=\"wp-block-image size-full\"><img loading=\"lazy\" decoding=\"async\" width=\"1170\" height=\"722\" src=\"https:\/\/benjaminescalonilla.info\/LaDeliciaDeLosJardines\/wp-content\/uploads\/2020\/04\/CAP11-1.png\" alt=\"\" class=\"wp-image-455\" srcset=\"https:\/\/benjaminescalonilla.info\/LaDeliciaDeLosJardines\/wp-content\/uploads\/2020\/04\/CAP11-1.png 1170w, https:\/\/benjaminescalonilla.info\/LaDeliciaDeLosJardines\/wp-content\/uploads\/2020\/04\/CAP11-1-300x185.png 300w, https:\/\/benjaminescalonilla.info\/LaDeliciaDeLosJardines\/wp-content\/uploads\/2020\/04\/CAP11-1-1024x632.png 1024w, https:\/\/benjaminescalonilla.info\/LaDeliciaDeLosJardines\/wp-content\/uploads\/2020\/04\/CAP11-1-768x474.png 768w\" sizes=\"auto, (max-width: 1170px) 100vw, 1170px\" \/><\/figure>\n","protected":false},"excerpt":{"rendered":"<p>&#8211; Cap\u00edtulo 11 \/ 21 &#8211;&lt; cap\u00edtulo 10 | cap\u00edtulo 12 &gt; Amanece. Dejo a Ene. en la cama.&nbsp; Candado. Bici. Fresco fuera. Cruzo el Retiro. Pedaleo por seis diferentes calles antes de llegar a mi destino. Farola. Candado. Camino dentro. Recibidor rosa. Puerta. Abro. Olor a cerrado. Estancia hexagonal. Reducida. Huelo mi propio sudor. [&hellip;]<\/p>\n","protected":false},"author":1,"featured_media":0,"parent":0,"menu_order":0,"comment_status":"closed","ping_status":"closed","template":"","meta":{"footnotes":""},"class_list":["post-438","page","type-page","status-publish","hentry"],"_links":{"self":[{"href":"https:\/\/benjaminescalonilla.info\/LaDeliciaDeLosJardines\/wp-json\/wp\/v2\/pages\/438","targetHints":{"allow":["GET"]}}],"collection":[{"href":"https:\/\/benjaminescalonilla.info\/LaDeliciaDeLosJardines\/wp-json\/wp\/v2\/pages"}],"about":[{"href":"https:\/\/benjaminescalonilla.info\/LaDeliciaDeLosJardines\/wp-json\/wp\/v2\/types\/page"}],"author":[{"embeddable":true,"href":"https:\/\/benjaminescalonilla.info\/LaDeliciaDeLosJardines\/wp-json\/wp\/v2\/users\/1"}],"replies":[{"embeddable":true,"href":"https:\/\/benjaminescalonilla.info\/LaDeliciaDeLosJardines\/wp-json\/wp\/v2\/comments?post=438"}],"version-history":[{"count":65,"href":"https:\/\/benjaminescalonilla.info\/LaDeliciaDeLosJardines\/wp-json\/wp\/v2\/pages\/438\/revisions"}],"predecessor-version":[{"id":1508,"href":"https:\/\/benjaminescalonilla.info\/LaDeliciaDeLosJardines\/wp-json\/wp\/v2\/pages\/438\/revisions\/1508"}],"wp:attachment":[{"href":"https:\/\/benjaminescalonilla.info\/LaDeliciaDeLosJardines\/wp-json\/wp\/v2\/media?parent=438"}],"curies":[{"name":"wp","href":"https:\/\/api.w.org\/{rel}","templated":true}]}}