{"id":568,"date":"2020-04-30T23:11:57","date_gmt":"2020-04-30T23:11:57","guid":{"rendered":"https:\/\/benjaminescalonilla.info\/LaDeliciaDeLosJardines\/?page_id=568"},"modified":"2024-01-13T11:44:46","modified_gmt":"2024-01-13T11:44:46","slug":"yo-no-leo-en-el-sofa","status":"publish","type":"page","link":"https:\/\/benjaminescalonilla.info\/LaDeliciaDeLosJardines\/yo-no-leo-en-el-sofa\/","title":{"rendered":"Yo no leo en el sof\u00e1"},"content":{"rendered":"\n<p class=\"has-text-align-center\">&#8211; Cap\u00edtulo 12 \/ 21 &#8211; <br>&lt; <a href=\"https:\/\/benjaminescalonilla.info\/LaDeliciaDeLosJardines\/ene\/\">cap\u00edtulo 11<\/a> | <a href=\"https:\/\/benjaminescalonilla.info\/LaDeliciaDeLosJardines\/capitulo-13\/\">cap\u00edtulo 13<\/a> &gt;<\/p>\n\n\n\n<iframe style=\"border: 0; width: 100%; height: 120px;\" src=\"https:\/\/bandcamp.com\/EmbeddedPlayer\/album=1375580611\/size=large\/bgcol=ffffff\/linkcol=f171a2\/tracklist=false\/artwork=small\/track=4268922212\/transparent=true\/\" seamless=\"\"><a href=\"http:\/\/theunk.bandcamp.com\/album\/confinamiento\">Confinamiento by The unk<\/a><\/iframe>\n\n\n\n<div class=\"wp-block-group alignfull has-background\" style=\"background-color:#f9d439\"><div class=\"wp-block-group__inner-container is-layout-flow wp-block-group-is-layout-flow\">\n<div class=\"wp-block-columns is-layout-flex wp-container-core-columns-is-layout-9d6595d7 wp-block-columns-is-layout-flex\">\n<div class=\"wp-block-column is-layout-flow wp-block-column-is-layout-flow\">\n<p><em>Yo no soy yo.<\/em><br><em>Soy este<\/em><br><em>que va a mi lado sin yo verlo <sup>(1)<\/sup><\/em><\/p>\n\n\n\n<p class=\"has-background\" style=\"background-color:#ffffff\"><em>Como<\/em> la reuni\u00f3n presupuestaria con el cliente potencial ha ido bien, me regalo tiempo y voy al Prado, solo.&nbsp;<\/p>\n\n\n\n<p class=\"has-background\" style=\"background-color:#ffffff\"><em>Cuando<\/em> estoy frente al cuadro siento a alguien a mi lado. Es de mi altura. Evito mirarle directamente y me centro en las tablas. Observo el tr\u00edptico con intenci\u00f3n; quiero tratar de comprender la tabla central, intento dar cualquier significado a esos bichos desconocidos cuando mMMe doy cuenta \u2014y eso me raya un poco\u2014 de que los humanos de la tabla no son como yo, siquiera se me parecen; yo estar\u00eda perdido, asombrado, aterrado all\u00ed dentro, pero estos humanoides desnudos, parecen estar plenamente habituados a ese mundo compartido con especies desconocidas que parecen buscar la danza, la anomal\u00eda, las delicias.&nbsp;<\/p>\n\n\n\n<p>Llego a casa y me tumbo a leer. Ese alguien que no soy yo est\u00e1 por aqu\u00ed. Me ha seguido desde El Prado a casa.<\/p>\n<\/div>\n\n\n\n<div class=\"wp-block-column is-layout-flow wp-block-column-is-layout-flow\">\n<p class=\"has-drop-cap\">Leo en el sof\u00e1. Me he colocado en la espalda una almohada p\u00farpura, logrando una posici\u00f3n c\u00f3moda. Leo con gusto.<\/p>\n\n\n\n<p class=\"has-drop-cap\">(Cuando me entusiasma una p\u00e1gina del libro doblo su esquina. Si solo es una frase, la marco con l\u00e1piz). <\/p>\n\n\n\n<p class=\"has-drop-cap\">Estoy leyendo un libro de poemas y quiero subrayar: <em>mes de donde nacen los bichos ebrios <sup>(2)<\/sup> <\/em>pero tengo el l\u00e1piz en la mesa y, aunque no me tendr\u00eda siquiera que levantar, incorporarme posiblemente har\u00eda caer la almohada p\u00farpura que tengo tan bien colocada y no s\u00e9 si:<\/p>\n\n\n\n<p class=\"has-drop-cap\">a) doblar la esquinita<\/p>\n\n\n\n<p class=\"has-drop-cap\">b) olvidarme de subrayar este verso <\/p>\n\n\n\n<p class=\"has-drop-cap\">c) arriesgarme a perder esta c\u00f3moda postura.&nbsp;<\/p>\n\n\n\n<figure class=\"wp-block-image size-full\"><img loading=\"lazy\" decoding=\"async\" width=\"192\" height=\"328\" src=\"https:\/\/benjaminescalonilla.info\/LaDeliciaDeLosJardines\/wp-content\/uploads\/2020\/04\/medusa.png\" alt=\"\" class=\"wp-image-575\" srcset=\"https:\/\/benjaminescalonilla.info\/LaDeliciaDeLosJardines\/wp-content\/uploads\/2020\/04\/medusa.png 192w, https:\/\/benjaminescalonilla.info\/LaDeliciaDeLosJardines\/wp-content\/uploads\/2020\/04\/medusa-176x300.png 176w\" sizes=\"auto, (max-width: 192px) 100vw, 192px\" \/><\/figure>\n<\/div>\n<\/div>\n<\/div><\/div>\n\n\n\n<div style=\"height:58px\" aria-hidden=\"true\" class=\"wp-block-spacer\"><\/div>\n\n\n\n<p class=\"has-drop-cap\"><em>Quien<\/em> est\u00e1 a mi lado es otro que no soy yo, pero s\u00ed. Concluyo que su presencia, al menos en parte, es&nbsp;una reacci\u00f3n al tr\u00edptico que va por libre: mi yo que tira l\u00e1pices, vuela con alas, danza dentro de burbujas y muerde las orejotas de Mickey Mouse. No s\u00e9 si tenerle miedo o envidia. \u00bfSer\u00e1 mi Hyde? Bendito Stevenson.<\/p>\n\n\n\n<div class=\"wp-block-buttons is-layout-flex wp-block-buttons-is-layout-flex\">\n<div class=\"wp-block-button\"><a class=\"wp-block-button__link wp-element-button\" href=\"https:\/\/benjaminescalonilla.info\/LaDeliciaDeLosJardines\/capitulo-13\/\">CAP\u00cdTULO 13<\/a><\/div>\n<\/div>\n\n\n\n<div style=\"height:100px\" aria-hidden=\"true\" class=\"wp-block-spacer\"><\/div>\n\n\n\n<p class=\"has-small-font-size\"><em><sup>(1)<\/sup> Juan ram\u00f3n Jim\u00e9nez,<br>Eternidades<\/em><\/p>\n\n\n\n<p class=\"has-small-font-size\"><em><sup>(2)<\/sup> Herberto Helder,<br>La cuchara en la boca<\/em><\/p>\n","protected":false},"excerpt":{"rendered":"<p>&#8211; Cap\u00edtulo 12 \/ 21 &#8211; &lt; cap\u00edtulo 11 | cap\u00edtulo 13 &gt; Confinamiento by The unk Yo no soy yo.Soy esteque va a mi lado sin yo verlo (1) Como la reuni\u00f3n presupuestaria con el cliente potencial ha ido bien, me regalo tiempo y voy al Prado, solo.&nbsp; Cuando estoy frente al cuadro siento [&hellip;]<\/p>\n","protected":false},"author":1,"featured_media":0,"parent":0,"menu_order":0,"comment_status":"closed","ping_status":"closed","template":"","meta":{"footnotes":""},"class_list":["post-568","page","type-page","status-publish","hentry"],"_links":{"self":[{"href":"https:\/\/benjaminescalonilla.info\/LaDeliciaDeLosJardines\/wp-json\/wp\/v2\/pages\/568","targetHints":{"allow":["GET"]}}],"collection":[{"href":"https:\/\/benjaminescalonilla.info\/LaDeliciaDeLosJardines\/wp-json\/wp\/v2\/pages"}],"about":[{"href":"https:\/\/benjaminescalonilla.info\/LaDeliciaDeLosJardines\/wp-json\/wp\/v2\/types\/page"}],"author":[{"embeddable":true,"href":"https:\/\/benjaminescalonilla.info\/LaDeliciaDeLosJardines\/wp-json\/wp\/v2\/users\/1"}],"replies":[{"embeddable":true,"href":"https:\/\/benjaminescalonilla.info\/LaDeliciaDeLosJardines\/wp-json\/wp\/v2\/comments?post=568"}],"version-history":[{"count":59,"href":"https:\/\/benjaminescalonilla.info\/LaDeliciaDeLosJardines\/wp-json\/wp\/v2\/pages\/568\/revisions"}],"predecessor-version":[{"id":1576,"href":"https:\/\/benjaminescalonilla.info\/LaDeliciaDeLosJardines\/wp-json\/wp\/v2\/pages\/568\/revisions\/1576"}],"wp:attachment":[{"href":"https:\/\/benjaminescalonilla.info\/LaDeliciaDeLosJardines\/wp-json\/wp\/v2\/media?parent=568"}],"curies":[{"name":"wp","href":"https:\/\/api.w.org\/{rel}","templated":true}]}}