{"id":588,"date":"2020-05-01T07:44:34","date_gmt":"2020-05-01T07:44:34","guid":{"rendered":"https:\/\/benjaminescalonilla.info\/LaDeliciaDeLosJardines\/?page_id=588"},"modified":"2020-10-28T11:50:23","modified_gmt":"2020-10-28T11:50:23","slug":"15-2","status":"publish","type":"page","link":"https:\/\/benjaminescalonilla.info\/LaDeliciaDeLosJardines\/15-2\/","title":{"rendered":"1,5"},"content":{"rendered":"\n<p class=\"has-text-align-center\">&#8211; Cap\u00edtulo 1,5 \/ 21 &#8211; <\/p>\n\n\n\n<div class=\"wp-block-group alignfull has-background\" style=\"background-color:#ffd1d1\"><div class=\"wp-block-group__inner-container is-layout-flow wp-block-group-is-layout-flow\">\n<figure class=\"wp-block-image size-full is-style-default\"><img loading=\"lazy\" decoding=\"async\" width=\"2024\" height=\"1877\" src=\"https:\/\/benjaminescalonilla.info\/LaDeliciaDeLosJardines\/wp-content\/uploads\/2020\/05\/cap_1_5_MM-1.png\" alt=\"cap\u00edtulo oculto \" class=\"wp-image-594\" srcset=\"https:\/\/benjaminescalonilla.info\/LaDeliciaDeLosJardines\/wp-content\/uploads\/2020\/05\/cap_1_5_MM-1.png 2024w, https:\/\/benjaminescalonilla.info\/LaDeliciaDeLosJardines\/wp-content\/uploads\/2020\/05\/cap_1_5_MM-1-300x278.png 300w, https:\/\/benjaminescalonilla.info\/LaDeliciaDeLosJardines\/wp-content\/uploads\/2020\/05\/cap_1_5_MM-1-1024x950.png 1024w, https:\/\/benjaminescalonilla.info\/LaDeliciaDeLosJardines\/wp-content\/uploads\/2020\/05\/cap_1_5_MM-1-768x712.png 768w, https:\/\/benjaminescalonilla.info\/LaDeliciaDeLosJardines\/wp-content\/uploads\/2020\/05\/cap_1_5_MM-1-1536x1424.png 1536w, https:\/\/benjaminescalonilla.info\/LaDeliciaDeLosJardines\/wp-content\/uploads\/2020\/05\/cap_1_5_MM-1-1200x1113.png 1200w, https:\/\/benjaminescalonilla.info\/LaDeliciaDeLosJardines\/wp-content\/uploads\/2020\/05\/cap_1_5_MM-1-1980x1836.png 1980w\" sizes=\"auto, (max-width: 2024px) 100vw, 2024px\" \/><\/figure>\n\n\n\n<p class=\"has-drop-cap\">En efecto, quiz\u00e1s, satisfacer el ego, aspirar a la inmortalidad no es algo tan maligno, \u00bfverdad? Quiz\u00e1 me he excedido y me he puesto un poco sombrerero hat-er&#8230;  <\/p>\n\n\n\n<p class=\"has-drop-cap\">Y lo de dedicarme a morder al rat\u00f3n, bueno, quiz\u00e1 tampoco haya sido la manera m\u00e1s elegante de introducir el tema, estamos de acuerdo; pero es que verle tirar del cuello de la oca, a pesar de la \u00e9poca, de los valores de entonces, aquella terrible \u00e9poca entre guerras tan aut\u00e1rquica, cargada de ego y de una brutal falta de empat\u00eda. <\/p>\n\n\n\n<p class=\"has-drop-cap\">Por otro lado, a todos nos gusta mascar chicle, \u00bfno? Te lo aseguro, mordisquear esas orejotas era como mascar chicle. Ya paro. Voy a lo del ego:<\/p>\n\n\n\n<hr class=\"wp-block-separator\"\/>\n\n\n\n<p class=\"has-drop-cap\">Quiero aclarar algo respecto al ego y la inmortalidad aunque resulte turronazo, que para eso estamos en un cap\u00edtulo oculto, donde, como en las grietas oscuras, puede caer de todo: <\/p>\n\n\n\n<h2 class=\"wp-block-heading\">\u00abDed\u00edcame un tweet y ya soy inmortal\u00bb.<\/h2>\n\n\n\n<p>Y es que es as\u00ed. En la digitalidad todos somos inmortales desde el momento en que las compa\u00f1\u00edas \u00abgratuitas\u00bb de redes sociales no borrar\u00e1n jam\u00e1s lo que escribamos en sus plataformas.<\/p>\n\n\n\n<p>Escriba alguien sobre nosotros, y ya seremos inmortales. <br>\u00bfEgo satisfecho? <br>Por supuesto que no. Esto no es la inmortalidad que buscamos, queremos ser inmortales y, adem\u00e1s, ser pocos, uno de los escasos elegidos, para que nos recuerden muchos. Muchos m\u00e1s de los que conocimos y tratamos (\u00bfbien?) en vida, que no es parca ambici\u00f3n; es como querer recibir felicitaciones de cumplea\u00f1os por el qu\u00edntuple de personas a las que felicitamos nosotros. <em>Porca miseria<\/em>. <\/p>\n\n\n\n<h2 class=\"wp-block-heading\">Qu\u00e9 ovarios y qu\u00e9 test\u00edculos tiene el ego, seg\u00fan.<\/h2>\n<\/div><\/div>\n\n\n\n<div class=\"wp-block-buttons is-layout-flex wp-block-buttons-is-layout-flex\">\n<div class=\"wp-block-button\"><a class=\"wp-block-button__link\" href=\"https:\/\/benjaminescalonilla.info\/LaDeliciaDeLosJardines\/benjamin-arreglate-nos-vamos\/\">CAP\u00cdTULO 02<\/a><\/div>\n<\/div>\n\n\n\n<figure class=\"wp-block-image alignfull size-full\"><img loading=\"lazy\" decoding=\"async\" width=\"1920\" height=\"857\" src=\"https:\/\/benjaminescalonilla.info\/LaDeliciaDeLosJardines\/wp-content\/uploads\/2020\/05\/Mark-Power_Dogpatch_Arkansas.-2016_1920x4000.jpg\" alt=\"\" class=\"wp-image-598\" srcset=\"https:\/\/benjaminescalonilla.info\/LaDeliciaDeLosJardines\/wp-content\/uploads\/2020\/05\/Mark-Power_Dogpatch_Arkansas.-2016_1920x4000.jpg 1920w, https:\/\/benjaminescalonilla.info\/LaDeliciaDeLosJardines\/wp-content\/uploads\/2020\/05\/Mark-Power_Dogpatch_Arkansas.-2016_1920x4000-300x134.jpg 300w, https:\/\/benjaminescalonilla.info\/LaDeliciaDeLosJardines\/wp-content\/uploads\/2020\/05\/Mark-Power_Dogpatch_Arkansas.-2016_1920x4000-1024x457.jpg 1024w, https:\/\/benjaminescalonilla.info\/LaDeliciaDeLosJardines\/wp-content\/uploads\/2020\/05\/Mark-Power_Dogpatch_Arkansas.-2016_1920x4000-768x343.jpg 768w, https:\/\/benjaminescalonilla.info\/LaDeliciaDeLosJardines\/wp-content\/uploads\/2020\/05\/Mark-Power_Dogpatch_Arkansas.-2016_1920x4000-1536x686.jpg 1536w, https:\/\/benjaminescalonilla.info\/LaDeliciaDeLosJardines\/wp-content\/uploads\/2020\/05\/Mark-Power_Dogpatch_Arkansas.-2016_1920x4000-1200x536.jpg 1200w\" sizes=\"auto, (max-width: 1920px) 100vw, 1920px\" \/><figcaption><em>Mark Power, Dogpatch<\/em>. Deliciosa fotograf\u00eda, en la que veo ego e inmortalidad desparramados por todas partes: suelo, pizarra, rendijas entre las tablas.<\/figcaption><\/figure>\n","protected":false},"excerpt":{"rendered":"<p>&#8211; Cap\u00edtulo 1,5 \/ 21 &#8211; En efecto, quiz\u00e1s, satisfacer el ego, aspirar a la inmortalidad no es algo tan maligno, \u00bfverdad? Quiz\u00e1 me he excedido y me he puesto un poco sombrerero hat-er&#8230; Y lo de dedicarme a morder al rat\u00f3n, bueno, quiz\u00e1 tampoco haya sido la manera m\u00e1s elegante de introducir el tema, [&hellip;]<\/p>\n","protected":false},"author":1,"featured_media":0,"parent":0,"menu_order":0,"comment_status":"closed","ping_status":"closed","template":"","meta":{"footnotes":""},"class_list":["post-588","page","type-page","status-publish","hentry"],"_links":{"self":[{"href":"https:\/\/benjaminescalonilla.info\/LaDeliciaDeLosJardines\/wp-json\/wp\/v2\/pages\/588","targetHints":{"allow":["GET"]}}],"collection":[{"href":"https:\/\/benjaminescalonilla.info\/LaDeliciaDeLosJardines\/wp-json\/wp\/v2\/pages"}],"about":[{"href":"https:\/\/benjaminescalonilla.info\/LaDeliciaDeLosJardines\/wp-json\/wp\/v2\/types\/page"}],"author":[{"embeddable":true,"href":"https:\/\/benjaminescalonilla.info\/LaDeliciaDeLosJardines\/wp-json\/wp\/v2\/users\/1"}],"replies":[{"embeddable":true,"href":"https:\/\/benjaminescalonilla.info\/LaDeliciaDeLosJardines\/wp-json\/wp\/v2\/comments?post=588"}],"version-history":[{"count":26,"href":"https:\/\/benjaminescalonilla.info\/LaDeliciaDeLosJardines\/wp-json\/wp\/v2\/pages\/588\/revisions"}],"predecessor-version":[{"id":1443,"href":"https:\/\/benjaminescalonilla.info\/LaDeliciaDeLosJardines\/wp-json\/wp\/v2\/pages\/588\/revisions\/1443"}],"wp:attachment":[{"href":"https:\/\/benjaminescalonilla.info\/LaDeliciaDeLosJardines\/wp-json\/wp\/v2\/media?parent=588"}],"curies":[{"name":"wp","href":"https:\/\/api.w.org\/{rel}","templated":true}]}}