{"id":6,"date":"2020-02-07T23:27:31","date_gmt":"2020-02-07T23:27:31","guid":{"rendered":"https:\/\/benjaminescalonilla.info\/LaDeliciaDeLosJardines\/?page_id=6"},"modified":"2025-10-16T03:00:44","modified_gmt":"2025-10-16T03:00:44","slug":"el-nuevo-umoma-abre-sus-puertas-2","status":"publish","type":"page","link":"https:\/\/benjaminescalonilla.info\/LaDeliciaDeLosJardines\/","title":{"rendered":"&#8211; Cap\u00edtulo 01 \/ 21 &#8211;"},"content":{"rendered":"\n<div class=\"wp-block-group alignwide\"><div class=\"wp-block-group__inner-container is-layout-flow wp-block-group-is-layout-flow\">\n<p class=\"has-text-align-center has-background\" style=\"background-color:#f9d439\">Os hablo de mi relaci\u00f3n con El jard\u00edn de las delicias en el <a href=\"https:\/\/benjaminescalonilla.info\/LaDeliciaDeLosJardines\/benjamin-arreglate-nos-vamos\/\">cap\u00edtulo 02<\/a>, pero antes, quisiera empezar con este cap\u00edtulo colateral, que en el fondo es su consecuencia.<\/p>\n\n\n\n<p class=\"has-text-align-center has-background\" style=\"background-color:#f9d439\">\u2013 Cap\u00edtulo 01 \/ 21 \u2013<br> | <a href=\"https:\/\/benjaminescalonilla.info\/LaDeliciaDeLosJardines\/benjamin-arreglate-nos-vamos\/\">cap\u00edtulo 02<\/a> &gt;<\/p>\n<\/div><\/div>\n\n\n\n<h2 class=\"wp-block-heading has-text-align-center\">Mastiqu\u00e9 las orejotas de Mickey Mouse<\/h2>\n\n\n\n<p class=\"has-text-align-center has-large-font-size\">(y de otros bichejos del jard\u00edn)<\/p>\n\n\n\n<figure class=\"wp-block-image alignfull size-full\"><img loading=\"lazy\" decoding=\"async\" width=\"2000\" height=\"1500\" src=\"https:\/\/benjaminescalonilla.info\/LaDeliciaDeLosJardines\/wp-content\/uploads\/2020\/04\/ENTRADA_01bbBb.png\" alt=\"Delicia de los jardines, una obra de benjam\u00edn Escalonilla\" class=\"wp-image-253\" srcset=\"https:\/\/benjaminescalonilla.info\/LaDeliciaDeLosJardines\/wp-content\/uploads\/2020\/04\/ENTRADA_01bbBb.png 2000w, https:\/\/benjaminescalonilla.info\/LaDeliciaDeLosJardines\/wp-content\/uploads\/2020\/04\/ENTRADA_01bbBb-300x225.png 300w, https:\/\/benjaminescalonilla.info\/LaDeliciaDeLosJardines\/wp-content\/uploads\/2020\/04\/ENTRADA_01bbBb-1024x768.png 1024w, https:\/\/benjaminescalonilla.info\/LaDeliciaDeLosJardines\/wp-content\/uploads\/2020\/04\/ENTRADA_01bbBb-768x576.png 768w, https:\/\/benjaminescalonilla.info\/LaDeliciaDeLosJardines\/wp-content\/uploads\/2020\/04\/ENTRADA_01bbBb-1536x1152.png 1536w, https:\/\/benjaminescalonilla.info\/LaDeliciaDeLosJardines\/wp-content\/uploads\/2020\/04\/ENTRADA_01bbBb-1200x900.png 1200w, https:\/\/benjaminescalonilla.info\/LaDeliciaDeLosJardines\/wp-content\/uploads\/2020\/04\/ENTRADA_01bbBb-1980x1485.png 1980w\" sizes=\"auto, (max-width: 2000px) 100vw, 2000px\" \/><\/figure>\n\n\n\n<div class=\"wp-block-group alignfull has-background\" style=\"background-color:#ffffff\"><div class=\"wp-block-group__inner-container is-layout-flow wp-block-group-is-layout-flow\">\n<h2 class=\"wp-block-heading has-text-align-center has-accent-color has-text-color\">\u00abLe mord\u00ed los ojos y los mastiqu\u00e9\u00bb.<\/h2>\n\n\n\n<div class=\"wp-block-group alignfull\"><div class=\"wp-block-group__inner-container is-layout-flow wp-block-group-is-layout-flow\">\n<div class=\"wp-block-columns alignwide is-layout-flex wp-container-core-columns-is-layout-9d6595d7 wp-block-columns-is-layout-flex\">\n<div class=\"wp-block-column is-layout-flow wp-block-column-is-layout-flow\">\n<p class=\"has-drop-cap\">Sujet\u00e1ndole los bracitos mord\u00ed sus enormes orejas mate, negroides, y le escuch\u00e9 soltar gritillos anglosaj\u00f3filos balbuceados con hiel en los labios; Mickey Mouse mov\u00eda sus dedos bajo los guantes sin lograr evitar mis dentelladas ni yo su sabor plasticoso como a caucho viejo. Mickey lleg\u00f3 a golpearme en los cojones, pero su rodilla mullosita y brilli brilli no hace da\u00f1o. Le sujet\u00e9 los brazos, me sent\u00e9 en su tripa hinchada, acerqu\u00e9 mi cara a la suya, l\u00edmpida, radiante, sin rastro de sudor, y en su orejota susurr\u00e9 una pregunta sobre la inmortalidad que no supo responder. Luego me levant\u00e9.&nbsp;<\/p>\n\n\n\n<p>\u00c9l no.<\/p>\n\n\n\n<p>Me mir\u00f3 desde el suelo sin interesarse o sin importarle la pregunta, pero comprendiendo que yo acababa de comprender su farsa:<\/p>\n\n\n\n<p>Aquella cosa que ten\u00eda delante, a mis pies, no era Mickey Mouse. O si lo era, se parec\u00eda m\u00e1s a una sombra o a un zombie que a aquel Mickey cruel que ya no existe. El olvido le mat\u00f3 hace tiempo.&nbsp;\u2014\u00bfOlvidado Mickey Mouse?\u2014. S\u00ed. Olvidado. Olvidado el Mickey primigenio. El real. El cruel.<\/p>\n<\/div>\n\n\n\n<div class=\"wp-block-column is-layout-flow wp-block-column-is-layout-flow\">\n<p>S\u00ed, rat\u00f3n, te han olvidado. Quedan poco m\u00e1s que los botones blancos sobre el mono rojo cubri\u00e9ndote el sexo, el ombligo, tu culo negro \u00bfo ser\u00e1 blanco, como la cara? \u2014Mickey eres blanco y eres negro\u2014, qu\u00e9 iron\u00eda. Quedan tus zapatones amarillos.<\/p>\n\n\n\n<p>\u00bfPor qu\u00e9 sigues aqu\u00ed? Te lo voy a decir, sigues aqu\u00ed, mordido, en un intento vano de eternizarte y de ser recordado \u2014lo est\u00e1s intentado, rat\u00f3n\u2014.<\/p>\n\n\n\n<p>Pero es in\u00fatil.<\/p>\n\n\n\n<p>Porque lo recordado, no es. Siquiera se parece al original, que muri\u00f3  cuando muri\u00f3. Ya no eres aquel que baila mientras le tira del rabo a una vaca o tortura a un gato para hacerlo chillar al son de la m\u00fasica; ya no recordamos al Mickey que da\u00f1a tan solo por seguir el ritmo de una canci\u00f3n, nada de zapatos tamborileando ni mono con tirantes ni orejas medianas; aquel es otro Mickey que gustaba de estirar cuellos de oca y sonre\u00eda infligiendo dolor en pel\u00edculas sin color.&nbsp;T\u00fa eres otro. <\/p>\n<\/div>\n<\/div>\n<\/div><\/div>\n<\/div><\/div>\n\n\n\n<figure class=\"wp-block-video\"><video height=\"480\" style=\"aspect-ratio: 576 \/ 480;\" width=\"576\" controls poster=\"https:\/\/benjaminescalonilla.info\/LaDeliciaDeLosJardines\/wp-content\/uploads\/2025\/10\/delicia_de_los_jardines_MMouse_POSTER.jpg\" src=\"https:\/\/benjaminescalonilla.info\/LaDeliciaDeLosJardines\/wp-content\/uploads\/2025\/10\/delicia_de_los_jardines_MMouse.mp4\"><\/video><figcaption class=\"wp-element-caption\">El Mickey de entre los minutos 5 y 6, ya no existe<\/figcaption><\/figure>\n\n\n\n<div class=\"wp-block-group alignwide has-background\" style=\"background-color:#ffffff\"><div class=\"wp-block-group__inner-container is-layout-flow wp-block-group-is-layout-flow\">\n<div class=\"wp-block-group\"><div class=\"wp-block-group__inner-container is-layout-flow wp-block-group-is-layout-flow\">\n<p class=\"has-drop-cap has-text-align-left\">Esto me trae a la cabeza aquella entrevista en Vogue a la saz\u00f3n de <em>Lolita<\/em>, en la que Nabokov soltaba la siguiente frase: \u201csiempre lo he llamado&nbsp;Lewis Carroll Carroll, porque fue el primer&nbsp;Humbert Humbert\u201d. \u00bfHa inmortalizado <em>Alicia en el pa\u00eds de las maravillas<\/em> a Lewis Carroll? Claro que no. Siquiera es una sombra lo que lleva su mismo nombre. Como en el caso de Mickey, nada queda hoy de aquel Lewis Carrol pederasta, denunciado por la familia de la Alicia de carne y hueso. Nada. <\/p>\n\n\n\n<p class=\"has-text-align-left\">No hay eternidad posible. <\/p>\n\n\n\n<h4 class=\"wp-block-heading\">Siempre es otro el recordado.<\/h4>\n\n\n\n<hr class=\"wp-block-separator has-css-opacity\"\/>\n<\/div><\/div>\n<\/div><\/div>\n\n\n\n<div style=\"height:100px\" aria-hidden=\"true\" class=\"wp-block-spacer\"><\/div>\n\n\n\n        <div class=\"wpProQuiz_content\" id=\"wpProQuiz_1\">\n                    <div style=\"display: none;\" class=\"wpProQuiz_time_limit\">\n            <div class=\"time\">L\u00edmite de tiempo: <span>0<\/span><\/div>\n            <div class=\"wpProQuiz_progress\"><\/div>\n        <\/div>\n                <div class=\"wpProQuiz_checkPage\" style=\"display: none;\">\n            <h4 class=\"wpProQuiz_header\">SUmario del cuestionario<\/h4>\n\n            <p>\n                <span>0<\/span> de 1  preguntas completado            <\/p>\n\n            <p>Preguntas:<\/p>\n\n            <div style=\"margin-bottom: 20px;\" class=\"wpProQuiz_box\">\n                <ol>\n                                            <li>1<\/li>\n                                    <\/ol>\n                <div style=\"clear: both;\"><\/div>\n            <\/div>\n\n            \n            <input type=\"button\" name=\"endQuizSummary\" value=\"Acabar el cuestionario\"\n                   class=\"wpProQuiz_button\">\n        <\/div>\n                <div class=\"wpProQuiz_infopage\" style=\"display: none;\">\n            <h4>Informaci\u00f3n<\/h4>\n\n            \n            <input type=\"button\" name=\"endInfopage\" value=\"Acabar el cuestionario\"\n                   class=\"wpProQuiz_button\">\n        <\/div>\n                <div class=\"wpProQuiz_text\">\n            <p>\n                <h3 class=\"p1\"><span class=\"s1\"><b>\u00bfQu\u00e9 opinas?<br \/>\n<\/b><\/span><span class=\"s1\"><b>\u00a1No jodas que t\u00fa tambi\u00e9n ans\u00edas ser inmortal!<\/b><\/span><\/h3>\n            <\/p>\n\n            \n            <div>\n                <input class=\"wpProQuiz_button\" type=\"button\" value=\"Empezar el cuestionario\"\n                       name=\"startQuiz\">\n            <\/div>\n        <\/div>\n                <div style=\"display: none;\" class=\"wpProQuiz_lock\">\n            <p>\n                Ya has realizado este cuestionario antes. Por tanto, no puedes empezarlo otra vez.            <\/p>\n        <\/div>\n                <div style=\"display: none;\" class=\"wpProQuiz_loadQuiz\">\n            <p>\n                Cargando el cuestionario...            <\/p>\n        <\/div>\n                <div style=\"display: none;\" class=\"wpProQuiz_startOnlyRegisteredUser\">\n            <p>\n                Debes ser un usuario registrado para poder realizar el cuestionario.            <\/p>\n        <\/div>\n                <div style=\"display: none;\" class=\"wpProQuiz_prerequisite\">\n            <p>\n                Tienes que terminar antes el siguiente cuestionario, para iniciar este cuestionario:                <span><\/span>\n            <\/p>\n        <\/div>\n                <div style=\"display: none;\" class=\"wpProQuiz_results\">\n            <h4 class=\"wpProQuiz_header\">Resultados<\/h4>\n                        <p class=\"wpProQuiz_time_limit_expired\" style=\"display: none;\">\n                El tiempo se ha terminado            <\/p>\n                                    <div class=\"wpProQuiz_catOverview\" style=\"display:none;\">\n                <h4>Categor\u00edas<\/h4>\n\n                <div style=\"margin-top: 10px;\">\n                    <ol>\n                                                    <li data-category_id=\"0\">\n                                <span class=\"wpProQuiz_catName\">No asignada a ninguna categor\u00eda<\/span>\n                                <span class=\"wpProQuiz_catPercent\">0%<\/span>\n                            <\/li>\n                                            <\/ol>\n                <\/div>\n            <\/div>\n            <div>\n                <ul class=\"wpProQuiz_resultsList\">\n                                            <li style=\"display: none;\">\n                            <div>\n                                <p>El ego, ese bicho que tenemos dentro quiz\u00e1 no sea tan da\u00f1ino, quiz\u00e1 me he excedido y las opciones de respuesta resultasen capciosas. Deja que te lo aclare, que me desahogue en alto.<br \/>\n<a href=\"https:\/\/benjaminescalonilla.info\/LaDeliciaDeLosJardines\/15-2\/\">Ir a cap\u00edtulo 1,5<\/a><\/p>\n                            <\/div>\n                        <\/li>\n                                            <li style=\"display: none;\">\n                            <div>\n                                <p>Es cierto, me he puesto un poco sombrerero (hat + er) y no he hablado a\u00fan de El Bosco. Acompa\u00f1adme a mi primer encuentro con El jard\u00edn de las delicias. <a href=\"https:\/\/benjaminescalonilla.info\/LaDeliciaDeLosJardines\/benjamin-arreglate-nos-vamos\/\">Ir a cap\u00edtulo 2<\/a><\/p>\n                            <\/div>\n                        <\/li>\n                                    <\/ul>\n            <\/div>\n                        <div style=\"margin: 10px 0px;\">\n                                            <\/div>\n        <\/div>\n                <div class=\"wpProQuiz_reviewDiv\" style=\"display: none;\">\n            <div class=\"wpProQuiz_reviewQuestion\">\n                <ol>\n                                            <li>1<\/li>\n                                    <\/ol>\n                <div style=\"display: none;\"><\/div>\n            <\/div>\n            <div class=\"wpProQuiz_reviewLegend\">\n                <ol>\n                    <li>\n                        <span class=\"wpProQuiz_reviewColor\" style=\"background-color: #6CA54C;\"><\/span>\n                        <span class=\"wpProQuiz_reviewText\">Contestada<\/span>\n                    <\/li>\n                    <li>\n                        <span class=\"wpProQuiz_reviewColor\" style=\"background-color: #FFB800;\"><\/span>\n                        <span class=\"wpProQuiz_reviewText\">Revisada<\/span>\n                    <\/li>\n                <\/ol>\n                <div style=\"clear: both;\"><\/div>\n            <\/div>\n            <div>\n                                    <input type=\"button\" name=\"review\" value=\"Revisar la pregunta\"\n                           class=\"wpProQuiz_button2\" style=\"float: left; display: block;\">\n                                            <input type=\"button\" name=\"quizSummary\"\n                               value=\"SUmario del cuestionario\" class=\"wpProQuiz_button2\"\n                               style=\"float: right;\">\n                                        <div style=\"clear: both;\"><\/div>\n                            <\/div>\n        <\/div>\n                <div class=\"wpProQuiz_quizAnker\" style=\"display: none;\"><\/div>\n                <div style=\"display: none;\" class=\"wpProQuiz_quiz\">\n            <ol class=\"wpProQuiz_list\">\n                                    <li class=\"wpProQuiz_listItem\" style=\"display: none;\">\n                        <div\n                            class=\"wpProQuiz_question_page\" style=\"display:none;\" >\n                            Pregunta <span>1<\/span> de <span>1<\/span>                        <\/div>\n                        <h5 style=\"display: none;\"\n                            class=\"wpProQuiz_header\">\n                            <span>1<\/span>. Pregunta                        <\/h5>\n\n                        \n                                                <div class=\"wpProQuiz_question\" style=\"margin: 10px 0 0 0;\">\n                            <div class=\"wpProQuiz_question_text\">\n                                <h3 class=\"p1\"><span class=\"s1\"><b>\u00bfQu\u00e9 opinas?<br \/>\n<\/b><\/span>No jodas que t\u00fa tambi\u00e9n ans\u00edas ser inmortal<\/h3>\n                            <\/div>\n                                                        <ul class=\"wpProQuiz_questionList\" data-question_id=\"6\"\n                                data-type=\"single\">\n                                \n                                    <li class=\"wpProQuiz_questionListItem\" data-pos=\"0\">\n\n                                                                                                                                <span style=\"display:none;\"><\/span>\n                                            <label>\n                                                <input class=\"wpProQuiz_questionInput\"\n                                                       type=\"radio\"\n                                                       name=\"question_1_6\"\n                                                       value=\"1\">  S\u00ed, como t\u00fa, \u00bfa qu\u00e9 viene ese \"tambi\u00e9n\", sino? Aunque sea plantando un \u00e1rbol. Que mi huella no sea solo de carbono y contaminaci\u00f3n.                                             <\/label>\n\n                                                                            <\/li>\n                                    \n                                    <li class=\"wpProQuiz_questionListItem\" data-pos=\"1\">\n\n                                                                                                                                <span style=\"display:none;\"><\/span>\n                                            <label>\n                                                <input class=\"wpProQuiz_questionInput\"\n                                                       type=\"radio\"\n                                                       name=\"question_1_6\"\n                                                       value=\"2\"> Te has puesto un poco hater y me duele que hayas estado mordisqueando a MMouse.                                             <\/label>\n\n                                                                            <\/li>\n                                    \n                                    <li class=\"wpProQuiz_questionListItem\" data-pos=\"2\">\n\n                                                                                                                                <span style=\"display:none;\"><\/span>\n                                            <label>\n                                                <input class=\"wpProQuiz_questionInput\"\n                                                       type=\"radio\"\n                                                       name=\"question_1_6\"\n                                                       value=\"3\">  No lo ans\u00edo; el ego me repugna. El camino es la humildad, la ausencia de identidad.                                             <\/label>\n\n                                                                            <\/li>\n                                    \n                                    <li class=\"wpProQuiz_questionListItem\" data-pos=\"3\">\n\n                                                                                                                                <span style=\"display:none;\"><\/span>\n                                            <label>\n                                                <input class=\"wpProQuiz_questionInput\"\n                                                       type=\"radio\"\n                                                       name=\"question_1_6\"\n                                                       value=\"4\"> Coincido, la inmortalidad es balad\u00ed.                                             <\/label>\n\n                                                                            <\/li>\n                                                                <\/ul>\n                        <\/div>\n                        \n                        \n                                                <input type=\"button\" name=\"back\" value=\"Volver atr\u00e1s\"\n                               class=\"wpProQuiz_button wpProQuiz_QuestionButton\"\n                               style=\"float: left !important; margin-right: 10px !important; display: none;\">\n                                                <input type=\"button\" name=\"check\" value=\"Comprobar\"\n                               class=\"wpProQuiz_button wpProQuiz_QuestionButton\"\n                               style=\"float: right !important; margin-right: 10px !important; display: none;\">\n                        <input type=\"button\" name=\"next\" value=\"Siguiente\"\n                               class=\"wpProQuiz_button wpProQuiz_QuestionButton\" style=\"float: right; display: none;\">\n\n                        <div style=\"clear: both;\"><\/div>\n\n                        \n                    <\/li>\n\n                            <\/ol>\n                    <\/div>\n                <\/div>\n                <script type=\"text\/javascript\">\n            window.wpProQuizInitList = window.wpProQuizInitList || [];\n\n            window.wpProQuizInitList.push({\n                id: '#wpProQuiz_1',\n                init: {\n                    quizId: 1,\n                    mode: 0,\n                    globalPoints: 1,\n                    timelimit: 0,\n                    resultsGrade: [66,0],\n                    bo: 5124,\n                    qpp: 0,\n                    catPoints: [1],\n                    formPos: 0,\n                    lbn: \"Acabar el cuestionario\",\n                    json: {\"6\":{\"type\":\"single\",\"id\":6,\"catId\":0,\"points\":1,\"correct\":[0,1,0,0]}}                }\n            });\n        <\/script>\n        \n\n\n\n<div style=\"height:20px\" aria-hidden=\"true\" class=\"wp-block-spacer\"><\/div>\n\n\n\n<p class=\"has-drop-cap has-background\" style=\"background-color:#f9d439\">\u00bfY qu\u00e9 tiene que ver todo esto con el tr\u00edptico de El Bosco? Tiene. Al menos en mi relaci\u00f3n con \u00e9l. Dejadme que os cuente c\u00f3mo fue mi primera visita a las tres tablas y c\u00f3mo me afect\u00f3 El jard\u00edn de las delicias; acompa\u00f1adme al <a href=\"https:\/\/benjaminescalonilla.info\/LaDeliciaDeLosJardines\/benjamin-arreglate-nos-vamos\/\">cap\u00edtulo dos<\/a>.<\/p>\n\n\n\n<div class=\"wp-block-button is-style-fill\"><a class=\"wp-block-button__link has-secondary-color has-text-color has-background wp-element-button\" href=\"https:\/\/benjaminescalonilla.info\/LaDeliciaDeLosJardines\/benjamin-arreglate-nos-vamos\/\" style=\"background-color:#f9d439\">ir a cap\u00edtulo 02<\/a><\/div>\n","protected":false},"excerpt":{"rendered":"<p>Os hablo de mi relaci\u00f3n con El jard\u00edn de las delicias en el cap\u00edtulo 02, pero antes, quisiera empezar con este cap\u00edtulo colateral, que en el fondo es su consecuencia. \u2013 Cap\u00edtulo 01 \/ 21 \u2013 | cap\u00edtulo 02 &gt; Mastiqu\u00e9 las orejotas de Mickey Mouse (y de otros bichejos del jard\u00edn) \u00abLe mord\u00ed los [&hellip;]<\/p>\n","protected":false},"author":1,"featured_media":1298,"parent":0,"menu_order":0,"comment_status":"closed","ping_status":"closed","template":"","meta":{"footnotes":""},"class_list":["post-6","page","type-page","status-publish","has-post-thumbnail","hentry"],"_links":{"self":[{"href":"https:\/\/benjaminescalonilla.info\/LaDeliciaDeLosJardines\/wp-json\/wp\/v2\/pages\/6","targetHints":{"allow":["GET"]}}],"collection":[{"href":"https:\/\/benjaminescalonilla.info\/LaDeliciaDeLosJardines\/wp-json\/wp\/v2\/pages"}],"about":[{"href":"https:\/\/benjaminescalonilla.info\/LaDeliciaDeLosJardines\/wp-json\/wp\/v2\/types\/page"}],"author":[{"embeddable":true,"href":"https:\/\/benjaminescalonilla.info\/LaDeliciaDeLosJardines\/wp-json\/wp\/v2\/users\/1"}],"replies":[{"embeddable":true,"href":"https:\/\/benjaminescalonilla.info\/LaDeliciaDeLosJardines\/wp-json\/wp\/v2\/comments?post=6"}],"version-history":[{"count":127,"href":"https:\/\/benjaminescalonilla.info\/LaDeliciaDeLosJardines\/wp-json\/wp\/v2\/pages\/6\/revisions"}],"predecessor-version":[{"id":1602,"href":"https:\/\/benjaminescalonilla.info\/LaDeliciaDeLosJardines\/wp-json\/wp\/v2\/pages\/6\/revisions\/1602"}],"wp:featuredmedia":[{"embeddable":true,"href":"https:\/\/benjaminescalonilla.info\/LaDeliciaDeLosJardines\/wp-json\/wp\/v2\/media\/1298"}],"wp:attachment":[{"href":"https:\/\/benjaminescalonilla.info\/LaDeliciaDeLosJardines\/wp-json\/wp\/v2\/media?parent=6"}],"curies":[{"name":"wp","href":"https:\/\/api.w.org\/{rel}","templated":true}]}}