{"id":627,"date":"2020-05-01T19:21:55","date_gmt":"2020-05-01T19:21:55","guid":{"rendered":"https:\/\/benjaminescalonilla.info\/LaDeliciaDeLosJardines\/?page_id=627"},"modified":"2020-05-16T13:07:11","modified_gmt":"2020-05-16T13:07:11","slug":"25-2","status":"publish","type":"page","link":"https:\/\/benjaminescalonilla.info\/LaDeliciaDeLosJardines\/25-2\/","title":{"rendered":"2,5 \/ 21"},"content":{"rendered":"\n<p class=\"has-drop-cap\">Hablar de las rendijas entre las tablas, de los bornes, los churretones de barniz, de la uni\u00f3n del mundo on\u00edrico y el mundo simpl\u00f3n&nbsp;en el que escribo esto, en el que t\u00fa lo lees, <br>es hablar del intervalo, de la grieta, de los cap\u00edtulos ocultos coma cinco; \u00bfle\u00edste el <a href=\"https:\/\/benjaminescalonilla.info\/LaDeliciaDeLosJardines\/15-2\/\">1,5<\/a> por cierto?<\/p>\n\n\n\n<p>En fin, aqu\u00ed estamos, t\u00fa y yo, en esta rendija; y qu\u00e9 quieres que te diga, me hace ilusi\u00f3n. Tanta leche y tanto v\u00e9rtigo de todo lo que queda por contar: amores, dudas, El Bosco, la <em>anodinidad<\/em>, los ox\u00edmoron, la fantas\u00eda, y en cambio, podernos permitir esta pausa, bendita pausa; me gusta, me da un respiro, me recuerda a un cigarro de cuando fumaba. <\/p>\n\n\n\n<h2 class=\"wp-block-heading\">\u00abUn intervalo es un glitch para la inmortalidad\u00bb. <\/h2>\n\n\n\n<figure class=\"wp-block-image alignfull size-full\"><img loading=\"lazy\" decoding=\"async\" width=\"378\" height=\"400\" src=\"https:\/\/benjaminescalonilla.info\/LaDeliciaDeLosJardines\/wp-content\/uploads\/2020\/05\/glitch.gif\" alt=\"\" class=\"wp-image-630\"\/><\/figure>\n\n\n\n<p>Sigamos:<\/p>\n\n\n\n<div class=\"wp-block-buttons is-layout-flex wp-block-buttons-is-layout-flex\">\n<div class=\"wp-block-button\"><a class=\"wp-block-button__link\" href=\"https:\/\/benjaminescalonilla.info\/LaDeliciaDeLosJardines\/quien-soy-yo\/\">CAP\u00cdTULO 03<\/a><\/div>\n<\/div>\n","protected":false},"excerpt":{"rendered":"<p>Hablar de las rendijas entre las tablas, de los bornes, los churretones de barniz, de la uni\u00f3n del mundo on\u00edrico y el mundo simpl\u00f3n&nbsp;en el que escribo esto, en el que t\u00fa lo lees, es hablar del intervalo, de la grieta, de los cap\u00edtulos ocultos coma cinco; \u00bfle\u00edste el 1,5 por cierto? En fin, aqu\u00ed [&hellip;]<\/p>\n","protected":false},"author":1,"featured_media":0,"parent":0,"menu_order":0,"comment_status":"closed","ping_status":"closed","template":"","meta":{"footnotes":""},"class_list":["post-627","page","type-page","status-publish","hentry"],"_links":{"self":[{"href":"https:\/\/benjaminescalonilla.info\/LaDeliciaDeLosJardines\/wp-json\/wp\/v2\/pages\/627","targetHints":{"allow":["GET"]}}],"collection":[{"href":"https:\/\/benjaminescalonilla.info\/LaDeliciaDeLosJardines\/wp-json\/wp\/v2\/pages"}],"about":[{"href":"https:\/\/benjaminescalonilla.info\/LaDeliciaDeLosJardines\/wp-json\/wp\/v2\/types\/page"}],"author":[{"embeddable":true,"href":"https:\/\/benjaminescalonilla.info\/LaDeliciaDeLosJardines\/wp-json\/wp\/v2\/users\/1"}],"replies":[{"embeddable":true,"href":"https:\/\/benjaminescalonilla.info\/LaDeliciaDeLosJardines\/wp-json\/wp\/v2\/comments?post=627"}],"version-history":[{"count":19,"href":"https:\/\/benjaminescalonilla.info\/LaDeliciaDeLosJardines\/wp-json\/wp\/v2\/pages\/627\/revisions"}],"predecessor-version":[{"id":1353,"href":"https:\/\/benjaminescalonilla.info\/LaDeliciaDeLosJardines\/wp-json\/wp\/v2\/pages\/627\/revisions\/1353"}],"wp:attachment":[{"href":"https:\/\/benjaminescalonilla.info\/LaDeliciaDeLosJardines\/wp-json\/wp\/v2\/media?parent=627"}],"curies":[{"name":"wp","href":"https:\/\/api.w.org\/{rel}","templated":true}]}}