{"id":647,"date":"2020-05-02T17:50:09","date_gmt":"2020-05-02T17:50:09","guid":{"rendered":"https:\/\/benjaminescalonilla.info\/LaDeliciaDeLosJardines\/?page_id=647"},"modified":"2020-05-16T14:59:36","modified_gmt":"2020-05-16T14:59:36","slug":"capitulo-13","status":"publish","type":"page","link":"https:\/\/benjaminescalonilla.info\/LaDeliciaDeLosJardines\/capitulo-13\/","title":{"rendered":"Cap\u00edtulo 13"},"content":{"rendered":"\n<p class=\"has-text-align-center\">&#8211; Cap\u00edtulo 13 \/ 21 &#8211;<br>&lt; <a href=\"https:\/\/benjaminescalonilla.info\/LaDeliciaDeLosJardines\/yo-no-leo-en-el-sofa\/\">cap\u00edtulo 12<\/a> | <a href=\"https:\/\/benjaminescalonilla.info\/LaDeliciaDeLosJardines\/garza-blanca\/\">cap\u00edtulo 14<\/a> ><\/p>\n\n\n\n<p class=\"has-text-align-center\">  <\/p>\n\n\n\n<figure class=\"wp-block-image size-large\"><img loading=\"lazy\" decoding=\"async\" width=\"932\" height=\"745\" src=\"https:\/\/benjaminescalonilla.info\/LaDeliciaDeLosJardines\/wp-content\/uploads\/2020\/05\/ilustacion-ERRES-o-Hc_final-1.png\" alt=\"\" class=\"wp-image-1039\" srcset=\"https:\/\/benjaminescalonilla.info\/LaDeliciaDeLosJardines\/wp-content\/uploads\/2020\/05\/ilustacion-ERRES-o-Hc_final-1.png 932w, https:\/\/benjaminescalonilla.info\/LaDeliciaDeLosJardines\/wp-content\/uploads\/2020\/05\/ilustacion-ERRES-o-Hc_final-1-300x240.png 300w, https:\/\/benjaminescalonilla.info\/LaDeliciaDeLosJardines\/wp-content\/uploads\/2020\/05\/ilustacion-ERRES-o-Hc_final-1-768x614.png 768w\" sizes=\"auto, (max-width: 932px) 100vw, 932px\" \/><\/figure>\n\n\n\n<div class=\"wp-block-group alignfull has-background\" style=\"background-color:#ffffff\"><div class=\"wp-block-group__inner-container is-layout-flow wp-block-group-is-layout-flow\">\n<p class=\"has-drop-cap\">All\u00ed a lo lejos veo a un se\u00f1or con sombrero de p\u00e1jaro y el culo al aire que se encuentra bostezando ox\u00edmoron(es)*, recostado contra una burbuja azulona.<\/p>\n\n\n\n<p>Por su aspecto deca\u00eddo, me atrevo a aventurar que sufre una ligera (de)presi\u00f3n judeocristiana a causa del fracaso; la falta de inmortalidad. Es una sensaci\u00f3n que le acompa\u00f1a a diario, como un dios omnipresente, pero que en este mes de octubre se vuelve especialmente intensa. Se culpa por ello.<\/p>\n\n\n\n<p>Cerca de \u00e9l, un sapo-vaca devora un ranardo gigante. El se\u00f1or con sombrero parece estar acostumbrado a este tipo de escenas, porque no presta la menor atenci\u00f3n. Tiene un vaso en la mano que sin duda considera medio vac\u00edo. <\/p>\n\n\n\n<p>Se le acerca una mujer que debe de ser su pareja, por la charla cotidiana que mantienen sin ni siquiera haberse mirado a la cara. El hombre se arregla el sombrero aviar y hace como que silba. Parece querer disimular su estado de \u00e1nimo.<\/p>\n\n\n\n<div class=\"wp-block-group has-background\" style=\"background-color:#51f31f\"><div class=\"wp-block-group__inner-container is-layout-flow wp-block-group-is-layout-flow\">\n<h3 class=\"wp-block-heading\">\u00bfLe confesar\u00edas a tu pareja tu sensaci\u00f3n de fracaso, tus miserias?<\/h3>\n\n\n\n<ol class=\"wp-block-list\"><li><a href=\"https:\/\/benjaminescalonilla.info\/LaDeliciaDeLosJardines\/135_1\/\">S\u00ed. Si no, no ser\u00edamos pareja, sino un cad\u00e1ver bic\u00e9falo<\/a>.<\/li><li><a href=\"https:\/\/benjaminescalonilla.info\/LaDeliciaDeLosJardines\/135_2\/\">No. La pareja es un juego de equilibrios donde es peligroso mostrar debilidades<\/a>. <\/li><\/ol>\n<\/div><\/div>\n<\/div><\/div>\n\n\n\n<div style=\"height:64px\" aria-hidden=\"true\" class=\"wp-block-spacer\"><\/div>\n\n\n\n<p style=\"font-size:17px\">* Cu\u00eddate de pronunciar en alto el plural de ox\u00edmoron, puede ser fatal. S\u00ed, es cierto que la RAE dice que su plural es la misma palabra, pero lo dice solo porque si pronuncias a grito pelado el plural natural: ox\u00edmorones, se te produce una traqueotom\u00eda por retorcimiento de la lengua que es causa probable de muete. <\/p>\n\n\n\n<p style=\"font-size:17px\">He o\u00eddo decir, por otro lado, que el grito produce un placer delicioso.<\/p>\n\n\n\n<div class=\"wp-block-buttons is-layout-flex wp-block-buttons-is-layout-flex\">\n<div class=\"wp-block-button\"><a class=\"wp-block-button__link\" href=\"https:\/\/benjaminescalonilla.info\/LaDeliciaDeLosJardines\/garza-blanca\/\">CAP\u00cdTULO 14<\/a><\/div>\n<\/div>\n","protected":false},"excerpt":{"rendered":"<p>&#8211; Cap\u00edtulo 13 \/ 21 &#8211;&lt; cap\u00edtulo 12 | cap\u00edtulo 14 > All\u00ed a lo lejos veo a un se\u00f1or con sombrero de p\u00e1jaro y el culo al aire que se encuentra bostezando ox\u00edmoron(es)*, recostado contra una burbuja azulona. Por su aspecto deca\u00eddo, me atrevo a aventurar que sufre una ligera (de)presi\u00f3n judeocristiana a causa [&hellip;]<\/p>\n","protected":false},"author":1,"featured_media":0,"parent":0,"menu_order":0,"comment_status":"closed","ping_status":"closed","template":"","meta":{"footnotes":""},"class_list":["post-647","page","type-page","status-publish","hentry"],"_links":{"self":[{"href":"https:\/\/benjaminescalonilla.info\/LaDeliciaDeLosJardines\/wp-json\/wp\/v2\/pages\/647","targetHints":{"allow":["GET"]}}],"collection":[{"href":"https:\/\/benjaminescalonilla.info\/LaDeliciaDeLosJardines\/wp-json\/wp\/v2\/pages"}],"about":[{"href":"https:\/\/benjaminescalonilla.info\/LaDeliciaDeLosJardines\/wp-json\/wp\/v2\/types\/page"}],"author":[{"embeddable":true,"href":"https:\/\/benjaminescalonilla.info\/LaDeliciaDeLosJardines\/wp-json\/wp\/v2\/users\/1"}],"replies":[{"embeddable":true,"href":"https:\/\/benjaminescalonilla.info\/LaDeliciaDeLosJardines\/wp-json\/wp\/v2\/comments?post=647"}],"version-history":[{"count":35,"href":"https:\/\/benjaminescalonilla.info\/LaDeliciaDeLosJardines\/wp-json\/wp\/v2\/pages\/647\/revisions"}],"predecessor-version":[{"id":1407,"href":"https:\/\/benjaminescalonilla.info\/LaDeliciaDeLosJardines\/wp-json\/wp\/v2\/pages\/647\/revisions\/1407"}],"wp:attachment":[{"href":"https:\/\/benjaminescalonilla.info\/LaDeliciaDeLosJardines\/wp-json\/wp\/v2\/media?parent=647"}],"curies":[{"name":"wp","href":"https:\/\/api.w.org\/{rel}","templated":true}]}}