{"id":683,"date":"2020-05-04T17:48:42","date_gmt":"2020-05-04T17:48:42","guid":{"rendered":"https:\/\/benjaminescalonilla.info\/LaDeliciaDeLosJardines\/?page_id=683"},"modified":"2020-05-16T13:06:58","modified_gmt":"2020-05-16T13:06:58","slug":"135_2","status":"publish","type":"page","link":"https:\/\/benjaminescalonilla.info\/LaDeliciaDeLosJardines\/135_2\/","title":{"rendered":"13,5_2"},"content":{"rendered":"\n<p class=\"has-text-align-center\">&#8211; Cap\u00edtulo 13,5 (2) \/ 21 &#8211;<\/p>\n\n\n\n<div class=\"wp-block-group has-background\" style=\"background-color:#51f31f\"><div class=\"wp-block-group__inner-container is-layout-flow wp-block-group-is-layout-flow\">\n<p class=\"has-drop-cap\">El hombre con sombrero de p\u00e1jaro piensa igual que t\u00fa; esa misma noche, entre cantos de b\u00faho, abandona la idea de confes\u00e1rselo a su pareja. La decisi\u00f3n tendr\u00e1 consecuencias. Haber tenido la oportunidad de compartir la carga, y no haberlo hecho, le pesar\u00e1, nunca mejor dicho. <\/p>\n\n\n\n<p>\u00bfQu\u00e9 habr\u00eda pasado de confesarle su pesar? Nunca lo sabr\u00e1.<\/p>\n\n\n\n<p>Pasan los a\u00f1os y cargar \u00e9l solo con el peso del fracaso le vuelve trist\u00f3n y taciturno. Ha dejado de escuchar el canto de los p\u00e1jaros y solo escucha m\u00fasica drone: <\/p>\n\n\n\n<iframe style=\"border: 0; width: 100%; height: 120px;\" src=\"https:\/\/bandcamp.com\/EmbeddedPlayer\/album=1121476415\/size=large\/bgcol=ffffff\/linkcol=f171a2\/tracklist=false\/artwork=small\/transparent=true\/\" seamless=\"\"><a href=\"http:\/\/sarahdavachi.bandcamp.com\/album\/horae\">Horae by Sarah Davachi<\/a><\/iframe>\n\n\n\n<div style=\"height:38px\" aria-hidden=\"true\" class=\"wp-block-spacer\"><\/div>\n\n\n\n<p class=\"has-drop-cap\">Quince a\u00f1os despu\u00e9s de aquella noche entre cantos de b\u00faho, cuando en la pareja hay m\u00e1s compa\u00f1\u00eda que cari\u00f1o, le vuelve la pregunta que hab\u00eda olvidado todos estos a\u00f1os. <\/p>\n\n\n\n<h2 class=\"wp-block-heading\">\u00bfQu\u00e9 habr\u00eda pasado de confesarle su pesar?<\/h2>\n<\/div><\/div>\n\n\n\n<div class=\"wp-block-buttons is-layout-flex wp-block-buttons-is-layout-flex\">\n<div class=\"wp-block-button\"><a class=\"wp-block-button__link\" href=\"https:\/\/benjaminescalonilla.info\/LaDeliciaDeLosJardines\/garza-blanca\/\">cap\u00edtulo 14<\/a><\/div>\n<\/div>\n","protected":false},"excerpt":{"rendered":"<p>&#8211; Cap\u00edtulo 13,5 (2) \/ 21 &#8211; El hombre con sombrero de p\u00e1jaro piensa igual que t\u00fa; esa misma noche, entre cantos de b\u00faho, abandona la idea de confes\u00e1rselo a su pareja. La decisi\u00f3n tendr\u00e1 consecuencias. Haber tenido la oportunidad de compartir la carga, y no haberlo hecho, le pesar\u00e1, nunca mejor dicho. \u00bfQu\u00e9 habr\u00eda [&hellip;]<\/p>\n","protected":false},"author":1,"featured_media":0,"parent":0,"menu_order":0,"comment_status":"closed","ping_status":"closed","template":"","meta":{"footnotes":""},"class_list":["post-683","page","type-page","status-publish","hentry"],"_links":{"self":[{"href":"https:\/\/benjaminescalonilla.info\/LaDeliciaDeLosJardines\/wp-json\/wp\/v2\/pages\/683","targetHints":{"allow":["GET"]}}],"collection":[{"href":"https:\/\/benjaminescalonilla.info\/LaDeliciaDeLosJardines\/wp-json\/wp\/v2\/pages"}],"about":[{"href":"https:\/\/benjaminescalonilla.info\/LaDeliciaDeLosJardines\/wp-json\/wp\/v2\/types\/page"}],"author":[{"embeddable":true,"href":"https:\/\/benjaminescalonilla.info\/LaDeliciaDeLosJardines\/wp-json\/wp\/v2\/users\/1"}],"replies":[{"embeddable":true,"href":"https:\/\/benjaminescalonilla.info\/LaDeliciaDeLosJardines\/wp-json\/wp\/v2\/comments?post=683"}],"version-history":[{"count":15,"href":"https:\/\/benjaminescalonilla.info\/LaDeliciaDeLosJardines\/wp-json\/wp\/v2\/pages\/683\/revisions"}],"predecessor-version":[{"id":1352,"href":"https:\/\/benjaminescalonilla.info\/LaDeliciaDeLosJardines\/wp-json\/wp\/v2\/pages\/683\/revisions\/1352"}],"wp:attachment":[{"href":"https:\/\/benjaminescalonilla.info\/LaDeliciaDeLosJardines\/wp-json\/wp\/v2\/media?parent=683"}],"curies":[{"name":"wp","href":"https:\/\/api.w.org\/{rel}","templated":true}]}}