{"id":691,"date":"2020-05-04T20:56:16","date_gmt":"2020-05-04T20:56:16","guid":{"rendered":"https:\/\/benjaminescalonilla.info\/LaDeliciaDeLosJardines\/?page_id=691"},"modified":"2020-05-16T15:01:34","modified_gmt":"2020-05-16T15:01:34","slug":"garza-blanca","status":"publish","type":"page","link":"https:\/\/benjaminescalonilla.info\/LaDeliciaDeLosJardines\/garza-blanca\/","title":{"rendered":"Garza blanca"},"content":{"rendered":"\n<p class=\"has-text-align-center\">\u2013 Cap\u00edtulo 14 \/ 21 \u2013<br>&lt; <a href=\"https:\/\/benjaminescalonilla.info\/LaDeliciaDeLosJardines\/capitulo-13\/\">cap\u00edtulo 13<\/a> | <a href=\"https:\/\/benjaminescalonilla.info\/LaDeliciaDeLosJardines\/aroma\/\">cap\u00edtulo 15<\/a> ><\/p>\n\n\n\n<div class=\"wp-block-group alignfull\"><div class=\"wp-block-group__inner-container is-layout-flow wp-block-group-is-layout-flow\">\n<figure class=\"wp-block-image size-full is-style-default\"><img loading=\"lazy\" decoding=\"async\" width=\"457\" height=\"530\" src=\"https:\/\/benjaminescalonilla.info\/LaDeliciaDeLosJardines\/wp-content\/uploads\/2020\/05\/garza_blanca_blanca.png\" alt=\"\" class=\"wp-image-765\" srcset=\"https:\/\/benjaminescalonilla.info\/LaDeliciaDeLosJardines\/wp-content\/uploads\/2020\/05\/garza_blanca_blanca.png 457w, https:\/\/benjaminescalonilla.info\/LaDeliciaDeLosJardines\/wp-content\/uploads\/2020\/05\/garza_blanca_blanca-259x300.png 259w\" sizes=\"auto, (max-width: 457px) 100vw, 457px\" \/><\/figure>\n<\/div><\/div>\n\n\n\n<h2 class=\"wp-block-heading\">\u00abSe escuchan sonidos ajardinados, fauna, viento rascando ramas, p\u00e9talos y flora\u00bb.&nbsp;<\/h2>\n\n\n\n<div class=\"wp-block-group has-background\" style=\"background-color:#ffffff\"><div class=\"wp-block-group__inner-container is-layout-flow wp-block-group-is-layout-flow\">\n<p>Una mujer joven, hermosa, ejecutiva, desde lo alto de un mimoide o una simetr\u00edada o una atalaya escucha a alguien, otra mujer, un hombre, qu\u00e9 m\u00e1s da, que le habla del \u00e9xito. Le dice con voz neutra, limpia, aguda, que siempre ha sospechado de la suciedad en el \u00e9xito \u2014\u00bfc\u00f3mo es eso?\u2014, cabezas que se requiere pisar \u2014aclara\u2014, tener que dejarse encular equis veces, el exceso de sacrificio y peloteo necesarios; la injusticia de la suerte, la influencia de conocidos adecuados&#8230;<\/p>\n\n\n\n<p>\u2014Pero no siempre es as\u00ed.<\/p>\n\n\n\n<p>\u2014Pero no sabes cu\u00e1ndo s\u00ed es as\u00ed \u2014hizo una pausa reflexiva\u2014. He preferido mirar a los que pierden, m\u00e1s que a los que ganan. Y no ha sido por compasi\u00f3n o simpat\u00eda, sino porque en el fracaso no se encuentra la suciedad ni la arrogancia ni la falsa humildad, tampoco la condescendencia&#8230;<\/p>\n\n\n\n<p>\u2014Pero s\u00ed el resentimiento y, a\u00fan peor, la autocompasi\u00f3n, la detesto; no hay nada peor que alguien compadeci\u00e9ndose&#8230;<\/p>\n\n\n\n<hr class=\"wp-block-separator\"\/>\n\n\n\n<p class=\"has-drop-cap\">El hombre o la mujer \u2014qu\u00e9 m\u00e1s da\u2014 descendi\u00f3 y le lami\u00f3 los labios con ese sabor \u00e1cido de lo inesperado y lo prohibido.&nbsp;<\/p>\n\n\n\n<p>La sorpresa, may\u00fascula, le produjo tal reacci\u00f3n, que doli\u00f3. Inundadas de sangre sus sienes, trat\u00f3 de dar salida a tanta emoci\u00f3n y virulencia devolviendo el gesto con un beso cargado de dulzura el\u00e9ctrica. <\/p>\n<\/div><\/div>\n\n\n\n<div style=\"height:33px\" aria-hidden=\"true\" class=\"wp-block-spacer\"><\/div>\n\n\n\n<div class=\"wp-block-group has-background\" style=\"background-color:#ffffff\"><div class=\"wp-block-group__inner-container is-layout-flow wp-block-group-is-layout-flow\">\n<p class=\"has-drop-cap\">Un par de garzas blancas montadas sobre una cabra, graznaron bien alto, como en eco. Arriba, un pez volador portaba una cereza de un hermoso rojo oscuro <\/p>\n\n\n\n<p>y la dej\u00f3 caer.<\/p>\n<\/div><\/div>\n\n\n\n<figure class=\"wp-block-image size-large\"><img loading=\"lazy\" decoding=\"async\" width=\"331\" height=\"511\" src=\"https:\/\/benjaminescalonilla.info\/LaDeliciaDeLosJardines\/wp-content\/uploads\/2020\/05\/IMG_1731.png\" alt=\"\" class=\"wp-image-712\" srcset=\"https:\/\/benjaminescalonilla.info\/LaDeliciaDeLosJardines\/wp-content\/uploads\/2020\/05\/IMG_1731.png 331w, https:\/\/benjaminescalonilla.info\/LaDeliciaDeLosJardines\/wp-content\/uploads\/2020\/05\/IMG_1731-194x300.png 194w\" sizes=\"auto, (max-width: 331px) 100vw, 331px\" \/><\/figure>\n\n\n\n<div class=\"wp-block-buttons is-layout-flex wp-block-buttons-is-layout-flex\">\n<div class=\"wp-block-button\"><a class=\"wp-block-button__link\" href=\"https:\/\/benjaminescalonilla.info\/LaDeliciaDeLosJardines\/aroma\/\">CAP\u00cdTULO 15<\/a><\/div>\n<\/div>\n","protected":false},"excerpt":{"rendered":"<p>\u2013 Cap\u00edtulo 14 \/ 21 \u2013&lt; cap\u00edtulo 13 | cap\u00edtulo 15 > \u00abSe escuchan sonidos ajardinados, fauna, viento rascando ramas, p\u00e9talos y flora\u00bb.&nbsp; Una mujer joven, hermosa, ejecutiva, desde lo alto de un mimoide o una simetr\u00edada o una atalaya escucha a alguien, otra mujer, un hombre, qu\u00e9 m\u00e1s da, que le habla del \u00e9xito. [&hellip;]<\/p>\n","protected":false},"author":1,"featured_media":0,"parent":0,"menu_order":0,"comment_status":"closed","ping_status":"closed","template":"","meta":{"footnotes":""},"class_list":["post-691","page","type-page","status-publish","hentry"],"_links":{"self":[{"href":"https:\/\/benjaminescalonilla.info\/LaDeliciaDeLosJardines\/wp-json\/wp\/v2\/pages\/691","targetHints":{"allow":["GET"]}}],"collection":[{"href":"https:\/\/benjaminescalonilla.info\/LaDeliciaDeLosJardines\/wp-json\/wp\/v2\/pages"}],"about":[{"href":"https:\/\/benjaminescalonilla.info\/LaDeliciaDeLosJardines\/wp-json\/wp\/v2\/types\/page"}],"author":[{"embeddable":true,"href":"https:\/\/benjaminescalonilla.info\/LaDeliciaDeLosJardines\/wp-json\/wp\/v2\/users\/1"}],"replies":[{"embeddable":true,"href":"https:\/\/benjaminescalonilla.info\/LaDeliciaDeLosJardines\/wp-json\/wp\/v2\/comments?post=691"}],"version-history":[{"count":51,"href":"https:\/\/benjaminescalonilla.info\/LaDeliciaDeLosJardines\/wp-json\/wp\/v2\/pages\/691\/revisions"}],"predecessor-version":[{"id":1409,"href":"https:\/\/benjaminescalonilla.info\/LaDeliciaDeLosJardines\/wp-json\/wp\/v2\/pages\/691\/revisions\/1409"}],"wp:attachment":[{"href":"https:\/\/benjaminescalonilla.info\/LaDeliciaDeLosJardines\/wp-json\/wp\/v2\/media?parent=691"}],"curies":[{"name":"wp","href":"https:\/\/api.w.org\/{rel}","templated":true}]}}