{"id":7,"date":"2020-02-07T23:27:31","date_gmt":"2020-02-07T23:27:31","guid":{"rendered":"https:\/\/benjaminescalonilla.info\/LaDeliciaDeLosJardines\/?page_id=7"},"modified":"2024-07-10T18:25:54","modified_gmt":"2024-07-10T18:25:54","slug":"acerca-de","status":"publish","type":"page","link":"https:\/\/benjaminescalonilla.info\/LaDeliciaDeLosJardines\/acerca-de\/","title":{"rendered":"Autor"},"content":{"rendered":"\n<figure class=\"wp-block-image size-large\"><img loading=\"lazy\" decoding=\"async\" width=\"579\" height=\"579\" src=\"https:\/\/benjaminescalonilla.info\/LaDeliciaDeLosJardines\/wp-content\/uploads\/2020\/05\/delicia_de_los_jardines_portada_creditos.png\" alt=\"\" class=\"wp-image-1298\" srcset=\"https:\/\/benjaminescalonilla.info\/LaDeliciaDeLosJardines\/wp-content\/uploads\/2020\/05\/delicia_de_los_jardines_portada_creditos.png 579w, https:\/\/benjaminescalonilla.info\/LaDeliciaDeLosJardines\/wp-content\/uploads\/2020\/05\/delicia_de_los_jardines_portada_creditos-300x300.png 300w, https:\/\/benjaminescalonilla.info\/LaDeliciaDeLosJardines\/wp-content\/uploads\/2020\/05\/delicia_de_los_jardines_portada_creditos-150x150.png 150w\" sizes=\"auto, (max-width: 579px) 100vw, 579px\" \/><\/figure>\n\n\n\n<figure class=\"wp-block-image size-large\"><img loading=\"lazy\" decoding=\"async\" width=\"769\" height=\"1024\" src=\"https:\/\/benjaminescalonilla.info\/LaDeliciaDeLosJardines\/wp-content\/uploads\/2020\/05\/ese-sennor-con-corbata_amarillo-769x1024.jpg\" alt=\"\" class=\"wp-image-1299\" srcset=\"https:\/\/benjaminescalonilla.info\/LaDeliciaDeLosJardines\/wp-content\/uploads\/2020\/05\/ese-sennor-con-corbata_amarillo-769x1024.jpg 769w, https:\/\/benjaminescalonilla.info\/LaDeliciaDeLosJardines\/wp-content\/uploads\/2020\/05\/ese-sennor-con-corbata_amarillo-225x300.jpg 225w, https:\/\/benjaminescalonilla.info\/LaDeliciaDeLosJardines\/wp-content\/uploads\/2020\/05\/ese-sennor-con-corbata_amarillo-768x1023.jpg 768w, https:\/\/benjaminescalonilla.info\/LaDeliciaDeLosJardines\/wp-content\/uploads\/2020\/05\/ese-sennor-con-corbata_amarillo.jpg 1044w\" sizes=\"auto, (max-width: 769px) 100vw, 769px\" \/><\/figure>\n\n\n\n<h2 class=\"wp-block-heading\">Texto + dibujos a l\u00ednea, de benjam\u00edn Escalonilla.<\/h2>\n\n\n\n<p class=\"has-background\" style=\"background-color:#ffffff\">M\u00e1s informaci\u00f3n y obras, en <a href=\"https:\/\/benjaminescalonilla.info\/\">benjaminescalonilla.info<\/a><\/p>\n\n\n\n<hr class=\"wp-block-separator has-css-opacity\"\/>\n\n\n\n<p class=\"has-text-align-right\"><em>Qu\u00e9 quietud en las plantas al sol puro,&nbsp;<\/em><br><em>mientras, de vuelta a m\u00ed, sonr\u00edo&nbsp;<\/em><br><em>volviendo ya al jard\u00edn abandonado<\/em><br><em><strong>Espacio. J.R.Jim\u00e9nez<\/strong><\/em><\/p>\n\n\n\n<h3 class=\"wp-block-heading\">Obras incluidas de otros autores, por cap\u00edtulos:<\/h3>\n\n\n\n<ul class=\"wp-block-list\">\n<li>Cap 01: Steamboat Willie, Walt Disney.<\/li>\n\n\n\n<li>Cap 01,5: Dogpatch, Mark Power<\/li>\n\n\n\n<li>Cap 02: El jard\u00edn de las delicias, El Bosco.<\/li>\n\n\n\n<li>Cap 02,5: Pusheen, Claire Belton and Andrew Duff<\/li>\n\n\n\n<li>Cap 04: Ilustraci\u00f3n, Cartoon Network<\/li>\n\n\n\n<li>Cap 05: Talk Talk, live al Montreux.<\/li>\n\n\n\n<li>Cap 06: <br>Canci\u00f3n: Five Clenche Bouscarte \/ Ocho Accenteur, Dale Cooper Quarte<br>Carro de heno, El Bosco<br>Fotograf\u00eda: Ene., benjam\u00edn Escalonilla<\/li>\n\n\n\n<li>Cap 07:  Fotograf\u00eda: Ruptura, benjam\u00edn Escalonilla<\/li>\n\n\n\n<li>Cap 09:  Estereograma, por benjam\u00edn Escalonilla, en easystereogrambuilder.com<\/li>\n\n\n\n<li>Cap 11: Glutamato Ye-Y\u00e9<\/li>\n\n\n\n<li>Cap 12: <br>Juan Ram\u00f3n Jim\u00e9nez<br>Herberto Helder<br>The unk<\/li>\n\n\n\n<li>Cap 13,5 (2): Sarah Davachi<\/li>\n\n\n\n<li>Cap 14: Antonio Machado<\/li>\n\n\n\n<li>Cap 16: Hikikomori<\/li>\n\n\n\n<li>Cap 18 y 21: El jard\u00edn de las delicias, El Bosco.<\/li>\n<\/ul>\n\n\n\n<figure class=\"wp-block-image size-large\"><img loading=\"lazy\" decoding=\"async\" width=\"818\" height=\"732\" src=\"https:\/\/benjaminescalonilla.info\/LaDeliciaDeLosJardines\/wp-content\/uploads\/2020\/05\/alta_rso.jpg\" alt=\"\" class=\"wp-image-1420\" srcset=\"https:\/\/benjaminescalonilla.info\/LaDeliciaDeLosJardines\/wp-content\/uploads\/2020\/05\/alta_rso.jpg 818w, https:\/\/benjaminescalonilla.info\/LaDeliciaDeLosJardines\/wp-content\/uploads\/2020\/05\/alta_rso-300x268.jpg 300w, https:\/\/benjaminescalonilla.info\/LaDeliciaDeLosJardines\/wp-content\/uploads\/2020\/05\/alta_rso-768x687.jpg 768w\" sizes=\"auto, (max-width: 818px) 100vw, 818px\" \/><\/figure>\n\n\n\n<hr class=\"wp-block-separator has-css-opacity\"\/>\n\n\n\n<h3 class=\"wp-block-heading\">Otros autores en torno al tr\u00edptico, que me gustan<\/h3>\n\n\n\n<figure class=\"wp-block-image size-full\"><img loading=\"lazy\" decoding=\"async\" width=\"771\" height=\"1055\" src=\"https:\/\/benjaminescalonilla.info\/LaDeliciaDeLosJardines\/wp-content\/uploads\/2020\/05\/max.png\" alt=\"\" class=\"wp-image-1295\" srcset=\"https:\/\/benjaminescalonilla.info\/LaDeliciaDeLosJardines\/wp-content\/uploads\/2020\/05\/max.png 771w, https:\/\/benjaminescalonilla.info\/LaDeliciaDeLosJardines\/wp-content\/uploads\/2020\/05\/max-219x300.png 219w, https:\/\/benjaminescalonilla.info\/LaDeliciaDeLosJardines\/wp-content\/uploads\/2020\/05\/max-748x1024.png 748w, https:\/\/benjaminescalonilla.info\/LaDeliciaDeLosJardines\/wp-content\/uploads\/2020\/05\/max-768x1051.png 768w\" sizes=\"auto, (max-width: 771px) 100vw, 771px\" \/><\/figure>\n\n\n\n<div class=\"wp-block-group has-background\" style=\"background-color:#ffffff\"><div class=\"wp-block-group__inner-container is-layout-flow wp-block-group-is-layout-flow\">\n<p>Obras influidas por la tabla, que me dan gusto:<\/p>\n\n\n\n<ul class=\"wp-block-list\">\n<li><a href=\"https:\/\/aurayarte.com\/2016\/09\/06\/lluis-barba-el-jardin-de-las-delicias\/\">Lluis Barba, reinterpretando el tr\u00edptico<\/a><\/li>\n\n\n\n<li><a href=\"https:\/\/apps.apple.com\/es\/app\/second-canvas-museo-del-prado\/id830254495\">Tapiz, an\u00f3nimo<\/a><\/li>\n\n\n\n<li><a href=\"https:\/\/vimeo.com\/109645144\">The Garden of Emoji Delights Triptych Animation, Carla Gannis<\/a>&nbsp;<\/li>\n\n\n\n<li><a href=\"http:\/\/www.josemanuelballester.com\/espanol\/expoSegovia1\/elJardinDeshabitado.htm\">El jard\u00edn deshabitado, Jose Manuel Ballester<\/a><\/li>\n\n\n\n<li><a href=\"https:\/\/es.m.wikipedia.org\/wiki\/Archivo:Roca_del_jard%C3%ADn_de_las_delicias_El_Gran_Masturbador.jpg\">El gran masturbador, de Dal\u00ed, \u00bfinspirado por el tr\u00edptico?<\/a><\/li>\n\n\n\n<li><a href=\"http:\/\/www.ariadna-rc.com\/monograficos\/eljardin\/ejdld09.htm\">Para\u00edso, Miguel \u00c1ngel Gara<\/a><\/li>\n\n\n\n<li><a href=\"https:\/\/www.massadaeyewear.com\/art\/narrations\/the-garden-of-earthly-delights-by-massada\">Massada, reinterpretando la tabla central<\/a><\/li>\n\n\n\n<li><a href=\"http:\/\/www.tiendaprado.com\/es\/7388-comic-el-triptico-de-los-encantados--9788484803454.html\">El tr\u00edptico de los encantados, Max<\/a><\/li>\n<\/ul>\n<\/div><\/div>\n\n\n\n<hr class=\"wp-block-separator has-css-opacity\"\/>\n\n\n\n<figure class=\"wp-block-image size-large\"><img loading=\"lazy\" decoding=\"async\" width=\"751\" height=\"751\" src=\"https:\/\/benjaminescalonilla.info\/LaDeliciaDeLosJardines\/wp-content\/uploads\/2020\/05\/conejo.jpg\" alt=\"\" class=\"wp-image-1422\" srcset=\"https:\/\/benjaminescalonilla.info\/LaDeliciaDeLosJardines\/wp-content\/uploads\/2020\/05\/conejo.jpg 751w, https:\/\/benjaminescalonilla.info\/LaDeliciaDeLosJardines\/wp-content\/uploads\/2020\/05\/conejo-300x300.jpg 300w, https:\/\/benjaminescalonilla.info\/LaDeliciaDeLosJardines\/wp-content\/uploads\/2020\/05\/conejo-150x150.jpg 150w\" sizes=\"auto, (max-width: 751px) 100vw, 751px\" \/><\/figure>\n\n\n\n<h3 class=\"wp-block-heading\">Informaci\u00f3n sobre el tr\u00edptico<\/h3>\n\n\n\n<div class=\"wp-block-group\"><div class=\"wp-block-group__inner-container is-layout-flow wp-block-group-is-layout-flow\">\n<p><\/p>\n<\/div><\/div>\n\n\n\n<div class=\"wp-block-group has-background\" style=\"background-color:#ffffff\"><div class=\"wp-block-group__inner-container is-layout-flow wp-block-group-is-layout-flow\">\n<p class=\"has-background\" style=\"background-color:#ffffff\">Si quieres rebozarte m\u00e1s de tr\u00edptico, te dejo estos interesantes enlaces:<\/p>\n\n\n\n<ul class=\"wp-block-list\">\n<li><a href=\"http:\/\/boschproject.org\/?fbclid=IwAR2E6KW4i8UX1S72BtkwwYqObOciGBotgtuLpq4W-7hQ1vnJDNmfmMcfCho#\/artworks\/The_Garden_of_Earthly_Delights\">El tr\u00edptico, a alt\u00edsima resoluci\u00f3n<\/a><\/li>\n\n\n\n<li><a href=\"https:\/\/www.bbc.com\/mundo\/noticias-37029061\">Mensajes escondidos en el tr\u00edptico, BBC<\/a><\/li>\n\n\n\n<li><a href=\"https:\/\/www.rtve.es\/alacarta\/videos\/telediario\/jardin-delicias-esconde-partitura-musical\/2402939\/\">La partitura del tr\u00edptico, RTVE<\/a><\/li>\n\n\n\n<li><a href=\"https:\/\/www.museodelprado.es\/actualidad\/multimedia\/el-bosco-una-historia-en-imagenes\/b40e856f-2f12-4afa-8ef2-654982db4d5b\">Storytelling del Museo del Prado<\/a><\/li>\n\n\n\n<li><a href=\"https:\/\/apps.apple.com\/es\/app\/second-canvas-museo-del-prado\/id830254495\">App con el tr\u00edptico a tama\u00f1o megapixel<\/a>, del Museo del Prado<\/li>\n\n\n\n<li><a href=\"https:\/\/www.youtube.com\/watch?v=HX4ZpOKKICU\">V\u00eddeo para ni\u00f1os<\/a> (cuanto antes, mejor)<\/li>\n\n\n\n<li><a href=\"https:\/\/www.filmin.es\/pelicula\/el-bosco-el-jardin-de-los-suenos\">Documental \u00abEl jard\u00edn de los sue\u00f1os\u00bb, de el Museo del Prad0<\/a>, en Filmin<\/li>\n\n\n\n<li><a href=\"https:\/\/www.elindependiente.com\/tendencias\/cultura\/2023\/06\/19\/primero-el-bosco-y-luego-dios-que-nos-obsesiona-de-el-jardin-de-las-delicias\/?utm_source=share_buttons&amp;utm_medium=whatsapp\">\u00bfQu\u00e9 miramos m\u00e1s tiempo en el cuadro?<\/a>, El Independiente<\/li>\n<\/ul>\n<\/div><\/div>\n","protected":false},"excerpt":{"rendered":"<p>Texto + dibujos a l\u00ednea, de benjam\u00edn Escalonilla. M\u00e1s informaci\u00f3n y obras, en benjaminescalonilla.info Qu\u00e9 quietud en las plantas al sol puro,&nbsp;mientras, de vuelta a m\u00ed, sonr\u00edo&nbsp;volviendo ya al jard\u00edn abandonadoEspacio. J.R.Jim\u00e9nez Obras incluidas de otros autores, por cap\u00edtulos: Otros autores en torno al tr\u00edptico, que me gustan Obras influidas por la tabla, que me [&hellip;]<\/p>\n","protected":false},"author":1,"featured_media":0,"parent":0,"menu_order":0,"comment_status":"closed","ping_status":"closed","template":"","meta":{"footnotes":""},"class_list":["post-7","page","type-page","status-publish","hentry"],"_links":{"self":[{"href":"https:\/\/benjaminescalonilla.info\/LaDeliciaDeLosJardines\/wp-json\/wp\/v2\/pages\/7","targetHints":{"allow":["GET"]}}],"collection":[{"href":"https:\/\/benjaminescalonilla.info\/LaDeliciaDeLosJardines\/wp-json\/wp\/v2\/pages"}],"about":[{"href":"https:\/\/benjaminescalonilla.info\/LaDeliciaDeLosJardines\/wp-json\/wp\/v2\/types\/page"}],"author":[{"embeddable":true,"href":"https:\/\/benjaminescalonilla.info\/LaDeliciaDeLosJardines\/wp-json\/wp\/v2\/users\/1"}],"replies":[{"embeddable":true,"href":"https:\/\/benjaminescalonilla.info\/LaDeliciaDeLosJardines\/wp-json\/wp\/v2\/comments?post=7"}],"version-history":[{"count":43,"href":"https:\/\/benjaminescalonilla.info\/LaDeliciaDeLosJardines\/wp-json\/wp\/v2\/pages\/7\/revisions"}],"predecessor-version":[{"id":1583,"href":"https:\/\/benjaminescalonilla.info\/LaDeliciaDeLosJardines\/wp-json\/wp\/v2\/pages\/7\/revisions\/1583"}],"wp:attachment":[{"href":"https:\/\/benjaminescalonilla.info\/LaDeliciaDeLosJardines\/wp-json\/wp\/v2\/media?parent=7"}],"curies":[{"name":"wp","href":"https:\/\/api.w.org\/{rel}","templated":true}]}}