{"id":749,"date":"2020-05-06T22:07:30","date_gmt":"2020-05-06T22:07:30","guid":{"rendered":"https:\/\/benjaminescalonilla.info\/LaDeliciaDeLosJardines\/?page_id=749"},"modified":"2020-05-16T15:02:25","modified_gmt":"2020-05-16T15:02:25","slug":"aroma","status":"publish","type":"page","link":"https:\/\/benjaminescalonilla.info\/LaDeliciaDeLosJardines\/aroma\/","title":{"rendered":"Aroma"},"content":{"rendered":"\n<p class=\"has-text-align-center\">&#8211; Cap\u00edtulo 15 \/ 21 &#8211;<br>&lt; <a href=\"https:\/\/benjaminescalonilla.info\/LaDeliciaDeLosJardines\/garza-blanca\/\">cap\u00edtulo 14<\/a> | <a href=\"https:\/\/benjaminescalonilla.info\/LaDeliciaDeLosJardines\/ajardinada\/\">cap\u00edtulo 16<\/a> ><\/p>\n\n\n\n<div class=\"wp-block-image is-style-default\"><figure class=\"aligncenter size-full\"><img loading=\"lazy\" decoding=\"async\" width=\"340\" height=\"591\" src=\"https:\/\/benjaminescalonilla.info\/LaDeliciaDeLosJardines\/wp-content\/uploads\/2020\/05\/IMG_1728_sinUSARb.png\" alt=\"\" class=\"wp-image-787\" srcset=\"https:\/\/benjaminescalonilla.info\/LaDeliciaDeLosJardines\/wp-content\/uploads\/2020\/05\/IMG_1728_sinUSARb.png 340w, https:\/\/benjaminescalonilla.info\/LaDeliciaDeLosJardines\/wp-content\/uploads\/2020\/05\/IMG_1728_sinUSARb-173x300.png 173w\" sizes=\"auto, (max-width: 340px) 100vw, 340px\" \/><\/figure><\/div>\n\n\n\n<div class=\"wp-block-group alignfull has-background\" style=\"background-color:#f9d439\"><div class=\"wp-block-group__inner-container is-layout-flow wp-block-group-is-layout-flow\">\n<p class=\"has-drop-cap\">El aroma en esta penumbra de la habitaci\u00f3n es c\u00e1lido y profundo. Mis ojos, desperez\u00e1ndose, conforman tu presencia, Ene., tumbada a mi lado. Apoyo mi cabeza en tu pecho, recobrando la seguridad.<\/p>\n\n\n\n<p>\u2014\u00bfHoy tambi\u00e9n viajaste al jard\u00edn?&nbsp;<br>\u2014S\u00ed. He so\u00f1ado con un ej\u00e9rcito de bichejos, con mimoides, atalayas y corbatas, con ca\u00edda de l\u00e1pices y dos garzas blan\/<\/p>\n\n\n\n<p>Perdonad que me interrumpa pero no debo enga\u00f1arme; esta conversaci\u00f3n no existi\u00f3. Tengo la sensaci\u00f3n de haberla tenido, pero no. No dije una palabra, si acaso sostuve un di\u00e1logo en mi cabeza; pero nunca le habl\u00e9 del jard\u00edn a Ene. Me apoyaba en su pecho y rememoraba en silencio los negros bichejos diminutos, las alas, una org\u00eda del \u00faltimo sue\u00f1o (entre la chica morena, una ejecutiva y un hombre o una mujer, qu\u00e9 m\u00e1s da); all\u00ed, en el fango al borde del lago.<\/p>\n\n\n\n<p>Fui al ba\u00f1o con los olores del sexo a\u00fan en los labios, el sabor en la piel, el tacto de cada uno de ellos metido hasta la laringe.<\/p>\n\n\n\n<p>Y aquella sensaci\u00f3n me dur\u00f3 durante las tostadas (en aquella \u00e9poca con margarina y mermelada de moras), tragando el zumo de naranja de cart\u00f3n, y masticando las nueces que echaba en mi yogur pastoso, griego.&nbsp;<\/p>\n\n\n\n<p>Nos despedimos para trabajar \u2014hasta la noche\u2014, el proyecto de hijos en el horizonte. Ese mismo a\u00f1o, en noviembre, nacer\u00eda el primero de dos.<\/p>\n\n\n\n<h3 class=\"wp-block-heading\">El aroma del jard\u00edn no se esfum\u00f3 hasta bien atardecido. <\/h3>\n<\/div><\/div>\n\n\n\n<div class=\"wp-block-buttons is-layout-flex wp-block-buttons-is-layout-flex\">\n<div class=\"wp-block-button\"><a class=\"wp-block-button__link\" href=\"https:\/\/benjaminescalonilla.info\/LaDeliciaDeLosJardines\/ajardinada\/\">CAP\u00cdTULO 16<\/a><\/div>\n<\/div>\n","protected":false},"excerpt":{"rendered":"<p>&#8211; Cap\u00edtulo 15 \/ 21 &#8211;&lt; cap\u00edtulo 14 | cap\u00edtulo 16 > El aroma en esta penumbra de la habitaci\u00f3n es c\u00e1lido y profundo. Mis ojos, desperez\u00e1ndose, conforman tu presencia, Ene., tumbada a mi lado. Apoyo mi cabeza en tu pecho, recobrando la seguridad. \u2014\u00bfHoy tambi\u00e9n viajaste al jard\u00edn?&nbsp;\u2014S\u00ed. He so\u00f1ado con un ej\u00e9rcito de [&hellip;]<\/p>\n","protected":false},"author":1,"featured_media":0,"parent":0,"menu_order":0,"comment_status":"closed","ping_status":"closed","template":"","meta":{"footnotes":""},"class_list":["post-749","page","type-page","status-publish","hentry"],"_links":{"self":[{"href":"https:\/\/benjaminescalonilla.info\/LaDeliciaDeLosJardines\/wp-json\/wp\/v2\/pages\/749","targetHints":{"allow":["GET"]}}],"collection":[{"href":"https:\/\/benjaminescalonilla.info\/LaDeliciaDeLosJardines\/wp-json\/wp\/v2\/pages"}],"about":[{"href":"https:\/\/benjaminescalonilla.info\/LaDeliciaDeLosJardines\/wp-json\/wp\/v2\/types\/page"}],"author":[{"embeddable":true,"href":"https:\/\/benjaminescalonilla.info\/LaDeliciaDeLosJardines\/wp-json\/wp\/v2\/users\/1"}],"replies":[{"embeddable":true,"href":"https:\/\/benjaminescalonilla.info\/LaDeliciaDeLosJardines\/wp-json\/wp\/v2\/comments?post=749"}],"version-history":[{"count":30,"href":"https:\/\/benjaminescalonilla.info\/LaDeliciaDeLosJardines\/wp-json\/wp\/v2\/pages\/749\/revisions"}],"predecessor-version":[{"id":1410,"href":"https:\/\/benjaminescalonilla.info\/LaDeliciaDeLosJardines\/wp-json\/wp\/v2\/pages\/749\/revisions\/1410"}],"wp:attachment":[{"href":"https:\/\/benjaminescalonilla.info\/LaDeliciaDeLosJardines\/wp-json\/wp\/v2\/media?parent=749"}],"curies":[{"name":"wp","href":"https:\/\/api.w.org\/{rel}","templated":true}]}}