{"id":784,"date":"2020-05-07T12:07:39","date_gmt":"2020-05-07T12:07:39","guid":{"rendered":"https:\/\/benjaminescalonilla.info\/LaDeliciaDeLosJardines\/?page_id=784"},"modified":"2024-01-13T11:45:25","modified_gmt":"2024-01-13T11:45:25","slug":"ajardinada","status":"publish","type":"page","link":"https:\/\/benjaminescalonilla.info\/LaDeliciaDeLosJardines\/ajardinada\/","title":{"rendered":"Ajardinada"},"content":{"rendered":"\n<p class=\"has-text-align-center\">\u2013 Cap\u00edtulo 16 \/ 21 \u2013<br>&lt; <a href=\"https:\/\/benjaminescalonilla.info\/LaDeliciaDeLosJardines\/aroma\/\">cap\u00edtulo 15<\/a> | <a href=\"https:\/\/benjaminescalonilla.info\/LaDeliciaDeLosJardines\/mujer-de-la-piel-morena\/\">cap\u00edtulo 17<\/a> &gt;<\/p>\n\n\n\n<figure class=\"wp-block-image size-full is-resized is-style-default\"><img loading=\"lazy\" decoding=\"async\" width=\"449\" height=\"495\" src=\"https:\/\/benjaminescalonilla.info\/LaDeliciaDeLosJardines\/wp-content\/uploads\/2020\/05\/bichejos_04.png\" alt=\"\" class=\"wp-image-797\" style=\"width:449px;height:495px\" srcset=\"https:\/\/benjaminescalonilla.info\/LaDeliciaDeLosJardines\/wp-content\/uploads\/2020\/05\/bichejos_04.png 449w, https:\/\/benjaminescalonilla.info\/LaDeliciaDeLosJardines\/wp-content\/uploads\/2020\/05\/bichejos_04-272x300.png 272w\" sizes=\"auto, (max-width: 449px) 100vw, 449px\" \/><\/figure>\n\n\n\n<iframe style=\"border: 0; width: 100%; height: 42px;\" src=\"https:\/\/bandcamp.com\/EmbeddedPlayer\/album=1855074200\/size=small\/bgcol=ffffff\/linkcol=f171a2\/track=3799818116\/transparent=true\/\" seamless=\"\"><a href=\"http:\/\/ptesquad.bandcamp.com\/album\/hikikomori\">\u3072\u304d\u3053\u3082\u308a\u30fbHikikomori by Disasterpeace<\/a><\/iframe>\n\n\n\n<div class=\"wp-block-group alignfull has-background\" style=\"background-color:#ffffff\"><div class=\"wp-block-group__inner-container is-layout-flow wp-block-group-is-layout-flow\">\n<h3 class=\"wp-block-heading\">\u00abSe escuchan sonidos mascullados, fauna, respiraciones mascando el ansia, denso como un caramelo Sugus; se escucha dentelleo y goteo de babas. Tambi\u00e9n m\u00fasica 8-bit\u00bb. <\/h3>\n\n\n\n<div style=\"height:29px\" aria-hidden=\"true\" class=\"wp-block-spacer\"><\/div>\n\n\n\n<p class=\"has-drop-cap\">Camin\u00e1is, ej\u00e9rcito negro, en pos de la humedad, guiados por ese olor a mujer de piel morena; invisibles y silenciosos, insospechados. Ella cede lentamente sus piernas y se deja acariciar por dedos y espinas.<\/p>\n\n\n\n<p>Entre humedales apenumbrados, donde el jard\u00edn se vuelve p\u00e1ramo y la perspectiva pierde la vista y no se distinguen formas, ella en su aroma se dirige al ej\u00e9rcito y dice: La verdad la tengo aqu\u00ed, en un frasco que no se ha destapado jam\u00e1s.<\/p>\n\n\n\n<p>Junto a ella un se\u00f1or con corbata se hace un selfie. Hay l\u00e1pices pisoteados. Dos garzas dan sombras circulares en su vuelo.<\/p>\n\n\n\n<hr class=\"wp-block-separator has-css-opacity\"\/>\n\n\n\n<p class=\"has-drop-cap\">\u00bfImagin\u00e1is \u2014y me dirijo a todos vosotros\u2014 que moviendo el punto que engendra la perspectiva del jard\u00edn, todo var\u00ede? La grandeza, la estupidez, lo v\u00e1lido, lo equivocado\u2026 Que solo dependiese&nbsp;del lugar desde (o a) donde se mire.<\/p>\n\n\n\n<p>Que mirando una misma escena \u2014puede que nuestra propia escena\u2014, vi\u00e9semos triunfo desde all\u00ed, alegr\u00eda desde all\u00ed, tristeza desde aqu\u00ed, monoton\u00eda desde abajo, intensidad desde lo alto? <\/p>\n\n\n\n<h2 class=\"wp-block-heading\">Aroma ajardinado.<\/h2>\n\n\n\n<figure class=\"wp-block-image alignfull size-full is-style-default\"><img loading=\"lazy\" decoding=\"async\" width=\"2560\" height=\"938\" src=\"https:\/\/benjaminescalonilla.info\/LaDeliciaDeLosJardines\/wp-content\/uploads\/2020\/05\/bichejos_evolucion-scaled.jpg\" alt=\"\" class=\"wp-image-793\" srcset=\"https:\/\/benjaminescalonilla.info\/LaDeliciaDeLosJardines\/wp-content\/uploads\/2020\/05\/bichejos_evolucion-scaled.jpg 2560w, https:\/\/benjaminescalonilla.info\/LaDeliciaDeLosJardines\/wp-content\/uploads\/2020\/05\/bichejos_evolucion-300x110.jpg 300w, https:\/\/benjaminescalonilla.info\/LaDeliciaDeLosJardines\/wp-content\/uploads\/2020\/05\/bichejos_evolucion-1024x375.jpg 1024w, https:\/\/benjaminescalonilla.info\/LaDeliciaDeLosJardines\/wp-content\/uploads\/2020\/05\/bichejos_evolucion-768x281.jpg 768w, https:\/\/benjaminescalonilla.info\/LaDeliciaDeLosJardines\/wp-content\/uploads\/2020\/05\/bichejos_evolucion-1536x563.jpg 1536w, https:\/\/benjaminescalonilla.info\/LaDeliciaDeLosJardines\/wp-content\/uploads\/2020\/05\/bichejos_evolucion-2048x750.jpg 2048w, https:\/\/benjaminescalonilla.info\/LaDeliciaDeLosJardines\/wp-content\/uploads\/2020\/05\/bichejos_evolucion-1200x440.jpg 1200w, https:\/\/benjaminescalonilla.info\/LaDeliciaDeLosJardines\/wp-content\/uploads\/2020\/05\/bichejos_evolucion-1980x725.jpg 1980w\" sizes=\"auto, (max-width: 2560px) 100vw, 2560px\" \/><figcaption class=\"wp-element-caption\"><em>En crecimiento<\/em><\/figcaption><\/figure>\n<\/div><\/div>\n\n\n\n<div class=\"wp-block-buttons is-layout-flex wp-block-buttons-is-layout-flex\">\n<div class=\"wp-block-button\"><a class=\"wp-block-button__link wp-element-button\" href=\"https:\/\/benjaminescalonilla.info\/LaDeliciaDeLosJardines\/mujer-de-la-piel-morena\/\">CAP\u00cdTULO 17<\/a><\/div>\n<\/div>\n","protected":false},"excerpt":{"rendered":"<p>\u2013 Cap\u00edtulo 16 \/ 21 \u2013&lt; cap\u00edtulo 15 | cap\u00edtulo 17 &gt; \u3072\u304d\u3053\u3082\u308a\u30fbHikikomori by Disasterpeace \u00abSe escuchan sonidos mascullados, fauna, respiraciones mascando el ansia, denso como un caramelo Sugus; se escucha dentelleo y goteo de babas. Tambi\u00e9n m\u00fasica 8-bit\u00bb. Camin\u00e1is, ej\u00e9rcito negro, en pos de la humedad, guiados por ese olor a mujer de piel [&hellip;]<\/p>\n","protected":false},"author":1,"featured_media":0,"parent":0,"menu_order":0,"comment_status":"closed","ping_status":"closed","template":"","meta":{"footnotes":""},"class_list":["post-784","page","type-page","status-publish","hentry"],"_links":{"self":[{"href":"https:\/\/benjaminescalonilla.info\/LaDeliciaDeLosJardines\/wp-json\/wp\/v2\/pages\/784","targetHints":{"allow":["GET"]}}],"collection":[{"href":"https:\/\/benjaminescalonilla.info\/LaDeliciaDeLosJardines\/wp-json\/wp\/v2\/pages"}],"about":[{"href":"https:\/\/benjaminescalonilla.info\/LaDeliciaDeLosJardines\/wp-json\/wp\/v2\/types\/page"}],"author":[{"embeddable":true,"href":"https:\/\/benjaminescalonilla.info\/LaDeliciaDeLosJardines\/wp-json\/wp\/v2\/users\/1"}],"replies":[{"embeddable":true,"href":"https:\/\/benjaminescalonilla.info\/LaDeliciaDeLosJardines\/wp-json\/wp\/v2\/comments?post=784"}],"version-history":[{"count":29,"href":"https:\/\/benjaminescalonilla.info\/LaDeliciaDeLosJardines\/wp-json\/wp\/v2\/pages\/784\/revisions"}],"predecessor-version":[{"id":1577,"href":"https:\/\/benjaminescalonilla.info\/LaDeliciaDeLosJardines\/wp-json\/wp\/v2\/pages\/784\/revisions\/1577"}],"wp:attachment":[{"href":"https:\/\/benjaminescalonilla.info\/LaDeliciaDeLosJardines\/wp-json\/wp\/v2\/media?parent=784"}],"curies":[{"name":"wp","href":"https:\/\/api.w.org\/{rel}","templated":true}]}}