{"id":8,"date":"2020-02-07T23:27:31","date_gmt":"2020-02-07T23:27:31","guid":{"rendered":"https:\/\/benjaminescalonilla.info\/LaDeliciaDeLosJardines\/?page_id=8"},"modified":"2020-05-17T00:20:48","modified_gmt":"2020-05-17T00:20:48","slug":"contacto","status":"publish","type":"page","link":"https:\/\/benjaminescalonilla.info\/LaDeliciaDeLosJardines\/contacto\/","title":{"rendered":"Contacto"},"content":{"rendered":"\n<h4 class=\"wp-block-heading\">benjaminzxb(arroba)gmail.com<\/h4>\n\n\n\n<p>Si quieres dejar un comentario, duda, apreciaci\u00f3n, ser\u00e1 un placer, puedes hacerlo aqu\u00ed abajo.<\/p>\n\n\n\n<p>Si quieres invitarme a un caf\u00e9 o a una copa: <a href=\"https:\/\/www.paypal.com\/paypalme\/my\/profile\">paypal.me\/benjaminescalonilla<\/a><\/p>\n\n\n\n<figure class=\"wp-block-image size-large\"><img loading=\"lazy\" decoding=\"async\" width=\"751\" height=\"751\" src=\"https:\/\/benjaminescalonilla.info\/LaDeliciaDeLosJardines\/wp-content\/uploads\/2020\/05\/contacto_pre_darwin.jpg\" alt=\"\" class=\"wp-image-1424\" srcset=\"https:\/\/benjaminescalonilla.info\/LaDeliciaDeLosJardines\/wp-content\/uploads\/2020\/05\/contacto_pre_darwin.jpg 751w, https:\/\/benjaminescalonilla.info\/LaDeliciaDeLosJardines\/wp-content\/uploads\/2020\/05\/contacto_pre_darwin-300x300.jpg 300w, https:\/\/benjaminescalonilla.info\/LaDeliciaDeLosJardines\/wp-content\/uploads\/2020\/05\/contacto_pre_darwin-150x150.jpg 150w\" sizes=\"auto, (max-width: 751px) 100vw, 751px\" \/><figcaption><em>contacto predarwiniano<\/em><\/figcaption><\/figure>\n\n\n\n<hr class=\"wp-block-separator\"\/>\n","protected":false},"excerpt":{"rendered":"<p>benjaminzxb(arroba)gmail.com Si quieres dejar un comentario, duda, apreciaci\u00f3n, ser\u00e1 un placer, puedes hacerlo aqu\u00ed abajo. Si quieres invitarme a un caf\u00e9 o a una copa: paypal.me\/benjaminescalonilla<\/p>\n","protected":false},"author":1,"featured_media":0,"parent":0,"menu_order":0,"comment_status":"open","ping_status":"closed","template":"","meta":{"footnotes":""},"class_list":["post-8","page","type-page","status-publish","hentry"],"_links":{"self":[{"href":"https:\/\/benjaminescalonilla.info\/LaDeliciaDeLosJardines\/wp-json\/wp\/v2\/pages\/8","targetHints":{"allow":["GET"]}}],"collection":[{"href":"https:\/\/benjaminescalonilla.info\/LaDeliciaDeLosJardines\/wp-json\/wp\/v2\/pages"}],"about":[{"href":"https:\/\/benjaminescalonilla.info\/LaDeliciaDeLosJardines\/wp-json\/wp\/v2\/types\/page"}],"author":[{"embeddable":true,"href":"https:\/\/benjaminescalonilla.info\/LaDeliciaDeLosJardines\/wp-json\/wp\/v2\/users\/1"}],"replies":[{"embeddable":true,"href":"https:\/\/benjaminescalonilla.info\/LaDeliciaDeLosJardines\/wp-json\/wp\/v2\/comments?post=8"}],"version-history":[{"count":7,"href":"https:\/\/benjaminescalonilla.info\/LaDeliciaDeLosJardines\/wp-json\/wp\/v2\/pages\/8\/revisions"}],"predecessor-version":[{"id":1425,"href":"https:\/\/benjaminescalonilla.info\/LaDeliciaDeLosJardines\/wp-json\/wp\/v2\/pages\/8\/revisions\/1425"}],"wp:attachment":[{"href":"https:\/\/benjaminescalonilla.info\/LaDeliciaDeLosJardines\/wp-json\/wp\/v2\/media?parent=8"}],"curies":[{"name":"wp","href":"https:\/\/api.w.org\/{rel}","templated":true}]}}