{"id":813,"date":"2020-05-07T17:19:03","date_gmt":"2020-05-07T17:19:03","guid":{"rendered":"https:\/\/benjaminescalonilla.info\/LaDeliciaDeLosJardines\/?page_id=813"},"modified":"2021-05-08T11:58:39","modified_gmt":"2021-05-08T11:58:39","slug":"mujer-de-la-piel-morena","status":"publish","type":"page","link":"https:\/\/benjaminescalonilla.info\/LaDeliciaDeLosJardines\/mujer-de-la-piel-morena\/","title":{"rendered":"Mujer de la piel morena"},"content":{"rendered":"\n<p class=\"has-text-align-center\">\u2013 Cap\u00edtulo 17 \/ 21 \u2013<br>&lt; <a href=\"https:\/\/benjaminescalonilla.info\/LaDeliciaDeLosJardines\/ajardinada\/\">cap\u00edtulo 16<\/a> | <a href=\"https:\/\/benjaminescalonilla.info\/LaDeliciaDeLosJardines\/una-caja-de-zapatos\/\">cap\u00edtulo 18<\/a> &gt;<\/p>\n\n\n\n<div class=\"wp-block-group alignfull has-background\" style=\"background-color:#f9d439\"><div class=\"wp-block-group__inner-container is-layout-flow wp-block-group-is-layout-flow\">\n<figure class=\"wp-block-image size-full is-resized is-style-default\"><img loading=\"lazy\" decoding=\"async\" src=\"https:\/\/benjaminescalonilla.info\/LaDeliciaDeLosJardines\/wp-content\/uploads\/2020\/05\/IMG_1754.png\" alt=\"\" class=\"wp-image-819\" width=\"186\" height=\"271\"\/><\/figure>\n\n\n\n<p>\u00daltimamente menosprecio esa ligera sensaci\u00f3n de fracaso. Cuando dedico un rato a desenredar mis tent\u00e1culos la afronto cara a cara, un poco desde arriba, y la veo peque\u00f1a, disminuida.<\/p>\n\n\n\n<hr class=\"wp-block-separator\"\/>\n\n\n\n<h2 class=\"wp-block-heading\">Hoy he visto una mujer que me recuerda a la chica de la piel morena.<\/h2>\n\n\n\n<p>S\u00ed, aquella chica de mi adolescencia que miraba directamente a los ojos y no desviaba la vista aunque enfrentases los suyos. <\/p>\n\n\n\n<p>Seg\u00fan lo recuerdo, no buscaba intimidar o conocer, era como que quisiese quererte, o al menos mirarte, que no es poco. Me hizo sentir\u2026 mirable, me convirti\u00f3 en algo interesante a mis propios ojos. Una sensaci\u00f3n poderosa de la que qued\u00e9 prendado. Me lati\u00f3 el coraz\u00f3n con su vista clavada como un rayo invisible; su vista, que a tiempos espaciados me atrev\u00ed a confrontar y apartar al instante, como en un restallar de espadas l\u00e1ser.\u00a0<\/p>\n\n\n\n<p>\u00bfSer\u00e1 ella? Han pasado veinte a\u00f1os. Podr\u00eda ser. \u00bfMe sonri\u00f3 frente al cuadro?<\/p>\n\n\n\n<p class=\"has-drop-cap\">Al ver a esta mujer, que es ella o se le parece o me la recuerda, he tenido la sensaci\u00f3n de volver a estar frente a las tres tablas. Y tan solo como ejercicio o juego, imaginando el tr\u00edptico justo a mis espaldas, esta vez no dejo que la escena se disuelva; me voy hacia ella, me armo de valor y le digo Hola, \u00bfme sonre\u00edste hace veinte a\u00f1os en el Museo del Prado? Me mira, sostengo la mirada y me quemo los ojos.<\/p>\n\n\n\n<p>Poco m\u00e1s.&nbsp;<\/p>\n\n\n\n<p>Mucho m\u00e1s&nbsp;<br>que en mi adolescencia, donde, con tal de no tener que enfrentar su mirada, me convenc\u00ed de que la sobrevaloraba, de que la chica de la piel morena era una obsesi\u00f3n simplona, una canci\u00f3n pop que impresiona, pero pronto acabar\u00eda cans\u00e1ndome y al tiempo no la soportar\u00eda m\u00e1s. Pero no, evidentemente no podr\u00e9 saberlo nunca. <\/p>\n\n\n\n<h2 class=\"wp-block-heading\">A\u00fan te recuerdo, chica de la piel morena.<\/h2>\n\n\n\n<figure class=\"wp-block-image size-full is-resized is-style-default\"><img loading=\"lazy\" decoding=\"async\" src=\"https:\/\/benjaminescalonilla.info\/LaDeliciaDeLosJardines\/wp-content\/uploads\/2020\/05\/IMG_1755.png\" alt=\"\" class=\"wp-image-820\" width=\"323\" height=\"350\" srcset=\"https:\/\/benjaminescalonilla.info\/LaDeliciaDeLosJardines\/wp-content\/uploads\/2020\/05\/IMG_1755.png 323w, https:\/\/benjaminescalonilla.info\/LaDeliciaDeLosJardines\/wp-content\/uploads\/2020\/05\/IMG_1755-277x300.png 277w\" sizes=\"auto, (max-width: 323px) 100vw, 323px\" \/><figcaption><em><s>Mi coraz\u00f3n<\/s><\/em><\/figcaption><\/figure>\n<\/div><\/div>\n\n\n\n<div style=\"height:40px\" aria-hidden=\"true\" class=\"wp-block-spacer\"><\/div>\n\n\n\n<p>Mi vida, anodina y tranquila, cobra fant\u00e1stica perspectiva si la miro desde otro punto de vista, si la imbuyo de simbolismos, de segundas lecturas, m\u00e1s all\u00e1 de los p\u00e1ramos, donde los bichejos, las garzas. Aunque no alcance a entender la simbolog\u00eda qu\u00e9 m\u00e1s da, tan solo inspirar su aroma es suficiente. <\/p>\n\n\n\n<h2 class=\"wp-block-heading\">Qu\u00e9 delicia los jardines.<\/h2>\n\n\n\n<div class=\"wp-block-buttons is-layout-flex wp-block-buttons-is-layout-flex\">\n<div class=\"wp-block-button\"><a class=\"wp-block-button__link\" href=\"https:\/\/benjaminescalonilla.info\/LaDeliciaDeLosJardines\/una-caja-de-zapatos\/\">CAP\u00cdTULO 18<\/a><\/div>\n<\/div>\n","protected":false},"excerpt":{"rendered":"<p>\u2013 Cap\u00edtulo 17 \/ 21 \u2013&lt; cap\u00edtulo 16 | cap\u00edtulo 18 &gt; \u00daltimamente menosprecio esa ligera sensaci\u00f3n de fracaso. Cuando dedico un rato a desenredar mis tent\u00e1culos la afronto cara a cara, un poco desde arriba, y la veo peque\u00f1a, disminuida. Hoy he visto una mujer que me recuerda a la chica de la piel [&hellip;]<\/p>\n","protected":false},"author":1,"featured_media":0,"parent":0,"menu_order":0,"comment_status":"closed","ping_status":"closed","template":"","meta":{"footnotes":""},"class_list":["post-813","page","type-page","status-publish","hentry"],"_links":{"self":[{"href":"https:\/\/benjaminescalonilla.info\/LaDeliciaDeLosJardines\/wp-json\/wp\/v2\/pages\/813","targetHints":{"allow":["GET"]}}],"collection":[{"href":"https:\/\/benjaminescalonilla.info\/LaDeliciaDeLosJardines\/wp-json\/wp\/v2\/pages"}],"about":[{"href":"https:\/\/benjaminescalonilla.info\/LaDeliciaDeLosJardines\/wp-json\/wp\/v2\/types\/page"}],"author":[{"embeddable":true,"href":"https:\/\/benjaminescalonilla.info\/LaDeliciaDeLosJardines\/wp-json\/wp\/v2\/users\/1"}],"replies":[{"embeddable":true,"href":"https:\/\/benjaminescalonilla.info\/LaDeliciaDeLosJardines\/wp-json\/wp\/v2\/comments?post=813"}],"version-history":[{"count":20,"href":"https:\/\/benjaminescalonilla.info\/LaDeliciaDeLosJardines\/wp-json\/wp\/v2\/pages\/813\/revisions"}],"predecessor-version":[{"id":1511,"href":"https:\/\/benjaminescalonilla.info\/LaDeliciaDeLosJardines\/wp-json\/wp\/v2\/pages\/813\/revisions\/1511"}],"wp:attachment":[{"href":"https:\/\/benjaminescalonilla.info\/LaDeliciaDeLosJardines\/wp-json\/wp\/v2\/media?parent=813"}],"curies":[{"name":"wp","href":"https:\/\/api.w.org\/{rel}","templated":true}]}}