{"id":824,"date":"2020-05-07T22:04:18","date_gmt":"2020-05-07T22:04:18","guid":{"rendered":"https:\/\/benjaminescalonilla.info\/LaDeliciaDeLosJardines\/?page_id=824"},"modified":"2020-05-16T15:05:01","modified_gmt":"2020-05-16T15:05:01","slug":"una-caja-de-zapatos","status":"publish","type":"page","link":"https:\/\/benjaminescalonilla.info\/LaDeliciaDeLosJardines\/una-caja-de-zapatos\/","title":{"rendered":"Una caja de zapatos con agujeros"},"content":{"rendered":"\n<p class=\"has-text-align-center\">\u2013 Cap\u00edtulo 18 \/ 21 \u2013<br>&lt; <a href=\"https:\/\/benjaminescalonilla.info\/LaDeliciaDeLosJardines\/mujer-de-la-piel-morena\/\">cap\u00edtulo 17<\/a> | <a href=\"https:\/\/benjaminescalonilla.info\/LaDeliciaDeLosJardines\/atonito-y-manchado\/\">cap\u00edtulo 19<\/a> ><\/p>\n\n\n\n<figure class=\"wp-block-image size-large is-style-default\"><img loading=\"lazy\" decoding=\"async\" width=\"457\" height=\"266\" src=\"https:\/\/benjaminescalonilla.info\/LaDeliciaDeLosJardines\/wp-content\/uploads\/2020\/05\/cap18_caja_zapatos.png\" alt=\"\" class=\"wp-image-826\" srcset=\"https:\/\/benjaminescalonilla.info\/LaDeliciaDeLosJardines\/wp-content\/uploads\/2020\/05\/cap18_caja_zapatos.png 457w, https:\/\/benjaminescalonilla.info\/LaDeliciaDeLosJardines\/wp-content\/uploads\/2020\/05\/cap18_caja_zapatos-300x175.png 300w\" sizes=\"auto, (max-width: 457px) 100vw, 457px\" \/><\/figure>\n\n\n\n<div class=\"wp-block-group alignfull has-background\" style=\"background-color:#ffffff\"><div class=\"wp-block-group__inner-container is-layout-flow wp-block-group-is-layout-flow\">\n<h2 class=\"wp-block-heading\">\u00abImagin\u00e9 una caja de zapatos\u00bb. <\/h2>\n\n\n\n<p class=\"has-drop-cap\">Dentro: un unicornio blanco, un tobog\u00e1n y un helado, con agujeros para que respire el unicornio, que precisamente ahora se est\u00e1 terminando el helado mientras se tira por el tobog\u00e1n<\/p>\n\n\n\n<p>; extinguido el helado y cansado de toboganear, el peque\u00f1o unicornio sale al exterior por uno de los agujeros de la enorme caja de zapatos. Se deja montar por un var\u00f3n desnudo y cabalga en redondo alrededor de un lago de hembras, en procesi\u00f3n estrobosc\u00f3pica de animales montados por hombres: un grifo, un le\u00f3n, caballos, felinos imposibles, un dromedario, una vaca rosa, porcinos mitol\u00f3gicos, cabras, ciervos\u2026<\/p>\n\n\n\n<p>; m\u00e1s tarde, el unicornio pintar\u00e1 vida y luego se volver\u00e1 un tirano por una mancha repugnante, \u00bfpor qu\u00e9 no?&nbsp;<\/p>\n\n\n\n<p>; una garza blanca vuela y defeca durante el vuelo y \u2013curiosidades de las par\u00e1bolas\u2013, su mierda, severamente corrosiva cae justo en el cuerno del unicornio. Pasmo, asco, debilidad.&nbsp;<\/p>\n\n\n\n<p>\u2014Tengo lunes \u2014relincha el unicornio.<\/p>\n\n\n\n<figure class=\"wp-block-image alignfull size-full is-style-default\"><img loading=\"lazy\" decoding=\"async\" width=\"1311\" height=\"562\" src=\"https:\/\/benjaminescalonilla.info\/LaDeliciaDeLosJardines\/wp-content\/uploads\/2020\/05\/cap_18_motivoCentral-cuadro_p.jpg\" alt=\"\" class=\"wp-image-825\" srcset=\"https:\/\/benjaminescalonilla.info\/LaDeliciaDeLosJardines\/wp-content\/uploads\/2020\/05\/cap_18_motivoCentral-cuadro_p.jpg 1311w, https:\/\/benjaminescalonilla.info\/LaDeliciaDeLosJardines\/wp-content\/uploads\/2020\/05\/cap_18_motivoCentral-cuadro_p-300x129.jpg 300w, https:\/\/benjaminescalonilla.info\/LaDeliciaDeLosJardines\/wp-content\/uploads\/2020\/05\/cap_18_motivoCentral-cuadro_p-1024x439.jpg 1024w, https:\/\/benjaminescalonilla.info\/LaDeliciaDeLosJardines\/wp-content\/uploads\/2020\/05\/cap_18_motivoCentral-cuadro_p-768x329.jpg 768w, https:\/\/benjaminescalonilla.info\/LaDeliciaDeLosJardines\/wp-content\/uploads\/2020\/05\/cap_18_motivoCentral-cuadro_p-1200x514.jpg 1200w\" sizes=\"auto, (max-width: 1311px) 100vw, 1311px\" \/><figcaption><em>Motivo de la tabla central de El Jard\u00edn de las delicias<\/em><\/figcaption><\/figure>\n<\/div><\/div>\n\n\n\n<div class=\"wp-block-buttons is-layout-flex wp-block-buttons-is-layout-flex\">\n<div class=\"wp-block-button\"><a class=\"wp-block-button__link\" href=\"https:\/\/benjaminescalonilla.info\/LaDeliciaDeLosJardines\/atonito-y-manchado\/\">CAP\u00cdTULO 19 (A DOS DEL FINAL)<\/a><\/div>\n<\/div>\n","protected":false},"excerpt":{"rendered":"<p>\u2013 Cap\u00edtulo 18 \/ 21 \u2013&lt; cap\u00edtulo 17 | cap\u00edtulo 19 > \u00abImagin\u00e9 una caja de zapatos\u00bb. Dentro: un unicornio blanco, un tobog\u00e1n y un helado, con agujeros para que respire el unicornio, que precisamente ahora se est\u00e1 terminando el helado mientras se tira por el tobog\u00e1n ; extinguido el helado y cansado de toboganear, [&hellip;]<\/p>\n","protected":false},"author":1,"featured_media":0,"parent":0,"menu_order":0,"comment_status":"closed","ping_status":"closed","template":"","meta":{"footnotes":""},"class_list":["post-824","page","type-page","status-publish","hentry"],"_links":{"self":[{"href":"https:\/\/benjaminescalonilla.info\/LaDeliciaDeLosJardines\/wp-json\/wp\/v2\/pages\/824","targetHints":{"allow":["GET"]}}],"collection":[{"href":"https:\/\/benjaminescalonilla.info\/LaDeliciaDeLosJardines\/wp-json\/wp\/v2\/pages"}],"about":[{"href":"https:\/\/benjaminescalonilla.info\/LaDeliciaDeLosJardines\/wp-json\/wp\/v2\/types\/page"}],"author":[{"embeddable":true,"href":"https:\/\/benjaminescalonilla.info\/LaDeliciaDeLosJardines\/wp-json\/wp\/v2\/users\/1"}],"replies":[{"embeddable":true,"href":"https:\/\/benjaminescalonilla.info\/LaDeliciaDeLosJardines\/wp-json\/wp\/v2\/comments?post=824"}],"version-history":[{"count":14,"href":"https:\/\/benjaminescalonilla.info\/LaDeliciaDeLosJardines\/wp-json\/wp\/v2\/pages\/824\/revisions"}],"predecessor-version":[{"id":1413,"href":"https:\/\/benjaminescalonilla.info\/LaDeliciaDeLosJardines\/wp-json\/wp\/v2\/pages\/824\/revisions\/1413"}],"wp:attachment":[{"href":"https:\/\/benjaminescalonilla.info\/LaDeliciaDeLosJardines\/wp-json\/wp\/v2\/media?parent=824"}],"curies":[{"name":"wp","href":"https:\/\/api.w.org\/{rel}","templated":true}]}}