{"id":834,"date":"2020-05-08T01:57:37","date_gmt":"2020-05-08T01:57:37","guid":{"rendered":"https:\/\/benjaminescalonilla.info\/LaDeliciaDeLosJardines\/?page_id=834"},"modified":"2021-05-08T12:10:21","modified_gmt":"2021-05-08T12:10:21","slug":"atonito-y-manchado","status":"publish","type":"page","link":"https:\/\/benjaminescalonilla.info\/LaDeliciaDeLosJardines\/atonito-y-manchado\/","title":{"rendered":"At\u00f3nito y manchado"},"content":{"rendered":"\n<p class=\"has-text-align-center\">\u2013 Cap\u00edtulo 19 \/ 21 \u2013<br>&lt; <a href=\"https:\/\/benjaminescalonilla.info\/LaDeliciaDeLosJardines\/una-caja-de-zapatos\/\">cap\u00edtulo 18<\/a> | <a href=\"https:\/\/benjaminescalonilla.info\/LaDeliciaDeLosJardines\/las-hojas-del-triptico\/\">cap\u00edtulo 20<\/a> &gt;<\/p>\n\n\n\n<div class=\"wp-block-group alignfull\"><div class=\"wp-block-group__inner-container is-layout-flow wp-block-group-is-layout-flow\">\n<figure class=\"wp-block-image alignfull size-full is-style-default\"><img loading=\"lazy\" decoding=\"async\" width=\"1371\" height=\"395\" src=\"https:\/\/benjaminescalonilla.info\/LaDeliciaDeLosJardines\/wp-content\/uploads\/2020\/05\/IMG_1724_machado.jpg\" alt=\"\" class=\"wp-image-692\" srcset=\"https:\/\/benjaminescalonilla.info\/LaDeliciaDeLosJardines\/wp-content\/uploads\/2020\/05\/IMG_1724_machado.jpg 1371w, https:\/\/benjaminescalonilla.info\/LaDeliciaDeLosJardines\/wp-content\/uploads\/2020\/05\/IMG_1724_machado-300x86.jpg 300w, https:\/\/benjaminescalonilla.info\/LaDeliciaDeLosJardines\/wp-content\/uploads\/2020\/05\/IMG_1724_machado-1024x295.jpg 1024w, https:\/\/benjaminescalonilla.info\/LaDeliciaDeLosJardines\/wp-content\/uploads\/2020\/05\/IMG_1724_machado-768x221.jpg 768w, https:\/\/benjaminescalonilla.info\/LaDeliciaDeLosJardines\/wp-content\/uploads\/2020\/05\/IMG_1724_machado-1200x346.jpg 1200w\" sizes=\"auto, (max-width: 1371px) 100vw, 1371px\" \/><figcaption><em>Antonio Machado<\/em><\/figcaption><\/figure>\n<\/div><\/div>\n\n\n\n<p class=\"has-drop-cap\">Pasaron a\u00f1os sin pensar en el jard\u00edn, el inter\u00e9s por la inmortalidad nunca se diluy\u00f3 del todo pero qued\u00f3 semienterrado en mi pasado, aprend\u00ed a domar mi ego, a menospreciarlo; olvid\u00e9 a la chica morena. Completamente. Dej\u00e9 de tirar l\u00e1pices al suelo, y en fin, no pens\u00e9 durante a\u00f1os en El Bosco. De aquella intensidad imaginada delante del tr\u00edptico, quiz\u00e1 me qued\u00f3 el gusto y disfrute por delicias ajardinadas (pel\u00edculas de Jaime Rosales, textos de Machado, canciones de Ant\u00f2nia Font), pero poco m\u00e1s.<\/p>\n\n\n\n<div class=\"wp-block-group alignfull\"><div class=\"wp-block-group__inner-container is-layout-flow wp-block-group-is-layout-flow\">\n<div class=\"wp-block-columns is-layout-flex wp-container-core-columns-is-layout-9d6595d7 wp-block-columns-is-layout-flex\">\n<div class=\"wp-block-column is-layout-flow wp-block-column-is-layout-flow\">\n<p class=\"has-drop-cap has-background\" style=\"background-color:#ffffff\">Os lo advert\u00ed. Mi vida es prosaica, anodina. Viv\u00ed, me cas\u00e9 y tuve dos hijos con Ene. <\/p>\n\n\n\n<p class=\"has-background\" style=\"background-color:#ffffff\">Elegimos colegio, mantuvimos los trabajos, pagamos la hipoteca, soportamos la cotidianidad, compartimos gustos con los amigos, vimos crecer a los dos bichejos. En fin, a\u00f1os vulgares, t\u00e9cnicamente pr\u00f3speros, no exentos de dificultad, sin tragedias ni sobresaltos. A pleno olvido del tr\u00edptico.<\/p>\n\n\n\n<p class=\"has-background\" style=\"background-color:#ffffff\">Hasta que un d\u00eda de hace pocos d\u00edas volv\u00ed a necesitar estar delante de \u00e9l. Su influjo, el aroma imperecedero. Hab\u00edan pasado al menos quince a\u00f1os sin visitarlo. \u00bfEs posible?<\/p>\n\n\n\n<p class=\"has-background\" style=\"background-color:#ffffff\">Me los llev\u00e9 a ellos. A mis dos bichejos, de 10 y 12 a\u00f1os.<\/p>\n<\/div>\n\n\n\n<div class=\"wp-block-column is-layout-flow wp-block-column-is-layout-flow\">\n<p class=\"has-drop-cap has-background\" style=\"background-color:#ffffff\">La escultura del carlos V en la entrada del museo, con pose afeminada, armadura ce\u00f1ida al cuerpo, retuvo la atenci\u00f3n de mis hijos. \u00a1Se desmonta como un Lego! Se le puede dejar desnudo, cola y test\u00edtulos reales al aire\u2026<\/p>\n\n\n\n<p class=\"has-background\" style=\"background-color:#ffffff\">De ah\u00ed fuimos directos al cuadro. Para bajar a su planta, recorrimos la galer\u00eda superior a buen ritmo, Saturno devorando a sus hijos, un momento en las Meninas y en la misma sala, la desagradable y desproporcionada gordura de los caballos de Felipe IV y sobre todo el del pr\u00edncipe Baltasar. (Les cont\u00e9 lo que a su vez me cont\u00f3 mi madre, que estaba pensado para ser visto desde abajo, que la perspectiva corrige la proporci\u00f3n, pero agachados hasta tocar el suelo con nuestras cabezas, mirando hacia arriba, no, no nos convenci\u00f3). <\/p>\n\n\n\n<p class=\"has-drop-cap has-background\" style=\"background-color:#ffffff\">En fin, llegamos a las tres tablas del Bosco. Un cuadro de cinco partes. Lo miramos. Ya hab\u00edamos le\u00eddo el c\u00f3mic de Max. Ven\u00edamos preparados. No hab\u00eda chicas de piel morena. Lo miramos, lo miramos, lo miramos y les pregunt\u00e9:<\/p>\n\n\n\n<h2 class=\"wp-block-heading\">\u00bfQu\u00e9 os ha gustado del tr\u00edptico?<\/h2>\n\n\n\n<p class=\"has-background\" style=\"background-color:#ffffff\">A uno le gusta el oso y el madro\u00f1o, que es limonero, no madro\u00f1o.<\/p>\n\n\n\n<p class=\"has-background\" style=\"background-color:#ffffff\">Y la evoluci\u00f3n de bolitas y agujeros a castillos con tubos y otras evoluciones.<\/p>\n\n\n\n<p class=\"has-background\" style=\"background-color:#ffffff\">Al otro, el se\u00f1or que va sobre un tubo.<\/p>\n\n\n\n<p class=\"has-background\" style=\"background-color:#ffffff\">Y los 3 mundos.<\/p>\n<\/div>\n<\/div>\n<\/div><\/div>\n\n\n\n<div class=\"wp-block-group alignwide\"><div class=\"wp-block-group__inner-container is-layout-flow wp-block-group-is-layout-flow\">\n<figure class=\"wp-block-image alignwide size-full is-style-default\"><img loading=\"lazy\" decoding=\"async\" width=\"1200\" height=\"797\" src=\"https:\/\/benjaminescalonilla.info\/LaDeliciaDeLosJardines\/wp-content\/uploads\/2020\/05\/triptico_b.png\" alt=\"\" class=\"wp-image-845\" srcset=\"https:\/\/benjaminescalonilla.info\/LaDeliciaDeLosJardines\/wp-content\/uploads\/2020\/05\/triptico_b.png 1200w, https:\/\/benjaminescalonilla.info\/LaDeliciaDeLosJardines\/wp-content\/uploads\/2020\/05\/triptico_b-300x199.png 300w, https:\/\/benjaminescalonilla.info\/LaDeliciaDeLosJardines\/wp-content\/uploads\/2020\/05\/triptico_b-1024x680.png 1024w, https:\/\/benjaminescalonilla.info\/LaDeliciaDeLosJardines\/wp-content\/uploads\/2020\/05\/triptico_b-768x510.png 768w\" sizes=\"auto, (max-width: 1200px) 100vw, 1200px\" \/><\/figure>\n<\/div><\/div>\n\n\n\n<div class=\"wp-block-buttons is-layout-flex wp-block-buttons-is-layout-flex\">\n<div class=\"wp-block-button\"><a class=\"wp-block-button__link\" href=\"https:\/\/benjaminescalonilla.info\/LaDeliciaDeLosJardines\/las-hojas-del-triptico\/\">CAP\u00cdTULO 20<\/a><\/div>\n<\/div>\n","protected":false},"excerpt":{"rendered":"<p>\u2013 Cap\u00edtulo 19 \/ 21 \u2013&lt; cap\u00edtulo 18 | cap\u00edtulo 20 &gt; Pasaron a\u00f1os sin pensar en el jard\u00edn, el inter\u00e9s por la inmortalidad nunca se diluy\u00f3 del todo pero qued\u00f3 semienterrado en mi pasado, aprend\u00ed a domar mi ego, a menospreciarlo; olvid\u00e9 a la chica morena. Completamente. Dej\u00e9 de tirar l\u00e1pices al suelo, y [&hellip;]<\/p>\n","protected":false},"author":1,"featured_media":0,"parent":0,"menu_order":0,"comment_status":"closed","ping_status":"closed","template":"","meta":{"footnotes":""},"class_list":["post-834","page","type-page","status-publish","hentry"],"_links":{"self":[{"href":"https:\/\/benjaminescalonilla.info\/LaDeliciaDeLosJardines\/wp-json\/wp\/v2\/pages\/834","targetHints":{"allow":["GET"]}}],"collection":[{"href":"https:\/\/benjaminescalonilla.info\/LaDeliciaDeLosJardines\/wp-json\/wp\/v2\/pages"}],"about":[{"href":"https:\/\/benjaminescalonilla.info\/LaDeliciaDeLosJardines\/wp-json\/wp\/v2\/types\/page"}],"author":[{"embeddable":true,"href":"https:\/\/benjaminescalonilla.info\/LaDeliciaDeLosJardines\/wp-json\/wp\/v2\/users\/1"}],"replies":[{"embeddable":true,"href":"https:\/\/benjaminescalonilla.info\/LaDeliciaDeLosJardines\/wp-json\/wp\/v2\/comments?post=834"}],"version-history":[{"count":38,"href":"https:\/\/benjaminescalonilla.info\/LaDeliciaDeLosJardines\/wp-json\/wp\/v2\/pages\/834\/revisions"}],"predecessor-version":[{"id":1513,"href":"https:\/\/benjaminescalonilla.info\/LaDeliciaDeLosJardines\/wp-json\/wp\/v2\/pages\/834\/revisions\/1513"}],"wp:attachment":[{"href":"https:\/\/benjaminescalonilla.info\/LaDeliciaDeLosJardines\/wp-json\/wp\/v2\/media?parent=834"}],"curies":[{"name":"wp","href":"https:\/\/api.w.org\/{rel}","templated":true}]}}