{"id":852,"date":"2020-05-08T17:22:04","date_gmt":"2020-05-08T17:22:04","guid":{"rendered":"https:\/\/benjaminescalonilla.info\/LaDeliciaDeLosJardines\/?page_id=852"},"modified":"2020-05-16T15:06:57","modified_gmt":"2020-05-16T15:06:57","slug":"las-hojas-del-triptico","status":"publish","type":"page","link":"https:\/\/benjaminescalonilla.info\/LaDeliciaDeLosJardines\/las-hojas-del-triptico\/","title":{"rendered":"Las hojas del tr\u00edptico"},"content":{"rendered":"\n<p class=\"has-text-align-center\">\u2013 Cap\u00edtulo 20 \/ 21 \u2013<br>&lt; <a href=\"https:\/\/benjaminescalonilla.info\/LaDeliciaDeLosJardines\/atonito-y-manchado\/\">cap\u00edtulo 19<\/a> | <a href=\"https:\/\/benjaminescalonilla.info\/LaDeliciaDeLosJardines\/final\/\">cap\u00edtulo 21<\/a> ><\/p>\n\n\n\n<figure class=\"wp-block-image size-full is-style-default\"><img loading=\"lazy\" decoding=\"async\" width=\"600\" height=\"1256\" src=\"https:\/\/benjaminescalonilla.info\/LaDeliciaDeLosJardines\/wp-content\/uploads\/2020\/05\/torreon.png\" alt=\"\" class=\"wp-image-858\" srcset=\"https:\/\/benjaminescalonilla.info\/LaDeliciaDeLosJardines\/wp-content\/uploads\/2020\/05\/torreon.png 600w, https:\/\/benjaminescalonilla.info\/LaDeliciaDeLosJardines\/wp-content\/uploads\/2020\/05\/torreon-143x300.png 143w, https:\/\/benjaminescalonilla.info\/LaDeliciaDeLosJardines\/wp-content\/uploads\/2020\/05\/torreon-489x1024.png 489w\" sizes=\"auto, (max-width: 600px) 100vw, 600px\" \/><\/figure>\n\n\n\n<div class=\"wp-block-group alignfull has-background\" style=\"background-color:#ffffff\"><div class=\"wp-block-group__inner-container is-layout-flow wp-block-group-is-layout-flow\">\n<p class=\"has-drop-cap\">Y mientras los ni\u00f1os ve\u00edan el precipicio, y los ojos de la serpiente inmortal les creaba inc\u00f3gnitas, a m\u00ed me regurgitaba un sabor pl\u00e1stico a oreja masticada. <\/p>\n\n\n\n<p>Entonces imagin\u00e9 que una garza vieja nos miraba desde lo alto e imagin\u00e9 que tambi\u00e9n desde lo alto, una eremita hembra se carcajeaba de nosotros en el ventanal de su torre\u00f3n con un Chupa Chups lleno de hormigas en la mano y le daba golpecitos con la punta de la lengua al caramelo, libando su sabor a cola, de a poco. Y en ese imaginar, ese estar dentro del jard\u00edn, sent\u00ed una sensaci\u00f3n que hac\u00eda tiempo que no-; y puedo aseguraros que me <strike>trascendi\u00f3<\/strike> fascin\u00f3, devor\u00f3.<\/p>\n\n\n\n<p class=\"has-drop-cap\">Fue en ese justo momento. Frente a las tres tablas del Bosco. Con los ni\u00f1os. La ausencia de la chica de piel morena. Los bornes en las grietas. El fracaso semienterrado. Fue en ese momento de imaginaci\u00f3n inducida por la tabla, en ese justo momento cuando cre\u00ed ver un recorrido frente al cuadro. Reconoc\u00ed un recorrido de todos estos a\u00f1os \u2013que ya son una vida\u2013, en mi relaci\u00f3n con el cuadro. <\/p>\n\n\n\n<p>Ese recorrido es la raz\u00f3n de este texto.&nbsp;<\/p>\n\n\n\n<p>Este texto es mi abrazo a un cuadro que me ha regado \u2013este es el recorrido\u2013, y ha hecho brotar entre mis brazos de pulpo:<br>frondosas<br>hojas&nbsp;<br>de miedo, peque\u00f1as ramas de vuelo, tallos de escepticismo, hojas de atrevimiento, troncos de a\u00f1il y troncos de viol\u00e1ceo crecimiento, ramas y tallos de arriba y de abajo, de perspectiva aqu\u00ed y de perspectiva all\u00ed, fermentando imaginaci\u00f3n.<\/p>\n\n\n\n<p>Hojas de la influencia. <br>Hojas caducas de la influencia vueltas perennes cada vez que regreso al tr\u00edptico.&nbsp;Hojas que me han cambiado, me han configurado y hecho imaginar diferente. Que reverdecen. Que en mi larga relaci\u00f3n con el cuadro, me han hecho otro. <em>Yo no soy yo<\/em>.<\/p>\n\n\n\n<p>Este texto es reconocer con humildad las hojas de la influencia en<br>la compasi\u00f3n, la risa, las intrigas, mi estar en la amistad, la creatividad sexual, mi pol\u00edtica, mi manera de comprar y mi manera de disfrutar los viajes, de organizar el espacio de mi hogar, de dejar de trabajar antes para dedicar tiempo a lo otro; su influencia en mi forma de ver, leer, escuchar\u2026<\/p>\n\n\n\n<p>Dicho queda. <\/p>\n<\/div><\/div>\n\n\n\n<div class=\"wp-block-buttons is-layout-flex wp-block-buttons-is-layout-flex\">\n<div class=\"wp-block-button\"><a class=\"wp-block-button__link\" href=\"https:\/\/benjaminescalonilla.info\/LaDeliciaDeLosJardines\/final\/\">CAP\u00cdTULO 21 (final)<\/a><\/div>\n<\/div>\n","protected":false},"excerpt":{"rendered":"<p>\u2013 Cap\u00edtulo 20 \/ 21 \u2013&lt; cap\u00edtulo 19 | cap\u00edtulo 21 > Y mientras los ni\u00f1os ve\u00edan el precipicio, y los ojos de la serpiente inmortal les creaba inc\u00f3gnitas, a m\u00ed me regurgitaba un sabor pl\u00e1stico a oreja masticada. Entonces imagin\u00e9 que una garza vieja nos miraba desde lo alto e imagin\u00e9 que tambi\u00e9n desde [&hellip;]<\/p>\n","protected":false},"author":1,"featured_media":0,"parent":0,"menu_order":0,"comment_status":"closed","ping_status":"closed","template":"","meta":{"footnotes":""},"class_list":["post-852","page","type-page","status-publish","hentry"],"_links":{"self":[{"href":"https:\/\/benjaminescalonilla.info\/LaDeliciaDeLosJardines\/wp-json\/wp\/v2\/pages\/852","targetHints":{"allow":["GET"]}}],"collection":[{"href":"https:\/\/benjaminescalonilla.info\/LaDeliciaDeLosJardines\/wp-json\/wp\/v2\/pages"}],"about":[{"href":"https:\/\/benjaminescalonilla.info\/LaDeliciaDeLosJardines\/wp-json\/wp\/v2\/types\/page"}],"author":[{"embeddable":true,"href":"https:\/\/benjaminescalonilla.info\/LaDeliciaDeLosJardines\/wp-json\/wp\/v2\/users\/1"}],"replies":[{"embeddable":true,"href":"https:\/\/benjaminescalonilla.info\/LaDeliciaDeLosJardines\/wp-json\/wp\/v2\/comments?post=852"}],"version-history":[{"count":20,"href":"https:\/\/benjaminescalonilla.info\/LaDeliciaDeLosJardines\/wp-json\/wp\/v2\/pages\/852\/revisions"}],"predecessor-version":[{"id":1415,"href":"https:\/\/benjaminescalonilla.info\/LaDeliciaDeLosJardines\/wp-json\/wp\/v2\/pages\/852\/revisions\/1415"}],"wp:attachment":[{"href":"https:\/\/benjaminescalonilla.info\/LaDeliciaDeLosJardines\/wp-json\/wp\/v2\/media?parent=852"}],"curies":[{"name":"wp","href":"https:\/\/api.w.org\/{rel}","templated":true}]}}