{"id":867,"date":"2020-05-08T23:09:46","date_gmt":"2020-05-08T23:09:46","guid":{"rendered":"https:\/\/benjaminescalonilla.info\/LaDeliciaDeLosJardines\/?page_id=867"},"modified":"2020-05-16T15:09:51","modified_gmt":"2020-05-16T15:09:51","slug":"final","status":"publish","type":"page","link":"https:\/\/benjaminescalonilla.info\/LaDeliciaDeLosJardines\/final\/","title":{"rendered":"Final"},"content":{"rendered":"\n<p class=\"has-text-align-center\">\u2013 Cap\u00edtulo 21 \/ 21 \u2013<br>&lt; <a href=\"https:\/\/benjaminescalonilla.info\/LaDeliciaDeLosJardines\/las-hojas-del-triptico\/\">cap\u00edtulo 20<\/a> |<\/p>\n\n\n\n<div class=\"wp-block-group has-background\" style=\"background-color:#f9d439\"><div class=\"wp-block-group__inner-container is-layout-flow wp-block-group-is-layout-flow\">\n<h2 class=\"wp-block-heading\">Cerremos el tr\u00edptico.<\/h2>\n\n\n\n<p><s>Imagino a\u00fan la ca\u00edda inmortal de l\u00e1pices rebotando en el suelo de diferente manera cada vez; imagino a\u00fan garzas blancas y sombreros de ave.<\/s><\/p>\n\n\n\n<p>Puedo verme a solas en la sala 56 del Museo del Prado, delante del tr\u00edptico cerrado, d\u00e1ndole la espalda; mi madre se r\u00ede de todo esto desde los ecos de su jard\u00edn,<\/p>\n\n\n\n<p>imagino<br>el cierre y el sosiego.<\/p>\n<\/div><\/div>\n\n\n\n<div class=\"wp-block-group has-background\" style=\"background-color:#ffffff\"><div class=\"wp-block-group__inner-container is-layout-flow wp-block-group-is-layout-flow\">\n<figure class=\"wp-block-image size-large is-style-default\"><img loading=\"lazy\" decoding=\"async\" width=\"876\" height=\"950\" src=\"https:\/\/benjaminescalonilla.info\/LaDeliciaDeLosJardines\/wp-content\/uploads\/2020\/05\/Hieronymus_Bosch_-_The_Garden_of_Earthly_Delights_-_The_exterior_shutters.jpg\" alt=\"\" class=\"wp-image-868\" srcset=\"https:\/\/benjaminescalonilla.info\/LaDeliciaDeLosJardines\/wp-content\/uploads\/2020\/05\/Hieronymus_Bosch_-_The_Garden_of_Earthly_Delights_-_The_exterior_shutters.jpg 876w, https:\/\/benjaminescalonilla.info\/LaDeliciaDeLosJardines\/wp-content\/uploads\/2020\/05\/Hieronymus_Bosch_-_The_Garden_of_Earthly_Delights_-_The_exterior_shutters-277x300.jpg 277w, https:\/\/benjaminescalonilla.info\/LaDeliciaDeLosJardines\/wp-content\/uploads\/2020\/05\/Hieronymus_Bosch_-_The_Garden_of_Earthly_Delights_-_The_exterior_shutters-768x833.jpg 768w\" sizes=\"auto, (max-width: 876px) 100vw, 876px\" \/><figcaption><em>El jard\u00edn de las delicias. El Bosco*. <\/em><\/figcaption><\/figure>\n<\/div><\/div>\n\n\n\n<h2 class=\"has-text-align-right wp-block-heading\">FIN<\/h2>\n\n\n\n<div style=\"height:100px\" aria-hidden=\"true\" class=\"wp-block-spacer\"><\/div>\n\n\n\n<div class=\"wp-block-buttons is-layout-flex wp-block-buttons-is-layout-flex\">\n<div class=\"wp-block-button\"><a class=\"wp-block-button__link\" href=\"https:\/\/benjaminescalonilla.info\/LaDeliciaDeLosJardines\/final-aleatorio.html\">EL FUTURO<\/a><\/div>\n<\/div>\n\n\n\n<h3 class=\"wp-block-heading\">\u00abEl futuro es aleatorio\u00bb.<\/h3>\n\n\n\n<div style=\"height:100px\" aria-hidden=\"true\" class=\"wp-block-spacer\"><\/div>\n\n\n\n<p>*<em><a href=\"https:\/\/commons.wikimedia.org\/wiki\/File:Hieronymus_Bosch_-_The_Garden_of_Earthly_Delights_-_The_exterior_(shutters).jpg\">Foto<\/a> del jard\u00edn cerrado, de dominio p\u00fablico.<\/em><\/p>\n","protected":false},"excerpt":{"rendered":"<p>\u2013 Cap\u00edtulo 21 \/ 21 \u2013&lt; cap\u00edtulo 20 | Cerremos el tr\u00edptico. Imagino a\u00fan la ca\u00edda inmortal de l\u00e1pices rebotando en el suelo de diferente manera cada vez; imagino a\u00fan garzas blancas y sombreros de ave. Puedo verme a solas en la sala 56 del Museo del Prado, delante del tr\u00edptico cerrado, d\u00e1ndole la espalda; [&hellip;]<\/p>\n","protected":false},"author":1,"featured_media":0,"parent":0,"menu_order":0,"comment_status":"closed","ping_status":"closed","template":"","meta":{"footnotes":""},"class_list":["post-867","page","type-page","status-publish","hentry"],"_links":{"self":[{"href":"https:\/\/benjaminescalonilla.info\/LaDeliciaDeLosJardines\/wp-json\/wp\/v2\/pages\/867","targetHints":{"allow":["GET"]}}],"collection":[{"href":"https:\/\/benjaminescalonilla.info\/LaDeliciaDeLosJardines\/wp-json\/wp\/v2\/pages"}],"about":[{"href":"https:\/\/benjaminescalonilla.info\/LaDeliciaDeLosJardines\/wp-json\/wp\/v2\/types\/page"}],"author":[{"embeddable":true,"href":"https:\/\/benjaminescalonilla.info\/LaDeliciaDeLosJardines\/wp-json\/wp\/v2\/users\/1"}],"replies":[{"embeddable":true,"href":"https:\/\/benjaminescalonilla.info\/LaDeliciaDeLosJardines\/wp-json\/wp\/v2\/comments?post=867"}],"version-history":[{"count":12,"href":"https:\/\/benjaminescalonilla.info\/LaDeliciaDeLosJardines\/wp-json\/wp\/v2\/pages\/867\/revisions"}],"predecessor-version":[{"id":1416,"href":"https:\/\/benjaminescalonilla.info\/LaDeliciaDeLosJardines\/wp-json\/wp\/v2\/pages\/867\/revisions\/1416"}],"wp:attachment":[{"href":"https:\/\/benjaminescalonilla.info\/LaDeliciaDeLosJardines\/wp-json\/wp\/v2\/media?parent=867"}],"curies":[{"name":"wp","href":"https:\/\/api.w.org\/{rel}","templated":true}]}}