{"id":96,"date":"2020-02-21T03:41:07","date_gmt":"2020-02-21T03:41:07","guid":{"rendered":"https:\/\/benjaminescalonilla.info\/LaDeliciaDeLosJardines\/?page_id=96"},"modified":"2024-01-13T11:34:43","modified_gmt":"2024-01-13T11:34:43","slug":"benjamin-arreglate-nos-vamos","status":"publish","type":"page","link":"https:\/\/benjaminescalonilla.info\/LaDeliciaDeLosJardines\/benjamin-arreglate-nos-vamos\/","title":{"rendered":"\u2014benjam\u00edn, arr\u00e9glate, nos vamos."},"content":{"rendered":"\n<div class=\"wp-block-group alignwide\"><div class=\"wp-block-group__inner-container is-layout-flow wp-block-group-is-layout-flow\">\n<p class=\"has-text-align-center\">  &#8211; Cap\u00edtulo 02 \/ 21 &#8211; <br>&lt; <a href=\"https:\/\/benjaminescalonilla.info\/LaDeliciaDeLosJardines\/\">cap\u00edtulo 01<\/a> | <a href=\"https:\/\/benjaminescalonilla.info\/LaDeliciaDeLosJardines\/quien-soy-yo\/\">cap\u00edtulo 03<\/a> &gt;<\/p>\n<\/div><\/div>\n\n\n\n<div style=\"height:20px\" aria-hidden=\"true\" class=\"wp-block-spacer\"><\/div>\n\n\n\n<div class=\"wp-block-group alignfull has-background\" style=\"background-color:#f9d439\"><div class=\"wp-block-group__inner-container is-layout-flow wp-block-group-is-layout-flow\">\n<h2 class=\"wp-block-heading has-text-align-center\">Si me regal\u00e1is algo de vuestro tiempo<\/h2>\n\n\n\n<p class=\"has-text-align-center has-large-font-size\">querr\u00eda contaros mi relaci\u00f3n con El jard\u00edn de las Delicias, el cuadro del Bosco.<\/p>\n\n\n\n<p class=\"has-text-align-center has-small-font-size\">S\u00ed, adem\u00e1s de morder orejas famosas, me gusta mirar esto:<\/p>\n\n\n\n<figure class=\"wp-block-image alignfull size-full\"><a href=\"https:\/\/benjaminescalonilla.info\/LaDeliciaDeLosJardines\/wp-content\/uploads\/2020\/02\/Las_Delicias_completo-1-1980x1056.jpg\"><img loading=\"lazy\" decoding=\"async\" width=\"2560\" height=\"1365\" src=\"https:\/\/benjaminescalonilla.info\/LaDeliciaDeLosJardines\/wp-content\/uploads\/2020\/02\/Las_Delicias_completo-1-scaled.jpg\" alt=\"el cuadro\" class=\"wp-image-113\" srcset=\"https:\/\/benjaminescalonilla.info\/LaDeliciaDeLosJardines\/wp-content\/uploads\/2020\/02\/Las_Delicias_completo-1-scaled.jpg 2560w, https:\/\/benjaminescalonilla.info\/LaDeliciaDeLosJardines\/wp-content\/uploads\/2020\/02\/Las_Delicias_completo-1-300x160.jpg 300w, https:\/\/benjaminescalonilla.info\/LaDeliciaDeLosJardines\/wp-content\/uploads\/2020\/02\/Las_Delicias_completo-1-1024x546.jpg 1024w, https:\/\/benjaminescalonilla.info\/LaDeliciaDeLosJardines\/wp-content\/uploads\/2020\/02\/Las_Delicias_completo-1-768x409.jpg 768w, https:\/\/benjaminescalonilla.info\/LaDeliciaDeLosJardines\/wp-content\/uploads\/2020\/02\/Las_Delicias_completo-1-1536x819.jpg 1536w, https:\/\/benjaminescalonilla.info\/LaDeliciaDeLosJardines\/wp-content\/uploads\/2020\/02\/Las_Delicias_completo-1-2048x1092.jpg 2048w, https:\/\/benjaminescalonilla.info\/LaDeliciaDeLosJardines\/wp-content\/uploads\/2020\/02\/Las_Delicias_completo-1-1200x640.jpg 1200w, https:\/\/benjaminescalonilla.info\/LaDeliciaDeLosJardines\/wp-content\/uploads\/2020\/02\/Las_Delicias_completo-1-1980x1056.jpg 1980w\" sizes=\"auto, (max-width: 2560px) 100vw, 2560px\" \/><\/a><figcaption class=\"wp-element-caption\">[ <a href=\"https:\/\/www.museodelprado.es\/coleccion\/obra-de-arte\/triptico-del-jardin-de-las-delicias\/02388242-6d6a-4e9e-a992-e1311eab3609\">Museo del Prado<\/a> ]<\/figcaption><\/figure>\n<\/div><\/div>\n\n\n\n<div class=\"wp-block-group alignfull has-background\" style=\"background-color:#ffffff\"><div class=\"wp-block-group__inner-container is-layout-flow wp-block-group-is-layout-flow\">\n<h2 class=\"wp-block-heading has-text-align-center has-accent-color has-text-color\">\u00abFue mi primera vez\u00bb.<\/h2>\n\n\n\n<div class=\"wp-block-group alignfull\"><div class=\"wp-block-group__inner-container is-layout-flow wp-block-group-is-layout-flow\">\n<div class=\"wp-block-columns alignwide is-layout-flex wp-container-core-columns-is-layout-9d6595d7 wp-block-columns-is-layout-flex\">\n<div class=\"wp-block-column is-layout-flow wp-block-column-is-layout-flow\">\n<p class=\"has-drop-cap\">Es una relaci\u00f3n sin la mayor importancia, os prevengo, sin sucesos significativos ni cl\u00edmax, un poco como mi propia vida, sin significaciones: insignificante como la de tantos, vida vulgar; aunque enti\u00e9ndaseme, digo vulgar sin acritud, la vulgaridad me gusta, me resulta entra\u00f1able por\u00a0su cotidianidad y porque lo cotidiano tambi\u00e9n encierra sue\u00f1os, im\u00e1genes retorcidas, mordiscos de goma, ideas extraterrestres, como las que despierta el cuadro.\u00a0<\/p>\n\n\n\n<p><em>\u2014benjam\u00edn, arr\u00e9glate, nos vamos.<\/em><\/p>\n\n\n\n<p>Mi relaci\u00f3n con Las Delicias se inici\u00f3 siendo ni\u00f1o, \u00bfocho, diez a\u00f1os? cuando mi madre dijo, benjam\u00edn, arr\u00e9glate, nos vamos y me llev\u00f3 a verle. Mi <a href=\"https:\/\/benjaminescalonilla.info\/LaDeliciaDeLosJardines\/ma-dre\/\">madre<\/a>, Esperanza, muchos a\u00f1os antes de su alzehimer, me llev\u00f3 al Prado; mi padre nos acerc\u00f3 en coche traqueteando sobre el empedrado del Paseo del Prado de entonces (un empedrado reciente y mal ejecutado que \u2014aseguraba mi padre\u2014 rememoraba el Madrid de antes de entonces). All\u00ed nos dej\u00f3, solos, como nos gustaba estar. Podr\u00edamos haber ido caminando pues viv\u00edamos en Men\u00e9ndez Pelayo; podr\u00edamos haber cruzado el Retiro y bajado por donde el Cas\u00f3n que albergaba el Guernica; pero entonces no se llevaba caminar, supongo. <\/p>\n<\/div>\n\n\n\n<div class=\"wp-block-column is-layout-flow wp-block-column-is-layout-flow\">\n<p>Al llegar \u2014os recojo en una hora, no os retras\u00e9is que aqu\u00ed no puedo aparcar\u2014, el Prado se me mostr\u00f3 feo, bloque como de Tente mastod\u00f3ntico, aviejado, nada que ver con el lustre que luce actualmente, ni tan ampliado. Me dio mal rollito, le supuse clase de las de pizarra, aula agigantada, aburrimiento. El apelotonamiento de cuadros en su interior no ayudaba. La escultura del carlos V en la entrada, con pose afeminada, armadura ce\u00f1ida al cuerpo, fue de lo poco que retuvo mi atenci\u00f3n\u2026 Me incordi\u00f3 tanto-tanto cuadro flamenco por esas posturas forzadas y como de maniqu\u00ed; quer\u00eda irme. A pesar de aquella sensaci\u00f3n de desagrado, cuando llegu\u00e9 al Bosco pude percibir una perturbaci\u00f3n en la fuerza.<\/p>\n\n\n\n<p>Fue mi primera vez.<\/p>\n\n\n\n<p>Y como la primera vez en todo, en el sexo, en conducir, en tu primer concierto sin padres: fue inolvidable. No quiero decir que fuese placentero, no del todo, no desde luego como en siguientes visitas; a\u00fan no comprend\u00eda los resortes, algunos resortes, porque la mayor\u00eda sigo sin comprenderlos; a\u00fan no sab\u00eda mirar, no conoc\u00eda las m\u00ednimas reglas, \u00bfque es un fuera de juego?, qu\u00e9 digo un fuera de juego, \u00bfqu\u00e9 es una porter\u00eda en el complicado y atrevido juego de plantarse frente a este cuadro?&nbsp;<\/p>\n<\/div>\n<\/div>\n<\/div><\/div>\n<\/div><\/div>\n\n\n\n<div style=\"height:100px\" aria-hidden=\"true\" class=\"wp-block-spacer\"><\/div>\n\n\n\n<div class=\"wp-block-group alignwide has-background\" style=\"background-color:#ffffff\"><div class=\"wp-block-group__inner-container is-layout-flow wp-block-group-is-layout-flow\">\n<div class=\"wp-block-group\"><div class=\"wp-block-group__inner-container is-layout-flow wp-block-group-is-layout-flow\">\n<p class=\"has-drop-cap\">All\u00ed estaba yo. Sin prevenciones, sin preparaci\u00f3n, sin escudo ante los ojos de la madre de todas las serpientes.&nbsp;<\/p>\n\n\n\n<blockquote class=\"wp-block-quote is-style-large is-layout-flow wp-block-quote-is-layout-flow\">\n<p>El jard\u00edn de las delicias como una boca a punto de devorarme. \u00bfD\u00f3nde mirar? Al todo. A ning\u00fan sitio. Era como una noche sin contaminaci\u00f3n lum\u00ednica frente a la incomprensible v\u00eda l\u00e1ctea.&nbsp;<\/p>\n<\/blockquote>\n\n\n\n<p>Impresion\u00f3. Apabull\u00f3. Jam\u00e1s lo olvidar\u00e9. Gracias mam\u00e1.<\/p>\n\n\n\n<p>No respir\u00e9 durante minutos.<\/p>\n\n\n\n<p>No respir\u00e9 hasta salir del Prado.&nbsp;<\/p>\n\n\n\n<h4 class=\"wp-block-heading\">Sigo sin respirar cuando lo recuerdo.<\/h4>\n\n\n\n<hr class=\"wp-block-separator has-css-opacity\"\/>\n<\/div><\/div>\n<\/div><\/div>\n\n\n\n<div style=\"height:100px\" aria-hidden=\"true\" class=\"wp-block-spacer\"><\/div>\n\n\n\n        <div class=\"wpProQuiz_content\" id=\"wpProQuiz_2\">\n                    <div style=\"display: none;\" class=\"wpProQuiz_time_limit\">\n            <div class=\"time\">L\u00edmite de tiempo: <span>0<\/span><\/div>\n            <div class=\"wpProQuiz_progress\"><\/div>\n        <\/div>\n                <div class=\"wpProQuiz_checkPage\" style=\"display: none;\">\n            <h4 class=\"wpProQuiz_header\">SUmario del cuestionario<\/h4>\n\n            <p>\n                <span>0<\/span> de 1  preguntas completado            <\/p>\n\n            <p>Preguntas:<\/p>\n\n            <div style=\"margin-bottom: 20px;\" class=\"wpProQuiz_box\">\n                <ol>\n                                            <li>1<\/li>\n                                    <\/ol>\n                <div style=\"clear: both;\"><\/div>\n            <\/div>\n\n            \n            <input type=\"button\" name=\"endQuizSummary\" value=\"Acabar el cuestionario\"\n                   class=\"wpProQuiz_button\">\n        <\/div>\n                <div class=\"wpProQuiz_infopage\" style=\"display: none;\">\n            <h4>Informaci\u00f3n<\/h4>\n\n            \n            <input type=\"button\" name=\"endInfopage\" value=\"Acabar el cuestionario\"\n                   class=\"wpProQuiz_button\">\n        <\/div>\n                <div class=\"wpProQuiz_text\">\n            <p>\n                <h3 class=\"p1\"><span class=\"s1\"><b> \u00bfQu\u00e9 obra te impide respirar? <\/b><\/span><\/h3>\n            <\/p>\n\n            \n            <div>\n                <input class=\"wpProQuiz_button\" type=\"button\" value=\"Empezar el cuestionario\"\n                       name=\"startQuiz\">\n            <\/div>\n        <\/div>\n                <div style=\"display: none;\" class=\"wpProQuiz_lock\">\n            <p>\n                Ya has realizado este cuestionario antes. Por tanto, no puedes empezarlo otra vez.            <\/p>\n        <\/div>\n                <div style=\"display: none;\" class=\"wpProQuiz_loadQuiz\">\n            <p>\n                Cargando el cuestionario...            <\/p>\n        <\/div>\n                <div style=\"display: none;\" class=\"wpProQuiz_startOnlyRegisteredUser\">\n            <p>\n                Debes ser un usuario registrado para poder realizar el cuestionario.            <\/p>\n        <\/div>\n                <div style=\"display: none;\" class=\"wpProQuiz_prerequisite\">\n            <p>\n                Tienes que terminar antes el siguiente cuestionario, para iniciar este cuestionario:                <span><\/span>\n            <\/p>\n        <\/div>\n                <div style=\"display: none;\" class=\"wpProQuiz_results\">\n            <h4 class=\"wpProQuiz_header\">Resultados<\/h4>\n                        <p class=\"wpProQuiz_time_limit_expired\" style=\"display: none;\">\n                El tiempo se ha terminado            <\/p>\n                                    <div class=\"wpProQuiz_catOverview\" style=\"display:none;\">\n                <h4>Categor\u00edas<\/h4>\n\n                <div style=\"margin-top: 10px;\">\n                    <ol>\n                                                    <li data-category_id=\"0\">\n                                <span class=\"wpProQuiz_catName\">No asignada a ninguna categor\u00eda<\/span>\n                                <span class=\"wpProQuiz_catPercent\">0%<\/span>\n                            <\/li>\n                                            <\/ol>\n                <\/div>\n            <\/div>\n            <div>\n                <ul class=\"wpProQuiz_resultsList\">\n                                            <li style=\"display: none;\">\n                            <div>\n                                <p>\u00a1No me digas! <\/p>\n                            <\/div>\n                        <\/li>\n                                            <li style=\"display: none;\">\n                            <div>\n                                <p>La falta de ox\u00edgeno abre ciertas puertas: Acceso al <a href=\"https:\/\/benjaminescalonilla.info\/LaDeliciaDeLosJardines\/25-2\/\">cap\u00edtulo oculto: 2,5<\/a><\/p>\n                            <\/div>\n                        <\/li>\n                                    <\/ul>\n            <\/div>\n                        <div style=\"margin: 10px 0px;\">\n                                            <\/div>\n        <\/div>\n                <div class=\"wpProQuiz_reviewDiv\" style=\"display: none;\">\n            <div class=\"wpProQuiz_reviewQuestion\">\n                <ol>\n                                            <li>1<\/li>\n                                    <\/ol>\n                <div style=\"display: none;\"><\/div>\n            <\/div>\n            <div class=\"wpProQuiz_reviewLegend\">\n                <ol>\n                    <li>\n                        <span class=\"wpProQuiz_reviewColor\" style=\"background-color: #6CA54C;\"><\/span>\n                        <span class=\"wpProQuiz_reviewText\">Contestada<\/span>\n                    <\/li>\n                    <li>\n                        <span class=\"wpProQuiz_reviewColor\" style=\"background-color: #FFB800;\"><\/span>\n                        <span class=\"wpProQuiz_reviewText\">Revisada<\/span>\n                    <\/li>\n                <\/ol>\n                <div style=\"clear: both;\"><\/div>\n            <\/div>\n            <div>\n                                    <input type=\"button\" name=\"review\" value=\"Revisar la pregunta\"\n                           class=\"wpProQuiz_button2\" style=\"float: left; display: block;\">\n                                            <input type=\"button\" name=\"quizSummary\"\n                               value=\"SUmario del cuestionario\" class=\"wpProQuiz_button2\"\n                               style=\"float: right;\">\n                                        <div style=\"clear: both;\"><\/div>\n                            <\/div>\n        <\/div>\n                <div class=\"wpProQuiz_quizAnker\" style=\"display: none;\"><\/div>\n                <div style=\"display: none;\" class=\"wpProQuiz_quiz\">\n            <ol class=\"wpProQuiz_list\">\n                                    <li class=\"wpProQuiz_listItem\" style=\"display: none;\">\n                        <div\n                            class=\"wpProQuiz_question_page\" style=\"display:none;\" >\n                            Pregunta <span>1<\/span> de <span>1<\/span>                        <\/div>\n                        <h5 style=\"display: none;\"\n                            class=\"wpProQuiz_header\">\n                            <span>1<\/span>. Pregunta                        <\/h5>\n\n                        \n                                                <div class=\"wpProQuiz_question\" style=\"margin: 10px 0 0 0;\">\n                            <div class=\"wpProQuiz_question_text\">\n                                <h3 class=\"p1\"><span class=\"s1\"><b> \u00bfAlguna obra de la infancia te impide respirar? <\/b><\/span><\/h3>\n                            <\/div>\n                                                        <ul class=\"wpProQuiz_questionList\" data-question_id=\"4\"\n                                data-type=\"single\">\n                                \n                                    <li class=\"wpProQuiz_questionListItem\" data-pos=\"0\">\n\n                                                                                                                                <span style=\"display:none;\"><\/span>\n                                            <label>\n                                                <input class=\"wpProQuiz_questionInput\"\n                                                       type=\"radio\"\n                                                       name=\"question_2_4\"\n                                                       value=\"1\"> Alguna.                                             <\/label>\n\n                                                                            <\/li>\n                                    \n                                    <li class=\"wpProQuiz_questionListItem\" data-pos=\"1\">\n\n                                                                                                                                <span style=\"display:none;\"><\/span>\n                                            <label>\n                                                <input class=\"wpProQuiz_questionInput\"\n                                                       type=\"radio\"\n                                                       name=\"question_2_4\"\n                                                       value=\"2\"> Ninguna, siempre he respirado divina y constantemente.                                            <\/label>\n\n                                                                            <\/li>\n                                    \n                                    <li class=\"wpProQuiz_questionListItem\" data-pos=\"2\">\n\n                                                                                                                                <span style=\"display:none;\"><\/span>\n                                            <label>\n                                                <input class=\"wpProQuiz_questionInput\"\n                                                       type=\"radio\"\n                                                       name=\"question_2_4\"\n                                                       value=\"3\"> Dej\u00e9 de respirar hace tiempo.                                            <\/label>\n\n                                                                            <\/li>\n                                                                <\/ul>\n                        <\/div>\n                        \n                        \n                                                <input type=\"button\" name=\"back\" value=\"Volver atr\u00e1s\"\n                               class=\"wpProQuiz_button wpProQuiz_QuestionButton\"\n                               style=\"float: left !important; margin-right: 10px !important; display: none;\">\n                                                <input type=\"button\" name=\"check\" value=\"Comprobar\"\n                               class=\"wpProQuiz_button wpProQuiz_QuestionButton\"\n                               style=\"float: right !important; margin-right: 10px !important; display: none;\">\n                        <input type=\"button\" name=\"next\" value=\"Siguiente\"\n                               class=\"wpProQuiz_button wpProQuiz_QuestionButton\" style=\"float: right; display: none;\">\n\n                        <div style=\"clear: both;\"><\/div>\n\n                        \n                    <\/li>\n\n                            <\/ol>\n                    <\/div>\n                <\/div>\n                <script type=\"text\/javascript\">\n            window.wpProQuizInitList = window.wpProQuizInitList || [];\n\n            window.wpProQuizInitList.push({\n                id: '#wpProQuiz_2',\n                init: {\n                    quizId: 2,\n                    mode: 0,\n                    globalPoints: 1,\n                    timelimit: 0,\n                    resultsGrade: [66,0],\n                    bo: 5124,\n                    qpp: 0,\n                    catPoints: [1],\n                    formPos: 0,\n                    lbn: \"Acabar el cuestionario\",\n                    json: {\"4\":{\"type\":\"single\",\"id\":4,\"catId\":0,\"points\":1,\"correct\":[0,1,0]}}                }\n            });\n        <\/script>\n        \n\n\n\n<div class=\"wp-block-button is-style-fill\"><a class=\"wp-block-button__link has-secondary-color has-text-color has-background wp-element-button\" href=\"https:\/\/benjaminescalonilla.info\/LaDeliciaDeLosJardines\/quien-soy-yo\/\" style=\"background-color:#ffd437\">cap\u00edtulo 03<\/a><\/div>\n","protected":false},"excerpt":{"rendered":"<p>&#8211; Cap\u00edtulo 02 \/ 21 &#8211; &lt; cap\u00edtulo 01 | cap\u00edtulo 03 &gt; Si me regal\u00e1is algo de vuestro tiempo querr\u00eda contaros mi relaci\u00f3n con El jard\u00edn de las Delicias, el cuadro del Bosco. S\u00ed, adem\u00e1s de morder orejas famosas, me gusta mirar esto: \u00abFue mi primera vez\u00bb. Es una relaci\u00f3n sin la mayor importancia, [&hellip;]<\/p>\n","protected":false},"author":1,"featured_media":0,"parent":0,"menu_order":0,"comment_status":"closed","ping_status":"closed","template":"","meta":{"footnotes":""},"class_list":["post-96","page","type-page","status-publish","hentry"],"_links":{"self":[{"href":"https:\/\/benjaminescalonilla.info\/LaDeliciaDeLosJardines\/wp-json\/wp\/v2\/pages\/96","targetHints":{"allow":["GET"]}}],"collection":[{"href":"https:\/\/benjaminescalonilla.info\/LaDeliciaDeLosJardines\/wp-json\/wp\/v2\/pages"}],"about":[{"href":"https:\/\/benjaminescalonilla.info\/LaDeliciaDeLosJardines\/wp-json\/wp\/v2\/types\/page"}],"author":[{"embeddable":true,"href":"https:\/\/benjaminescalonilla.info\/LaDeliciaDeLosJardines\/wp-json\/wp\/v2\/users\/1"}],"replies":[{"embeddable":true,"href":"https:\/\/benjaminescalonilla.info\/LaDeliciaDeLosJardines\/wp-json\/wp\/v2\/comments?post=96"}],"version-history":[{"count":41,"href":"https:\/\/benjaminescalonilla.info\/LaDeliciaDeLosJardines\/wp-json\/wp\/v2\/pages\/96\/revisions"}],"predecessor-version":[{"id":1572,"href":"https:\/\/benjaminescalonilla.info\/LaDeliciaDeLosJardines\/wp-json\/wp\/v2\/pages\/96\/revisions\/1572"}],"wp:attachment":[{"href":"https:\/\/benjaminescalonilla.info\/LaDeliciaDeLosJardines\/wp-json\/wp\/v2\/media?parent=96"}],"curies":[{"name":"wp","href":"https:\/\/api.w.org\/{rel}","templated":true}]}}